{"id":17606,"date":"2024-08-16T12:33:37","date_gmt":"2024-08-16T10:33:37","guid":{"rendered":"https:\/\/bild-staging.wechselpilot.com\/strompreisvergleich\/?page_id=17606"},"modified":"2025-03-12T10:09:13","modified_gmt":"2025-03-12T09:09:13","slug":"stromanbieter-in-bonn","status":"publish","type":"page","link":"https:\/\/bild-staging.wechselpilot.com\/strompreisvergleich\/stromanbieter-in-bonn\/","title":{"rendered":"Stromanbieter in Bonn"},"content":{"rendered":"\n<div class=\"wp-block-group\"><div class=\"wp-block-group__inner-container is-layout-constrained wp-block-group-is-layout-constrained\"><!-- HEADLINE: START -->\n<h1 id='berechnen' title='Stromanbieter in Bonn: Einfach vergleichen und wechseln' class=\"wp_headline mb-6 text-black text-xl lg:text-3xl font-heading font-black  text-left \">\n  Stromanbieter in Bonn: Einfach vergleichen und wechseln<\/h1>\n<!-- HEADLINE: END -->\n\n\n<p>Der wahrscheinlich bekannteste Bonner hatte die Erfindung des elektrischen Stroms nicht mehr miterlebt. In den fast 200 Jahren seit seinem Tod hat sich in der Beethovenstadt aber einiges getan, was die Stromversorgung angeht. Elektrischer Strom ist essenzieller und unverzichtbarere Bestandteil aller Haushalte und das zeigt sich auch an der Menge der Stromtarife und Stromanbieter. Aber nicht alle Vertr\u00e4ge sind gleich. <strong>Bestandsvertr\u00e4ge sind oft teurer als Neukundenvertr\u00e4ge.<\/strong> Wenn Sie Ihren Stromvertrag also schon lange nicht mehr gewechselt haben, lohnt sich auf jeden Fall ein <a href=\"\/strompreisvergleich\/\" data-type=\"page\" data-id=\"13\">Preisvergleich<\/a>. Nur so finden Sie immer den g\u00fcnstigsten Stromanbieter.&nbsp;<\/p>\n\n\n\n<div style=\"height:65px\" aria-hidden=\"true\" class=\"wp-block-spacer\"><\/div>\n\n\n\n<p class=\"has-text-align-center\" id=\"ersparnis-berechnen\">Wie viel sparen Sie mit einem Stromwechsel wirklich? Wir berechnen sofort Ihre potenzielle Ersparnis!<\/p>\n\n\n\n<!-- CALCULATOR: Start -->\n<div class=\"relative\">\n\t<div class=\"relative w-full z-20 shadow\" id='wechselpilot-calculator'\n\t\tdata-widget-type='affiliate-advanced'\n\t\tdata-default-view='electricity'\n\t\tdata-filter-modes='electricity,heatpump,nightstorage'\n\t\tdata-environment='staging'\n\t\tdata-branch='staging'\n\t\tdata-api-token='367a33a3-513f-a4b3-048e-de0418e61999'\n\t\tdata-calculator-refid='bildzeitung'\n\t\tdata-green-only='0'\n\t\tdata-commercial-only='0'\n\t\t>\n\t<\/div>\n<\/div><\/div><\/div>\n\n\n\n<div class=\"wp-block-group\"><div class=\"wp-block-group__inner-container is-layout-constrained wp-block-group-is-layout-constrained\">\n<h2 class=\"wp-block-heading has-wp-black-color has-text-color has-link-color wp-elements-40dde34e60edff94f0c6c9f4c9111859\">Schneller Preisvergleich in Bonn<\/h2>\n\n\n\n<p>Selten den Stromvertrag wechseln oder die bequeme aber oft teurere Grundversorgung zu nutzen, klingt einfach. Fast genauso einfach ist es aber, unseren <a href=\"#ersparnis-berechnen\">Wechselrechner<\/a> zu nutzen. Wenn Sie nur <strong>Ihre Postleitzahl und Ihren j\u00e4hrlichen Stromverbrauch<\/strong> angeben, bekommen Sie eine Auswahl mit den f\u00fcr Sie besten Stromtarifen und eine \u00dcbersicht \u00fcber die jeweiligen Einsparpotenziale. Sobald Sie den passenden Stromtarif gefunden haben, m\u00fcssen Sie sich nur noch entscheiden, ob Sie einmalig wechseln wollen, oder lieber den Wechselservice nutzen. Mit dem Wechselservice wechseln Sie <strong>jedes Jahr automatisch in den f\u00fcr Sie besten Tarif<\/strong> \u2013 und Sie m\u00fcssen sich um gar nichts k\u00fcmmern. Das ist genauso einfach, wie sich jahrelang auf einem zu teuren Stromvertrag auszuruhen, nur dass Sie noch dazu Geld sparen k\u00f6nnen.&nbsp;<\/p>\n<\/div><\/div>\n\n\n\n<div class=\"wp-block-group\"><div class=\"wp-block-group__inner-container is-layout-constrained wp-block-group-is-layout-constrained\">\n<figure class=\"wp-block-image alignwide size-full\"><img loading=\"lazy\" decoding=\"async\" width=\"1254\" height=\"836\" src=\"https:\/\/bild-staging.wechselpilot.com\/strompreisvergleich\/wp-content\/uploads\/Stromanbieter-Bonn.jpg\" alt=\"Stromanbieter in Bonn\" class=\"wp-image-17609\" srcset=\"https:\/\/bild-staging.wechselpilot.com\/strompreisvergleich\/wp-content\/uploads\/Stromanbieter-Bonn.jpg 1254w, https:\/\/bild-staging.wechselpilot.com\/strompreisvergleich\/wp-content\/uploads\/Stromanbieter-Bonn-300x200.jpg 300w, https:\/\/bild-staging.wechselpilot.com\/strompreisvergleich\/wp-content\/uploads\/Stromanbieter-Bonn-1024x683.jpg 1024w, https:\/\/bild-staging.wechselpilot.com\/strompreisvergleich\/wp-content\/uploads\/Stromanbieter-Bonn-768x512.jpg 768w\" sizes=\"auto, (max-width: 1254px) 100vw, 1254px\" \/><figcaption class=\"wp-element-caption\">Sie zahlen zu viel f\u00fcr Ihren Stromvertrag? Dann vergleichen Sie die Stromanbieter in Bonn. (Quelle: iStock)<\/figcaption><\/figure>\n<\/div><\/div>\n\n\n\n<div class=\"wp-block-group\"><div class=\"wp-block-group__inner-container is-layout-constrained wp-block-group-is-layout-constrained\">\n<h2 class=\"wp-block-heading has-wp-black-color has-text-color has-link-color wp-elements-74cbacd96e3d2831875c45e019143b80\">Die Stadtwerke Bonn \u2013 das h\u00e4tte Beethovens Grundversorger sein k\u00f6nnen<\/h2>\n\n\n\n<p>Aktueller Grundversorger im Bonner Stadtgebiet ist die Energie- und Wasserversorgung Bonn\/Rhein-Sieg GmbH (auch SWB Energie und Wasser), die zur Unternehmensgruppe der Stadtwerke Bonn GmbH geh\u00f6rt. Alle drei Jahre stellt der regionale Netzbetreiber den Grundversorger f\u00fcr das Netzgebiet fest. Ausschlaggebend daf\u00fcr ist, welches Unternehmen die meisten Haushaltskunden der Region beliefert. Die letzte Feststellung erfolgte am 1. Juli 2024 f\u00fcr den dreij\u00e4hrigen Zeitraum von 2025 bis 2027. Netzbetreiber in Bonn ist \u00fcbrigens die Bonn-Netz GmbH, ebenfalls Teil der Unternehmensgruppe der Stadtwerke Bonn.\u00a0<\/p>\n\n\n\n<p>Aber was ist eigentlich die Aufgabe von Grundversorgern? Die Grundversorgung ist die <strong>gesetzlich vorgeschriebene Stromversorgung f\u00fcr alle Haushalte in Deutschland.<\/strong> Sie tritt automatisch in Kraft, wenn Sie sich nicht aktiv f\u00fcr einen anderen Stromliefervertrag entscheiden. Falls Sie Ihren Stromvertrag k\u00fcndigen und keinen neuen abschlie\u00dfen, oder wenn Ihr Stromversorger Sie nicht mehr beliefern kann, landen Sie erstmal in der <strong>Ersatzversorgung.<\/strong> Diese ist eine Art Vorstufe der Grundversorgung und wird nach drei Monaten automatisch in einen Grundversorgungstarif umgewandelt. In beiden F\u00e4llen w\u00fcrde Sie der regionale Grundversorger beliefern. In der Grundversorgung zahlen Sie oft mehr als in anderen Stromtarifen, sind aber auch ein bisschen flexibler. Wenn Sie zu einem <a href=\"\/strompreisvergleich\/guenstige-stromanbieter\/\" data-type=\"page\" data-id=\"17262\">g\u00fcnstigeren Stromanbieter<\/a> wechseln wollen, m\u00fcssen Sie nur eine <strong>gesetzliche K\u00fcndigungsfrist von zwei Wochen<\/strong> beachten. In der Ersatzversorgung haben Sie gar keine K\u00fcndigungsfrist.&nbsp;<\/p>\n\n\n\n<p>Der Grundversorger ist gleichzeitig auch ein Stromanbieter wie jeder andere und bietet noch andere Tarife abseits der Grundversorgung an.<\/p>\n<\/div><\/div>\n\n\n\n<div class=\"wp-block-group\"><div class=\"wp-block-group__inner-container is-layout-constrained wp-block-group-is-layout-constrained\">\n<h2 class=\"wp-block-heading has-wp-black-color has-text-color has-link-color wp-elements-bfc816ebebeabd22ea50e235fc9de358\">\u00d6kostrom in Bonn<\/h2>\n\n\n\n<p>Die meisten Stromanbieter in Bonn bieten auch mindestens einen <a href=\"\/strompreisvergleich\/oekostrom\/\" data-type=\"page\" data-id=\"17299\">\u00d6kostromtarif<\/a> an. So auch die Stadtwerke Bonn, die mit dem Tarif Beethoven-Strom f\u00fcr alle Kunden einen Baum im Bonner Stadtwald pflanzen wollen, dem ber\u00fchmten Komponisten aber keine weitere Aktion widmen. Mit \u00d6kostromtarifen wollen Stromanbieter Strom liefern, der <strong>mehrheitlich aus erneuerbaren Energiequellen<\/strong> kommt. Der Strommix setzt sich oft aus erneuerbaren Energien mit Herkunftsnachweis und Strom aus erneuerbaren Energien, die durch die EEG-Umlage finanziert wurde, zusammen. \u00dcber unseren <a href=\"#ersparnis-berechnen\">Vergleichsrechner<\/a> k\u00f6nnen Sie sich auch f\u00fcr einen \u00d6kostromtarif entscheiden.&nbsp;<\/p>\n<\/div><\/div>\n\n\n\n<div class=\"wp-block-group\"><div class=\"wp-block-group__inner-container is-layout-constrained wp-block-group-is-layout-constrained\">\n<h2 class=\"wp-block-heading has-wp-black-color has-text-color has-link-color wp-elements-a6db6dd15c1f2e1442779370bbf7e97c\">Dynamischer Strompreis in Bonn<\/h2>\n\n\n\n<p>Das Angebot an <a href=\"\/strompreisvergleich\/dynamischer-stromtarif\/\" data-type=\"page\" data-id=\"17229\">dynamischen Stromtarifen<\/a> in Bonn ist aktuell noch sehr \u00fcbersichtlich. Ab 2025 wird sich das aber \u00e4ndern. Ab dann m\u00fcssen laut EU-Verordnung alle Stromanbieter <strong>mindestens einen dynamischen Stromtarif anbieten<\/strong> und ihren Kunden au\u00dferdem die M\u00f6glichkeit bieten, eine Kombination aus Festpreisvertrag und dynamischem Stromvertrag zusammenzustellen. So sollen Verbraucher einerseits vor pl\u00f6tzlichen Preisschocks gesch\u00fctzt werden und andererseits die zwischenzeitlich niedrigen Preise von dynamischen Tarifen nutzen k\u00f6nnen. Die Preise von dynamischen Stromtarifen orientieren sich n\u00e4mlich an den <strong>B\u00f6rsenstrompreisen<\/strong> und k\u00f6nnen deswegen st\u00fcndlich schwanken. Somit sind sie manchmal deutlich g\u00fcnstiger als der durchschnittliche Strompreis anderer Vertr\u00e4ge, manchmal aber auch teurer. Um einen dynamischen Strompreis also wirklich sinnvoll zu nutzen, sollten Sie Ihren Stromverbrauch im Voraus planen k\u00f6nnen und an die Zeiten mit niedrigen Preisen anpassen.&nbsp;<\/p>\n<\/div><\/div>\n","protected":false},"excerpt":{"rendered":"<p>Der wahrscheinlich bekannteste Bonner hatte die Erfindung des elektrischen Stroms nicht mehr miterlebt. In den fast 200 Jahren seit seinem Tod hat sich in der Beethovenstadt aber einiges getan, was die Stromversorgung angeht. Elektrischer Strom ist essenzieller und unverzichtbarere Bestandteil aller Haushalte und das zeigt sich auch an der Menge der Stromtarife und Stromanbieter. Aber [&hellip;]<\/p>\n","protected":false},"author":15,"featured_media":0,"parent":0,"menu_order":0,"comment_status":"closed","ping_status":"closed","template":"","meta":{"_acf_changed":false,"inline_featured_image":false,"footnotes":""},"class_list":["post-17606","page","type-page","status-publish","hentry"],"acf":[],"_links":{"self":[{"href":"https:\/\/bild-staging.wechselpilot.com\/strompreisvergleich\/wp-json\/wp\/v2\/pages\/17606","targetHints":{"allow":["GET"]}}],"collection":[{"href":"https:\/\/bild-staging.wechselpilot.com\/strompreisvergleich\/wp-json\/wp\/v2\/pages"}],"about":[{"href":"https:\/\/bild-staging.wechselpilot.com\/strompreisvergleich\/wp-json\/wp\/v2\/types\/page"}],"author":[{"embeddable":true,"href":"https:\/\/bild-staging.wechselpilot.com\/strompreisvergleich\/wp-json\/wp\/v2\/users\/15"}],"replies":[{"embeddable":true,"href":"https:\/\/bild-staging.wechselpilot.com\/strompreisvergleich\/wp-json\/wp\/v2\/comments?post=17606"}],"version-history":[{"count":5,"href":"https:\/\/bild-staging.wechselpilot.com\/strompreisvergleich\/wp-json\/wp\/v2\/pages\/17606\/revisions"}],"predecessor-version":[{"id":18000,"href":"https:\/\/bild-staging.wechselpilot.com\/strompreisvergleich\/wp-json\/wp\/v2\/pages\/17606\/revisions\/18000"}],"wp:attachment":[{"href":"https:\/\/bild-staging.wechselpilot.com\/strompreisvergleich\/wp-json\/wp\/v2\/media?parent=17606"}],"curies":[{"name":"wp","href":"https:\/\/api.w.org\/{rel}","templated":true}]}}