{"id":17599,"date":"2024-08-16T12:14:06","date_gmt":"2024-08-16T10:14:06","guid":{"rendered":"https:\/\/bild-staging.wechselpilot.com\/strompreisvergleich\/?page_id=17599"},"modified":"2024-09-23T14:00:25","modified_gmt":"2024-09-23T12:00:25","slug":"stromanbieter-in-karlsruhe","status":"publish","type":"page","link":"https:\/\/bild-staging.wechselpilot.com\/strompreisvergleich\/stromanbieter-in-karlsruhe\/","title":{"rendered":"Stromanbieter in Karlsruhe"},"content":{"rendered":"\n<div class=\"wp-block-group\"><div class=\"wp-block-group__inner-container is-layout-constrained wp-block-group-is-layout-constrained\"><!-- HEADLINE: START -->\n<h1 id='berechnen' title='Stromanbieter in Karlsruhe \u2013 Zahlen Sie zu viel?' class=\"wp_headline mb-6 text-black text-xl lg:text-3xl font-heading font-black  text-left \">\n  Stromanbieter in Karlsruhe \u2013 Zahlen Sie zu viel?<\/h1>\n<!-- HEADLINE: END -->\n\n\n<p>Wie in ganz Deutschland haben auch die Stromanbieter in Karlsruhe in den letzten Jahren ihre Preise stark erh\u00f6ht. Da die Strompreise aktuell aber wieder auf Sinkflug sind, k\u00f6nnen sich Haushalte und Verbraucher wieder \u00fcber g\u00fcnstigere Vertr\u00e4ge freuen. Das gilt aber <strong>meistens nur f\u00fcr Neukunden,<\/strong> weil bei Vertragsabschluss oft noch Boni und Pr\u00e4mien dazukommen, die mit dem Strompreis verrechnet werden. Bestandskunden k\u00f6nnen diesen Vorteil nicht nutzen. Deswegen lohnt es sich, regelm\u00e4\u00dfig die Strompreise zu vergleichen, damit Sie immer den besten Stromtarif finden.\u00a0<\/p>\n\n\n\n<div style=\"height:65px\" aria-hidden=\"true\" class=\"wp-block-spacer\"><\/div>\n\n\n\n<p class=\"has-text-align-center\" id=\"ersparnis-berechnen\">Wie viel sparen Sie mit einem Stromwechsel wirklich? Wir berechnen sofort Ihre potenzielle Ersparnis!<\/p>\n\n\n\n<!-- CALCULATOR: Start -->\n<div class=\"relative\">\n\t<div class=\"relative w-full z-20 shadow\" id='wechselpilot-calculator'\n\t\tdata-widget-type='affiliate-advanced'\n\t\tdata-default-view='electricity'\n\t\tdata-filter-modes='electricity,heatpump,nightstorage'\n\t\tdata-environment='staging'\n\t\tdata-branch='staging'\n\t\tdata-api-token='367a33a3-513f-a4b3-048e-de0418e61999'\n\t\tdata-calculator-refid='bildzeitung'\n\t\tdata-green-only='0'\n\t\tdata-commercial-only='0'\n\t\t>\n\t<\/div>\n<\/div><\/div><\/div>\n\n\n\n<div class=\"wp-block-group\"><div class=\"wp-block-group__inner-container is-layout-constrained wp-block-group-is-layout-constrained\">\n<h2 class=\"wp-block-heading has-wp-black-color has-text-color has-link-color wp-elements-b5bbc97e08d5dc3fae9ff9fe1b9bac2a\">Ihr Grundversorger in Karlsruhe: Die Karlsruher Stadtwerke<\/h2>\n\n\n\n<p>Aktueller Grundversorger im Netzgebiet Karlsruhe ist die Stadtwerke Karlsruhe GmbH. Grundversorger werden immer mit einer Laufzeit von drei Jahren durch den regionalen Netzbetreiber bestimmt. Nachdem die Stadtwerke Karlsruhe von Januar 2021 bis Dezember 2024 Grundversorger waren, hat der Netzbetreiber sie am 1. Juli 2024 f\u00fcr den n\u00e4chsten Zeitraum von 2025 bis 2027 erneut als Grundversorger festgelegt. Die Entscheidung richtet sich danach, wer <strong>die meisten Haushaltskunden der Region beliefert.<\/strong>&nbsp;&nbsp;<\/p>\n\n\n\n<p>Netzbetreiber in Karlsruhe ist \u00fcbrigens die Stadtwerke Karlsruhe Netzservice GmbH. Sie ist Teil der Unternehmensgruppe der Stadtwerke Karlsruhe GmbH, die \u00fcber die KVVH-Karlsruher Versorgungs-, Verkehrs- und Hafen GmbH zu 80 Prozent der Stadt Karlsruhe geh\u00f6rt. Die restlichen 20 Prozent der Anteile liegen bei der EnBW Kommunale Beteiligungen GmbH. Die Stadtwerke Karlsruhe halten 100 Prozent der Anteile an der Stadtwerke Karlsruhe Netzservice GmbH.&nbsp;<\/p>\n\n\n\n<p>Was bedeutete es, Grundversorger zu sein? Die Grundversorgung ist die <strong>gesetzlich geregelte Stromversorgung<\/strong> f\u00fcr Haushalte, die sich nicht aktiv f\u00fcr einen anderen Stromtarif entschieden. Wenn Sie also noch nie Ihren Stromanbieter gewechselt haben, stecken Sie wahrscheinlich in der Grundversorgung. Falls Sie Ihren Stromvertrag gek\u00fcndigt haben oder Ihr Stromversorger die Belieferung einstellt, bekommen Sie Ihren Strom vorerst \u00fcber die Ersatzversorgung. Diese l\u00e4uft maximal drei Monate, danach wechseln Sie automatisch in den Grundversorgungstarif. Sowohl Grund- als auch Ersatzversorgung sind meistens teurer als andere Stromtarife, daf\u00fcr kommen Sie aber auch schneller wieder aus dem Vertrag raus. Wenn Sie zu einem <a href=\"\/strompreisvergleich\/guenstige-stromanbieter\/\" data-type=\"page\" data-id=\"17262\">g\u00fcnstigeren Stromanbieter<\/a> wechseln wollen, haben Sie in der Grundversorgung eine <strong>gesetzliche K\u00fcndigungsfrist von zwei Wochen.<\/strong> In der Ersatzversorgung m\u00fcssen Sie gar keine K\u00fcndigungsfrist beachten.<\/p>\n<\/div><\/div>\n\n\n\n<div class=\"wp-block-group\"><div class=\"wp-block-group__inner-container is-layout-constrained wp-block-group-is-layout-constrained\">\n<figure class=\"wp-block-image alignwide size-full\"><img loading=\"lazy\" decoding=\"async\" width=\"1609\" height=\"652\" src=\"https:\/\/bild-staging.wechselpilot.com\/strompreisvergleich\/wp-content\/uploads\/Stromanbieter-Karslruhe.jpg\" alt=\"Stromanbieter in Karlsruhe\" class=\"wp-image-17600\" srcset=\"https:\/\/bild-staging.wechselpilot.com\/strompreisvergleich\/wp-content\/uploads\/Stromanbieter-Karslruhe.jpg 1609w, https:\/\/bild-staging.wechselpilot.com\/strompreisvergleich\/wp-content\/uploads\/Stromanbieter-Karslruhe-300x122.jpg 300w, https:\/\/bild-staging.wechselpilot.com\/strompreisvergleich\/wp-content\/uploads\/Stromanbieter-Karslruhe-1024x415.jpg 1024w, https:\/\/bild-staging.wechselpilot.com\/strompreisvergleich\/wp-content\/uploads\/Stromanbieter-Karslruhe-768x311.jpg 768w, https:\/\/bild-staging.wechselpilot.com\/strompreisvergleich\/wp-content\/uploads\/Stromanbieter-Karslruhe-1536x622.jpg 1536w\" sizes=\"auto, (max-width: 1609px) 100vw, 1609px\" \/><figcaption class=\"wp-element-caption\">Sie wollen mit Ihrem Stromvertrag Geld sparen? Dann vergleichen Sie Stromanbieter in Karlsruhe. (Quelle: iStock)<\/figcaption><\/figure>\n<\/div><\/div>\n\n\n\n<div class=\"wp-block-group\"><div class=\"wp-block-group__inner-container is-layout-constrained wp-block-group-is-layout-constrained\">\n<h2 class=\"wp-block-heading has-wp-black-color has-text-color has-link-color wp-elements-4a69f3aaaf6390abd2b35cada6af87bd\">Einfach und schnell Stromanbieter in Karlsruhe vergleichen<\/h2>\n\n\n\n<p>Wenn Sie glauben, dass Sie zu viel f\u00fcr Ihren Strom bezahlen, oder sogar die meist teurere Grundversorgung beziehen, sollten Sie die Stromanbieter in Karlsruhe vergleichen. Das tun Sie am besten \u00fcber unseren <a href=\"#ersparnis-berechnen\">Vergleichsrechner<\/a>. Daf\u00fcr geben Sie nur <strong>Ihre Postleitzahl und Ihren j\u00e4hrlichen Stromverbrauch<\/strong> an und bekommen eine Tarif\u00fcbersicht mit den jeweiligen Einsparpotenzialen und einer Bewertung zum Stromanbieter. Sobald Sie sich f\u00fcr den Tarif entschieden haben, der am besten zu Ihnen passt, m\u00fcssen Sie nur noch ausw\u00e4hlen, ob Sie nur einmalig wechseln wollen oder lieber unseren <a href=\"\/strompreisvergleich\/wechselservice\/\" data-type=\"page\" data-id=\"17214\">Wechselservice<\/a> nutzen. Mit dem Wechselservice wechseln Sie <strong>jedes Jahr automatisch<\/strong> in den f\u00fcr Sie besten Tarif \u2013 und Sie k\u00f6nnen sich entspannt zur\u00fccklehnen und ganz entspannt Geld sparen.<\/p>\n<\/div><\/div>\n\n\n\n<div class=\"wp-block-group\"><div class=\"wp-block-group__inner-container is-layout-constrained wp-block-group-is-layout-constrained\">\n<h2 class=\"wp-block-heading has-wp-black-color has-text-color has-link-color wp-elements-172b61d939ec42b4155ac9009db64790\">\u00d6kostrom in Karlsruhe<\/h2>\n\n\n\n<p>Fast alle Stromanbieter in Karlsruhe haben auch mindestens einen <a href=\"\/strompreisvergleich\/oekostrom\/\" data-type=\"page\" data-id=\"17299\">\u00d6kostromtarif<\/a> im Angebot. Die meisten Versorger wollen also Strom liefern, der mehrheitlich aus erneuerbaren Energien gewonnen wurde. Wenn Sie einen \u00d6kostromtarif abschlie\u00dfen, sorgen Sie also daf\u00fcr, dass Ihr Stromanbieter an der Energieb\u00f6rse mehr nachhaltigen Strom einkaufen muss und weniger aus fossilen Quellen. Daf\u00fcr ist dann der Anteil an <strong>erneuerbarer Energie am Strommix<\/strong> des Versorgers h\u00f6her. F\u00fcr Sie pers\u00f6nlich \u00e4ndert sich aber \u00fcberhaupt nichts. Sie k\u00f6nnen Ihren Strom weiterhin nutzen wie vorher. Nicht einmal im Preis w\u00fcrden Sie gro\u00dfe Unterschiede bemerken, heutzutage sind \u00d6kostrom und herk\u00f6mmlicher Strom <strong>auf einem gleichen Preisniveau.<\/strong> Manchmal sind \u00d6kotarife sogar die preiswertere Variante. Welcher \u00d6kotarif sich f\u00fcr Sie lohnt, k\u00f6nnen Sie \u00fcbrigens auch \u00fcber unseren <a href=\"#ersparnis-berechnen\">Vergleichsrechner<\/a> herausfinden.\u00a0<\/p>\n<\/div><\/div>\n\n\n\n<div class=\"wp-block-group\"><div class=\"wp-block-group__inner-container is-layout-constrained wp-block-group-is-layout-constrained\">\n<h2 class=\"wp-block-heading has-wp-black-color has-text-color has-link-color wp-elements-dcf3d32e70c3013a9e968dd3dcdc4e17\">Dynamischer Strompreis in Karlsruhe<\/h2>\n\n\n\n<p>Das Angebot an <a href=\"\/strompreisvergleich\/dynamischer-stromtarif\/\" data-type=\"page\" data-id=\"17229\">dynamischen Stromtarifen<\/a> in Karlsruhe ist aktuell noch recht \u00fcbersichtlich. Sobald die j\u00fcngste Strommarktreform der EU in Deutschland umgesetzt wird, \u00e4ndert sich das aber, denn dann muss jeder Stromanbieter auch <strong>mindestens einen dynamischen Stromtarif<\/strong> anbieten. Dynamische Stromtarife zeichnen sich dadurch aus, dass sie keinen festen Arbeitspreis pro kWh haben. Stattdessen orientiert er sich am B\u00f6rsenstrompreis und kann deswegen st\u00fcndlich schwanken. Je nach Tageszeit kann er also teurer oder g\u00fcnstiger sein als der durchschnittliche Strompreis. Um einen dynamischen Stromtarif also wirklich optimal zu nutzen, sollten Sie Ihren Stromverbrauch an die niedrigen Strompreise anpassen k\u00f6nnen. Es ist also Weitsicht und Planung gefragt.\u00a0<\/p>\n<\/div><\/div>\n","protected":false},"excerpt":{"rendered":"<p>Wie in ganz Deutschland haben auch die Stromanbieter in Karlsruhe in den letzten Jahren ihre Preise stark erh\u00f6ht. Da die Strompreise aktuell aber wieder auf Sinkflug sind, k\u00f6nnen sich Haushalte und Verbraucher wieder \u00fcber g\u00fcnstigere Vertr\u00e4ge freuen. Das gilt aber meistens nur f\u00fcr Neukunden, weil bei Vertragsabschluss oft noch Boni und Pr\u00e4mien dazukommen, die mit [&hellip;]<\/p>\n","protected":false},"author":15,"featured_media":0,"parent":0,"menu_order":0,"comment_status":"closed","ping_status":"closed","template":"","meta":{"_acf_changed":false,"inline_featured_image":false,"footnotes":""},"class_list":["post-17599","page","type-page","status-publish","hentry"],"acf":[],"_links":{"self":[{"href":"https:\/\/bild-staging.wechselpilot.com\/strompreisvergleich\/wp-json\/wp\/v2\/pages\/17599","targetHints":{"allow":["GET"]}}],"collection":[{"href":"https:\/\/bild-staging.wechselpilot.com\/strompreisvergleich\/wp-json\/wp\/v2\/pages"}],"about":[{"href":"https:\/\/bild-staging.wechselpilot.com\/strompreisvergleich\/wp-json\/wp\/v2\/types\/page"}],"author":[{"embeddable":true,"href":"https:\/\/bild-staging.wechselpilot.com\/strompreisvergleich\/wp-json\/wp\/v2\/users\/15"}],"replies":[{"embeddable":true,"href":"https:\/\/bild-staging.wechselpilot.com\/strompreisvergleich\/wp-json\/wp\/v2\/comments?post=17599"}],"version-history":[{"count":5,"href":"https:\/\/bild-staging.wechselpilot.com\/strompreisvergleich\/wp-json\/wp\/v2\/pages\/17599\/revisions"}],"predecessor-version":[{"id":17605,"href":"https:\/\/bild-staging.wechselpilot.com\/strompreisvergleich\/wp-json\/wp\/v2\/pages\/17599\/revisions\/17605"}],"wp:attachment":[{"href":"https:\/\/bild-staging.wechselpilot.com\/strompreisvergleich\/wp-json\/wp\/v2\/media?parent=17599"}],"curies":[{"name":"wp","href":"https:\/\/api.w.org\/{rel}","templated":true}]}}