{"id":17592,"date":"2024-08-14T14:29:00","date_gmt":"2024-08-14T12:29:00","guid":{"rendered":"https:\/\/bild-staging.wechselpilot.com\/strompreisvergleich\/?page_id=17592"},"modified":"2025-03-12T10:25:08","modified_gmt":"2025-03-12T09:25:08","slug":"stromanbieter-in-mainz","status":"publish","type":"page","link":"https:\/\/bild-staging.wechselpilot.com\/strompreisvergleich\/stromanbieter-in-mainz\/","title":{"rendered":"Stromanbieter in Mainz"},"content":{"rendered":"\n<div class=\"wp-block-group\"><div class=\"wp-block-group__inner-container is-layout-constrained wp-block-group-is-layout-constrained\"><!-- HEADLINE: START -->\n<h1 id='berechnen' title='Stromanbieter in Mainz \u2013 Preise vergleichen und den besten Stromtarif finden' class=\"wp_headline mb-6 text-black text-xl lg:text-3xl font-heading font-black  text-left \">\n  Stromanbieter in Mainz \u2013 Preise vergleichen und den besten Stromtarif finden<\/h1>\n<!-- HEADLINE: END -->\n\n\n<p>Die Strompreise sind zwar wieder auf einem Abw\u00e4rtstrend, das haben aber noch nicht alle mitbekommen, und genau das nutzen Stromanbieter gerne aus. Besonders wenn Sie 2022 oder 2023 auf der Suche nach einem bezahlbaren Preis einen Stromvertrag abgeschlossen haben, zahlen Sie aktuell sehr wahrscheinlich <strong>deutlich mehr als es eigentlich n\u00f6tig ist.<\/strong> Der Durchschnittspreis f\u00fcr Neukunden liegt deutlich unter dem Durchschnittspreis f\u00fcr alle Vertr\u00e4ge \u2013 ein Wechsel lohnt sich also! Wie Sie ganz einfach die Stromanbieter in Mainz vergleichen und den f\u00fcr Sie besten Tarif finden, erfahren Sie hier!&nbsp;<\/p>\n\n\n\n<div style=\"height:65px\" aria-hidden=\"true\" class=\"wp-block-spacer\"><\/div>\n\n\n\n<p class=\"has-text-align-center\" id=\"ersparnis-berechnen\">Wie viel sparen Sie mit einem Stromwechsel wirklich? Wir berechnen sofort Ihre potenzielle Ersparnis!<\/p>\n\n\n\n<!-- CALCULATOR: Start -->\n<div class=\"relative\">\n\t<div class=\"relative w-full z-20 shadow\" id='wechselpilot-calculator'\n\t\tdata-widget-type='affiliate-advanced'\n\t\tdata-default-view='electricity'\n\t\tdata-filter-modes='electricity,heatpump,nightstorage'\n\t\tdata-environment='staging'\n\t\tdata-branch='staging'\n\t\tdata-api-token='367a33a3-513f-a4b3-048e-de0418e61999'\n\t\tdata-calculator-refid='bildzeitung'\n\t\tdata-green-only='0'\n\t\tdata-commercial-only='0'\n\t\t>\n\t<\/div>\n<\/div><\/div><\/div>\n\n\n\n<div class=\"wp-block-group\"><div class=\"wp-block-group__inner-container is-layout-constrained wp-block-group-is-layout-constrained\">\n<h2 class=\"wp-block-heading has-wp-black-color has-text-color has-link-color wp-elements-31f2885170425183ea39ab2701c01cfe\">Grundversorger in Mainz \u2013 ENTEGA PLUS<\/h2>\n\n\n\n<p>Vom Januar 2025 bis Dezember 2027 ist der Grundversorger in Mainz <strong>die ENTEGA PLUS GmbH.<\/strong> Der regionale Netzbetreiber bestimmt den Grundversorger immer auf eine Laufzeit von drei Jahren und muss ihn ein halbes Jahr vor Beginn des Zeitraums festlegen, also alle drei Jahre zum 1. Juli. Die Festlegung richtet sich immer danach, welches Unternehmen <strong>die meisten Haushaltskunden<\/strong> der jeweiligen Region beliefert. Der Netzbetreiber in Mainz ist \u00fcbrigens die Mainzer Netze GmbH, die Teil der Unternehmensgruppe Mainzer Stadtwerke sind. Die ENTEGA PLUS GmbH ist nicht Teil dieser Unternehmensgruppe.\u00a0<\/p>\n\n\n\n<p>Aber was macht Ihr Grundversorger \u00fcberhaupt? Die Grundversorgung ist <strong>eine gesetzliche Leistung,<\/strong> die alle Haushalte einer Region mit Strom versorgt, die sich nicht aktiv f\u00fcr einen anderen Stromtarif entschieden haben. Gemeinsam mit der Ersatzversorgung sorgt sie daf\u00fcr, dass alle Haushalte <strong>immer und jederzeit Strom nutzen<\/strong> k\u00f6nnen. Die Ersatzversorgung greift, wenn Sie Ihren Stromvertrag k\u00fcndigen, ohne einen neuen abzuschlie\u00dfen, oder wenn Ihr Versorger die Belieferung einstellt. In der Ersatzversorgung bleiben Sie maximal drei Monate, danach wird der Tarif automatisch zu einem Grundversorgungstarif umgewandelt. Grund- und Ersatzversorgung sind meistens teurer als andere Stromtarife. Daf\u00fcr kommen Sie aber auch schneller aus diesen Tarifen raus. Finden Sie einen <a href=\"\/strompreisvergleich\/guenstige-stromanbieter\/\" data-type=\"page\" data-id=\"17262\">g\u00fcnstigeren Stromanbieter<\/a> in Mainz haben Sie in der Grundversorgung eine <strong>gesetzliche K\u00fcndigungsfrist von zwei Wochen.<\/strong> In der Ersatzversorgung m\u00fcssen Sie \u00fcberhaupt keine K\u00fcndigungsfrist beachten.<\/p>\n<\/div><\/div>\n\n\n\n<div class=\"wp-block-group\"><div class=\"wp-block-group__inner-container is-layout-constrained wp-block-group-is-layout-constrained\">\n<figure class=\"wp-block-image alignwide size-full\"><img loading=\"lazy\" decoding=\"async\" width=\"1183\" height=\"887\" src=\"https:\/\/bild-staging.wechselpilot.com\/strompreisvergleich\/wp-content\/uploads\/Stromanbieter-Mainz.jpg\" alt=\"Stromanbieter in Mainz\" class=\"wp-image-17593\" srcset=\"https:\/\/bild-staging.wechselpilot.com\/strompreisvergleich\/wp-content\/uploads\/Stromanbieter-Mainz.jpg 1183w, https:\/\/bild-staging.wechselpilot.com\/strompreisvergleich\/wp-content\/uploads\/Stromanbieter-Mainz-300x225.jpg 300w, https:\/\/bild-staging.wechselpilot.com\/strompreisvergleich\/wp-content\/uploads\/Stromanbieter-Mainz-1024x768.jpg 1024w, https:\/\/bild-staging.wechselpilot.com\/strompreisvergleich\/wp-content\/uploads\/Stromanbieter-Mainz-768x576.jpg 768w\" sizes=\"auto, (max-width: 1183px) 100vw, 1183px\" \/><figcaption class=\"wp-element-caption\">Vergleichen Sie die Stromanbieter in Mainz und finden Sie den f\u00fcr Sie besten Stromtarif. (Quelle: iStock)<\/figcaption><\/figure>\n<\/div><\/div>\n\n\n\n<div class=\"wp-block-group\"><div class=\"wp-block-group__inner-container is-layout-constrained wp-block-group-is-layout-constrained\">\n<h2 class=\"wp-block-heading has-wp-black-color has-text-color has-link-color wp-elements-e0db4592cc252685357d3c57e23f1d69\">So finden Sie schnell und einfach die besten Stromanbieter in Mainz<\/h2>\n\n\n\n<p>Um den f\u00fcr Sie passendsten Stromanbieter in Mainz zu finden, f\u00fchren Sie am besten einen Preisvergleich durch. Aber nicht irgendeinen Preisvergleich. Am einfachsten geht das, indem Sie unseren <a href=\"#ersparnis-berechnen\">Vergleichsrechner<\/a> nutzen. Daf\u00fcr geben Sie nur <strong>Ihre Postleitzahl und Ihren j\u00e4hrlichen Stromverbrauch<\/strong> an und Sie bekommen eine Tarif\u00fcbersicht mit den jeweiligen Einsparpotenzialen und einer Bewertung des Stromanbieters. Sobald Sie einen Stromtarif ausgew\u00e4hlt haben, m\u00fcssen Sie sich nur noch entscheiden, ob Sie nur einmalig wechseln wollen oder lieber unseren Wechselservice nutzen. Mit dem Wechselservice wechseln Sie <strong>jedes Jahr automatisch<\/strong> in den f\u00fcr Sie besten Stromtarif \u2013 und Sie m\u00fcssen sich um gar nichts mehr k\u00fcmmern.&nbsp;&nbsp;<\/p>\n<\/div><\/div>\n\n\n\n<div class=\"wp-block-group\"><div class=\"wp-block-group__inner-container is-layout-constrained wp-block-group-is-layout-constrained\">\n<h2 class=\"wp-block-heading has-wp-black-color has-text-color has-link-color wp-elements-53933604e2a80d1f2124045a0c02492a\">\u00d6kostromanbieter in Mainz<\/h2>\n\n\n\n<p>Fast alle Stromanbieter in Mainz bieten auch mindestens einen Tarif mit <a href=\"\/strompreisvergleich\/oekostrom\/\" data-type=\"page\" data-id=\"17299\">\u00d6kostrom<\/a> an. Entscheiden Sie sich f\u00fcr so einen Tarif, bedeutet das, dass Ihr Stromanbieter Strom aus mehrheitlich Erneuerbaren Energien liefern will. Der Unterschied zu Strom aus fossilen Quellen ist dabei einzig und allein, dass er <strong>aus nachhaltigen, regenerativen und umweltschonenden Quellen<\/strong> gewonnen wird. Auf den Verbrauch in Ihrem Haushalt hat die Umstellung auf \u00d6kostrom \u00fcberhaupt keine Auswirkungen. Zumal nicht Sie pers\u00f6nlich den \u00d6kostrom beziehen. Stattdessen beeinflusst Ihre Entscheidung den gesamten Strommix des Unternehmens und die Menge an \u00d6kostrom, die an der Energieb\u00f6rse eingekauft werden muss. F\u00fcr Ihren Haushalt macht sich heutzutage <strong>nicht einmal der Preis<\/strong> gro\u00dfartig bemerkbar. Die Preisniveaus von \u00d6kostrom und herk\u00f6mmlichem Strom haben sich inzwischen angeglichen, manchmal ist \u00d6kostrom sogar die g\u00fcnstigere Variante. Mit unserem <a href=\"#ersparnis-berechnen\">Vergleichsrechner<\/a> k\u00f6nnen Sie \u00fcbrigens auch herausfinden, ob sich ein \u00d6kostromtarif f\u00fcr Sie lohnt.&nbsp;<\/p>\n<\/div><\/div>\n\n\n\n<div class=\"wp-block-group\"><div class=\"wp-block-group__inner-container is-layout-constrained wp-block-group-is-layout-constrained\">\n<h2 class=\"wp-block-heading has-wp-black-color has-text-color has-link-color wp-elements-ce3224ea74d7d621304d509c19aedb60\">Dynamischer Stromtarif in Mainz<\/h2>\n\n\n\n<p>Aktuell ist das Angebot an <a href=\"\/strompreisvergleich\/dynamischer-stromtarif\/\" data-type=\"page\" data-id=\"17229\">dynamischen Stromtarifen<\/a> in Mainz noch deutlich magerer. Das wird sich voraussichtlich schon sehr bald \u00e4ndern, wenn die Strommarktreform der EU in Deutschland umgesetzt wird. Demnach muss jeder Stromanbieter <strong>mindestens einen dynamischen Stromtarif<\/strong> (auch Flextarif genannt) anbieten. Die wichtigste Eigenschaft von dynamischen Stromtarifen ist, dass sie keinen festen gleichbleibenden Arbeitspreis pro kWh haben. Stattdessen orientiert sich dieser am B\u00f6rsenstrompreis und <strong>variiert deswegen st\u00fcndlich.<\/strong> Zu manchen Zeiten kann er deswegen deutlich unter dem durchschnittlichen Strompreis liegen, zu anderen Zeiten aber auch dar\u00fcber. Es ist also Weitsicht gefragt, wenn Sie einen dynamischen Stromtarif wirklich optimal nutzen wollen. Sie sollten Ihren Stromverbrauch am besten an die Zeiten mit niedrigen Preisen anpassen k\u00f6nnen.&nbsp;<\/p>\n<\/div><\/div>\n","protected":false},"excerpt":{"rendered":"<p>Die Strompreise sind zwar wieder auf einem Abw\u00e4rtstrend, das haben aber noch nicht alle mitbekommen, und genau das nutzen Stromanbieter gerne aus. Besonders wenn Sie 2022 oder 2023 auf der Suche nach einem bezahlbaren Preis einen Stromvertrag abgeschlossen haben, zahlen Sie aktuell sehr wahrscheinlich deutlich mehr als es eigentlich n\u00f6tig ist. Der Durchschnittspreis f\u00fcr Neukunden [&hellip;]<\/p>\n","protected":false},"author":15,"featured_media":0,"parent":0,"menu_order":0,"comment_status":"closed","ping_status":"closed","template":"","meta":{"_acf_changed":false,"inline_featured_image":false,"footnotes":""},"class_list":["post-17592","page","type-page","status-publish","hentry"],"acf":[],"_links":{"self":[{"href":"https:\/\/bild-staging.wechselpilot.com\/strompreisvergleich\/wp-json\/wp\/v2\/pages\/17592","targetHints":{"allow":["GET"]}}],"collection":[{"href":"https:\/\/bild-staging.wechselpilot.com\/strompreisvergleich\/wp-json\/wp\/v2\/pages"}],"about":[{"href":"https:\/\/bild-staging.wechselpilot.com\/strompreisvergleich\/wp-json\/wp\/v2\/types\/page"}],"author":[{"embeddable":true,"href":"https:\/\/bild-staging.wechselpilot.com\/strompreisvergleich\/wp-json\/wp\/v2\/users\/15"}],"replies":[{"embeddable":true,"href":"https:\/\/bild-staging.wechselpilot.com\/strompreisvergleich\/wp-json\/wp\/v2\/comments?post=17592"}],"version-history":[{"count":6,"href":"https:\/\/bild-staging.wechselpilot.com\/strompreisvergleich\/wp-json\/wp\/v2\/pages\/17592\/revisions"}],"predecessor-version":[{"id":18013,"href":"https:\/\/bild-staging.wechselpilot.com\/strompreisvergleich\/wp-json\/wp\/v2\/pages\/17592\/revisions\/18013"}],"wp:attachment":[{"href":"https:\/\/bild-staging.wechselpilot.com\/strompreisvergleich\/wp-json\/wp\/v2\/media?parent=17592"}],"curies":[{"name":"wp","href":"https:\/\/api.w.org\/{rel}","templated":true}]}}