{"id":17588,"date":"2024-08-14T14:12:10","date_gmt":"2024-08-14T12:12:10","guid":{"rendered":"https:\/\/bild-staging.wechselpilot.com\/strompreisvergleich\/?page_id=17588"},"modified":"2025-03-12T10:10:28","modified_gmt":"2025-03-12T09:10:28","slug":"stromanbieter-in-bremen","status":"publish","type":"page","link":"https:\/\/bild-staging.wechselpilot.com\/strompreisvergleich\/stromanbieter-in-bremen\/","title":{"rendered":"Stromanbieter in Bremen"},"content":{"rendered":"\n<div class=\"wp-block-group\"><div class=\"wp-block-group__inner-container is-layout-constrained wp-block-group-is-layout-constrained\"><!-- HEADLINE: START -->\n<h1 id='berechnen' title='Strompreis in Bremen' class=\"wp_headline mb-6 text-black text-xl lg:text-3xl font-heading font-black  text-left \">\n  Strompreis in Bremen<\/h1>\n<!-- HEADLINE: END -->\n\n\n<p>Steigt der Strompreis beschweren sich alle, sinkt er aber, kriegt das niemand mit. Das liegt daran, dass Stromanbieter steigende Strompreise stets an die Kunden weitergeben, sinkende Preise hingegen nicht. Die Kunden m\u00fcssen sich selbst darum k\u00fcmmern. Um immer den g\u00fcnstigsten Strompreis zu finden, sollten Sie also <strong>regelm\u00e4\u00dfig Preise vergleichen<\/strong> und vor allem regelm\u00e4\u00dfig den <a href=\"\/strompreisvergleich\/stromanbieter-wechseln\/\" data-type=\"page\" data-id=\"17255\">Stromanbieter wechseln<\/a> \u2013 am besten jedes Jahr. Wenn Sie wechseln, profitieren Sie n\u00e4mlich von <strong>Neukundenboni.<\/strong> Diese werden mit dem monatlichen Strompreis verrechnet und fallen normalerweise nach dem ersten Vertragsjahr weg. Selbst wenn Sie einen g\u00fcnstigen Stromvertrag gefunden haben, werden Sie nach dem ersten Jahr sehr wahrscheinlich zu viel zahlen. Hier erfahren Sie, was Sie \u00fcber Strompreise und Stromanbieter in Bremen wissen sollten, und wie Sie am besten wechseln!&nbsp;<\/p>\n\n\n\n<div style=\"height:65px\" aria-hidden=\"true\" class=\"wp-block-spacer\"><\/div>\n\n\n\n<p class=\"has-text-align-center\" id=\"ersparnis-berechnen\">Wie viel sparen Sie mit einem Stromwechsel wirklich? Wir berechnen sofort Ihre potenzielle Ersparnis!<\/p>\n\n\n\n<!-- CALCULATOR: Start -->\n<div class=\"relative\">\n\t<div class=\"relative w-full z-20 shadow\" id='wechselpilot-calculator'\n\t\tdata-widget-type='affiliate-advanced'\n\t\tdata-default-view='electricity'\n\t\tdata-filter-modes='electricity,heatpump,nightstorage'\n\t\tdata-environment='staging'\n\t\tdata-branch='staging'\n\t\tdata-api-token='367a33a3-513f-a4b3-048e-de0418e61999'\n\t\tdata-calculator-refid='bildzeitung'\n\t\tdata-green-only='0'\n\t\tdata-commercial-only='0'\n\t\t>\n\t<\/div>\n<\/div><\/div><\/div>\n\n\n\n<div class=\"wp-block-group\"><div class=\"wp-block-group__inner-container is-layout-constrained wp-block-group-is-layout-constrained\">\n<h2 class=\"wp-block-heading has-wp-black-color has-text-color has-link-color wp-elements-9b4e0955cf51b92286e4aa8471649cc1\">Nicht die Stadtmusikanten, sondern die Bremer Stadtwerke: Ihre Grundversorgung<\/h2>\n\n\n\n<p>Die Grundversorgung ist die <strong>gesetzliche Grundsicherung von Strom f\u00fcr alle Haushalte<\/strong> in Deutschland. Sie tritt automatisch ein, wenn Sie nicht aktiv einen anderen Stromvertrag mit einem anderen Stromanbieter abgeschlossen haben. Haben Sie Ihren Stromvertrag gek\u00fcndigt, ohne einen neuen abzuschlie\u00dfen, landen Sie vor\u00fcbergehend in der Ersatzversorgung, die ebenfalls \u00fcber den Grundversorger l\u00e4uft. Wenn Sie keinen anderen Vertrag abschlie\u00dfen, wird die Ersatzversorgung nach drei Monaten automatisch zu einem Grundversorgungstarif umgewandelt. Grund- und Ersatzversorgung sind meistens teurer als andere Stromtarife, bieten daf\u00fcr aber auch etwas mehr Flexibilit\u00e4t. Wenn Sie einen <a href=\"\/strompreisvergleich\/guenstige-stromanbieter\/\" data-type=\"page\" data-id=\"17262\">g\u00fcnstigeren Stromanbieter<\/a> gefunden haben, haben Sie in der Grundversorgung eine <strong>gesetzliche K\u00fcndigungsfrist von zwei Wochen.<\/strong> Aus der Ersatzversorgung kommen Sie sogar ohne K\u00fcndigungsfrist raus.&nbsp;<\/p>\n\n\n\n<p>Ihr aktueller Grundversoger in Bremen sind die Bremer Stadtwerke (sw Bremen AG). Das Unternehmen wurde 2024 f\u00fcr die Kalenderjahre 2025 bis 2027 als Grundversorger durch den regionalen Netzbetreiber festgestellt. Der regionale Netzbetreiber in Bremen ist \u00fcbrigens die wesernetz Bremen GmbH, ein Tochterunternehmen der Stadtwerke Bremen. Die swb h\u00e4lt aktuelle eine Beteiligung von 99 Prozent an der wesernetz Bremen GmbH.\u00a0<\/p>\n<\/div><\/div>\n\n\n\n<div class=\"wp-block-group\"><div class=\"wp-block-group__inner-container is-layout-constrained wp-block-group-is-layout-constrained\">\n<figure class=\"wp-block-image alignwide size-full\"><img loading=\"lazy\" decoding=\"async\" width=\"1183\" height=\"887\" src=\"https:\/\/bild-staging.wechselpilot.com\/strompreisvergleich\/wp-content\/uploads\/Stromanbieter-Bremen.jpg\" alt=\"Stromanbieter in Bremen\" class=\"wp-image-17589\" srcset=\"https:\/\/bild-staging.wechselpilot.com\/strompreisvergleich\/wp-content\/uploads\/Stromanbieter-Bremen.jpg 1183w, https:\/\/bild-staging.wechselpilot.com\/strompreisvergleich\/wp-content\/uploads\/Stromanbieter-Bremen-300x225.jpg 300w, https:\/\/bild-staging.wechselpilot.com\/strompreisvergleich\/wp-content\/uploads\/Stromanbieter-Bremen-1024x768.jpg 1024w, https:\/\/bild-staging.wechselpilot.com\/strompreisvergleich\/wp-content\/uploads\/Stromanbieter-Bremen-768x576.jpg 768w\" sizes=\"auto, (max-width: 1183px) 100vw, 1183px\" \/><figcaption class=\"wp-element-caption\">Es gibt viele Stromanbieter in Bremen, aber welcher passt zu dir? Jetzt vergleichen und wechseln. (Quelle: iStock)<\/figcaption><\/figure>\n<\/div><\/div>\n\n\n\n<div class=\"wp-block-group\"><div class=\"wp-block-group__inner-container is-layout-constrained wp-block-group-is-layout-constrained\">\n<h2 class=\"wp-block-heading has-wp-black-color has-text-color has-link-color wp-elements-b8b9a4977b4c84b28983f2060454530b\">So finden Sie schnell und einfach den f\u00fcr Sie besten Strompreis in Bremen<\/h2>\n\n\n\n<p>Wenn Sie glauben, zu viel f\u00fcr Ihren Strom zu zahlen, oder in der Grundversorgung stecken, lohnt sich auf jeden Fall ein Preisvergleich. Auch wenn Sie einen g\u00fcnstigen Stromtarif gefunden haben, bleibt dieser sehr wahrscheinlich nicht lange so g\u00fcnstig. Auch in dem Fall lohnt sich ein Preisvergleich. Am einfachsten geht das mit unserem <a href=\"#ersparnis-berechnen\">Vergleichsrechner<\/a>. Sie m\u00fcssen daf\u00fcr nur <strong>Ihre Postleitzahl und Ihren j\u00e4hrlichen Stromverbrauch<\/strong> angeben. Im Gegenzug bekommen Sie passende Tarife und eine \u00dcbersicht dar\u00fcber, wie viel Sie mit welchem Tarif sparen k\u00f6nnen. Sobald Sie den f\u00fcr Sie besten Tarif ausgew\u00e4hlt haben, m\u00fcssen Sie nur noch entscheiden, ob Sie einmalig wechseln oder lieber unseren Wechselservice nutzen. Mit dem Wechselservice wechseln Sie jedes Jahr <strong>automatisch in den f\u00fcr Sie besten Tarif<\/strong> \u2013 ohne dass Sie etwas machen m\u00fcssen.<\/p>\n<\/div><\/div>\n\n\n\n<div class=\"wp-block-group\"><div class=\"wp-block-group__inner-container is-layout-constrained wp-block-group-is-layout-constrained\">\n<h2 class=\"wp-block-heading has-wp-black-color has-text-color has-link-color wp-elements-1ab1650c7afea57b28a380c9762290d9\">\u00d6kostrom in Bremen<\/h2>\n\n\n\n<p>In Bremen haben Sie auch eine gro\u00dfe Auswahl an <a href=\"\/strompreisvergleich\/oekostrom\/\" data-type=\"page\" data-id=\"17299\">\u00d6kostromtarifen<\/a>. Die meisten Stromanbieter bieten mindestens eine \u00d6kovariante an, sie wollen also Strom liefern, der vollst\u00e4ndig aus erneuerbaren Energien stammt. Auch bei herk\u00f6mmlichen Stromtarifen stammt inzwischen ein Teil des Strommix aus erneuerbaren Energien, je nach Anbieter sogar deutlich mehr als die H\u00e4lfte. F\u00fcr Ihren Haushalt ist das allerdings egal, Sie w\u00fcrden keinen Unterschied merken. Auch die Preise haben Sich inzwischen angeglichen, manchmal sind \u00d6kotarife sogar <strong>die preiswerteste Option.<\/strong> \u00dcber unseren <a href=\"#ersparnis-berechnen\">Vergleichsrechner<\/a> finden Sie \u00fcbrigens auch den f\u00fcr Sie besten \u00d6kotarif. Au\u00dferdem gut zu wissen: Die Stadtwerke Bremen bieten auch einen \u00d6ko-Aktionstarif an, mit dem Sie zus\u00e4tzlich sparen k\u00f6nnen, wenn der SV Werder Bremen <strong>Tore schie\u00dft oder einen Titel holt.<\/strong><\/p>\n<\/div><\/div>\n\n\n\n<div class=\"wp-block-group\"><div class=\"wp-block-group__inner-container is-layout-constrained wp-block-group-is-layout-constrained\">\n<h2 class=\"wp-block-heading has-wp-black-color has-text-color has-link-color wp-elements-e4890bf89a17a1a5134530c8f3d7ebcd\">Dynamische Stromanbieter in Bremen<\/h2>\n\n\n\n<p>Im Gegensatz zur Auswahl an \u00d6kotarifen ist das Angebot an <a href=\"\/strompreisvergleich\/dynamischer-stromtarif\/\" data-type=\"page\" data-id=\"17229\">dynamischen Stromtarifen<\/a> in Bremen deutlich \u00fcbersichtlicher. Das liegt wohl auch daran, dass der Preis bei dynamischen Stromtarifen nicht immer so einfach durchschaubar ist, wie bei anderen Vertr\u00e4gen und <strong>st\u00e4ndige Aufmerksamkeit<\/strong> verlangt. Wie der Name schon sagt, ver\u00e4ndert sich der Strompreis bei einem dynamischen Tarif st\u00e4ndig. Oft gibt es im ersten Monat einen festen Arbeitspreis pro Kilowattstunde, danach orientiert sich der Preis aber <strong>am B\u00f6rsenstrompreis und variiert st\u00fcndlich.<\/strong> Manchmal kann er deutlich niedriger als der durchschnittliche Strompreis sein, manchmal aber auch teurer. Um einen dynamischen Stromtarif als wirklich sinnvoll zu nutzen, sollten Sie Ihren Stromverbrauch bereits im Voraus planen und an die Zeiten mit niedrigen Strompreisen anpassen.<\/p>\n<\/div><\/div>\n","protected":false},"excerpt":{"rendered":"<p>Steigt der Strompreis beschweren sich alle, sinkt er aber, kriegt das niemand mit. Das liegt daran, dass Stromanbieter steigende Strompreise stets an die Kunden weitergeben, sinkende Preise hingegen nicht. Die Kunden m\u00fcssen sich selbst darum k\u00fcmmern. Um immer den g\u00fcnstigsten Strompreis zu finden, sollten Sie also regelm\u00e4\u00dfig Preise vergleichen und vor allem regelm\u00e4\u00dfig den Stromanbieter [&hellip;]<\/p>\n","protected":false},"author":15,"featured_media":0,"parent":0,"menu_order":0,"comment_status":"closed","ping_status":"closed","template":"","meta":{"_acf_changed":false,"inline_featured_image":false,"footnotes":""},"class_list":["post-17588","page","type-page","status-publish","hentry"],"acf":[],"_links":{"self":[{"href":"https:\/\/bild-staging.wechselpilot.com\/strompreisvergleich\/wp-json\/wp\/v2\/pages\/17588","targetHints":{"allow":["GET"]}}],"collection":[{"href":"https:\/\/bild-staging.wechselpilot.com\/strompreisvergleich\/wp-json\/wp\/v2\/pages"}],"about":[{"href":"https:\/\/bild-staging.wechselpilot.com\/strompreisvergleich\/wp-json\/wp\/v2\/types\/page"}],"author":[{"embeddable":true,"href":"https:\/\/bild-staging.wechselpilot.com\/strompreisvergleich\/wp-json\/wp\/v2\/users\/15"}],"replies":[{"embeddable":true,"href":"https:\/\/bild-staging.wechselpilot.com\/strompreisvergleich\/wp-json\/wp\/v2\/comments?post=17588"}],"version-history":[{"count":3,"href":"https:\/\/bild-staging.wechselpilot.com\/strompreisvergleich\/wp-json\/wp\/v2\/pages\/17588\/revisions"}],"predecessor-version":[{"id":18001,"href":"https:\/\/bild-staging.wechselpilot.com\/strompreisvergleich\/wp-json\/wp\/v2\/pages\/17588\/revisions\/18001"}],"wp:attachment":[{"href":"https:\/\/bild-staging.wechselpilot.com\/strompreisvergleich\/wp-json\/wp\/v2\/media?parent=17588"}],"curies":[{"name":"wp","href":"https:\/\/api.w.org\/{rel}","templated":true}]}}