{"id":17584,"date":"2024-08-02T13:27:39","date_gmt":"2024-08-02T11:27:39","guid":{"rendered":"https:\/\/bild-staging.wechselpilot.com\/strompreisvergleich\/?page_id=17584"},"modified":"2025-03-12T10:16:37","modified_gmt":"2025-03-12T09:16:37","slug":"stromanbieter-in-duisburg","status":"publish","type":"page","link":"https:\/\/bild-staging.wechselpilot.com\/strompreisvergleich\/stromanbieter-in-duisburg\/","title":{"rendered":"Stromanbieter in Duisburg"},"content":{"rendered":"\n<div class=\"wp-block-group\"><div class=\"wp-block-group__inner-container is-layout-constrained wp-block-group-is-layout-constrained\"><!-- HEADLINE: START -->\n<h1 id='berechnen' title='Stromanbieter in Duisburg' class=\"wp_headline mb-6 text-black text-xl lg:text-3xl font-heading font-black  text-left \">\n  Stromanbieter in Duisburg<\/h1>\n<!-- HEADLINE: END -->\n\n\n<p>Eine gro\u00dfe Auswahl an Stromanbietern in Duisburg bedeutet zwar Konkurrenz um den besten Preis, es bedeutet aber auch einen gro\u00dfen Zeitaufwand bei der <strong>Suche nach dem besten Preis.<\/strong> Viele dr\u00fccken sich davor und akzeptieren lieber stillschweigend \u00fcberteuerte Strompreise, anstatt sich mit einem <a href=\"\/strompreisvergleich\/\" data-type=\"page\" data-id=\"13\">Preisvergleich<\/a> einen \u00dcberblick \u00fcber die Stromtarife zu verschaffen. Aber ein Preisvergleich lohnt sich auch dann, wenn Sie glauben, Ihr Stromvertrag ist bereits der beste. Selbst die g\u00fcnstigen Tarife bleiben meistens <strong>nur im ersten Vertragsjahr g\u00fcnstig,<\/strong> danach erh\u00f6hen sich die Preise und das ganze Spiel geht von vorne los. Was Sie \u00fcber die Strompreise und Stromanbieter in Duisburg wissen sollten und wie Sie am besten wechseln, erfahren Sie hier!&nbsp;<\/p>\n\n\n\n<div style=\"height:65px\" aria-hidden=\"true\" class=\"wp-block-spacer\"><\/div>\n\n\n\n<p class=\"has-text-align-center\" id=\"ersparnis-berechnen\">Wie viel sparen Sie mit einem Stromwechsel wirklich? Wir berechnen sofort Ihre potenzielle Ersparnis!<\/p>\n\n\n\n<!-- CALCULATOR: Start -->\n<div class=\"relative\">\n\t<div class=\"relative w-full z-20 shadow\" id='wechselpilot-calculator'\n\t\tdata-widget-type='affiliate-advanced'\n\t\tdata-default-view='electricity'\n\t\tdata-filter-modes='electricity,heatpump,nightstorage'\n\t\tdata-environment='staging'\n\t\tdata-branch='staging'\n\t\tdata-api-token='367a33a3-513f-a4b3-048e-de0418e61999'\n\t\tdata-calculator-refid='bildzeitung'\n\t\tdata-green-only='0'\n\t\tdata-commercial-only='0'\n\t\t>\n\t<\/div>\n<\/div><\/div><\/div>\n\n\n\n<div class=\"wp-block-group\"><div class=\"wp-block-group__inner-container is-layout-constrained wp-block-group-is-layout-constrained\">\n<h2 class=\"wp-block-heading has-wp-black-color has-text-color has-link-color wp-elements-20e095b79704a94cdf2c5ddba005604f\">Ihre Grundversorgung: Die Stadtwerke Duisburg<\/h2>\n\n\n\n<p>Die Grundversorgung in Duisburg erfolgt aktuell durch die Stadtwerke Duisburg. Das bedeutet, Sie bekommen Ihren Strom von den Stadtwerken Duisburg, solange Sie nicht aktiv einen anderen Stromvertrag abgeschlossen haben. Die Grundversorgung ist n\u00e4mlich die <strong>gesetzlich geregelte Stromversorgung<\/strong> f\u00fcr alle Haushalte in Deutschland. F\u00fcr jede Region in Deutschland gibt es einen eigenen Grundversorger. Haben Sie Ihren Stromvertrag gek\u00fcndigt, aber keinen neuen abgeschlossen, landen Sie automatisch in der Ersatzversorgung, die Sie weiterhin mit Strom versorgt. Wenn Sie nichts unternehmen, wird Ihr Ersatzversorgungstarif nach drei Monaten automatisch zu einem Grundversorgungstarif umgewandelt. Sowohl Grundversorgung als auch Ersatzversorgung sind <strong>meistens deutlich teurer<\/strong> als andere Stromtarife. Daf\u00fcr bieten sie aber auch mehr Flexibilit\u00e4t: Wenn Sie zu einem <a href=\"\/strompreisvergleich\/guenstige-stromanbieter\/\" data-type=\"page\" data-id=\"17262\">g\u00fcnstigeren Stromanbieter<\/a> wechseln wollen haben Sie in der Grundversorgung eine <strong>gesetzliche K\u00fcndigungsfrist von zwei Wochen.<\/strong> In der Ersatzversorgung m\u00fcssen Sie gar keine K\u00fcndigungsfrist beachten.&nbsp;&nbsp;<\/p>\n\n\n\n<p>Der regionale Grundversorger wird immer auf eine Laufzeit von drei Jahren durch den regionalen Netzbetreiber bestimmt. Ausschlaggebend hierf\u00fcr ist, welches Unternehmen <strong>die meisten Haushaltskunden<\/strong> im Netzgebiet mit Strom beliefert. Die Stadtwerke Duisburg sind f\u00fcr die Kalenderjahre 2025 bis 2027 der regionale Grundversorger.<\/p>\n\n\n\n<p>Netzbetreiber in Duisburg ist \u00fcbrigens die Netze Duisburg GmbH. Sie wurde 2007 unter dem Namen Stadtwerke Duisburg Netzgesellschaft mbH als hundertprozentige Tochter der Stadtwerke Duisburg gegr\u00fcndet. Seit Oktober 2014 operiert die Firma unter dem aktuellen Namen Netze Duisburg GmbH.&nbsp;<\/p>\n<\/div><\/div>\n\n\n\n<div class=\"wp-block-group\"><div class=\"wp-block-group__inner-container is-layout-constrained wp-block-group-is-layout-constrained\">\n<figure class=\"wp-block-image alignwide size-full\"><img loading=\"lazy\" decoding=\"async\" width=\"1254\" height=\"836\" src=\"https:\/\/bild-staging.wechselpilot.com\/strompreisvergleich\/wp-content\/uploads\/Stromanbieter-Duisburg.jpg\" alt=\"\" class=\"wp-image-17586\" srcset=\"https:\/\/bild-staging.wechselpilot.com\/strompreisvergleich\/wp-content\/uploads\/Stromanbieter-Duisburg.jpg 1254w, https:\/\/bild-staging.wechselpilot.com\/strompreisvergleich\/wp-content\/uploads\/Stromanbieter-Duisburg-300x200.jpg 300w, https:\/\/bild-staging.wechselpilot.com\/strompreisvergleich\/wp-content\/uploads\/Stromanbieter-Duisburg-1024x683.jpg 1024w, https:\/\/bild-staging.wechselpilot.com\/strompreisvergleich\/wp-content\/uploads\/Stromanbieter-Duisburg-768x512.jpg 768w\" sizes=\"auto, (max-width: 1254px) 100vw, 1254px\" \/><figcaption class=\"wp-element-caption\">Nur wenn Sie die Stromanbieter in Duisburg vergleichen, finden Sie auch den Stromtarif, der zu Ihnen passt. (Quelle: iStock)<\/figcaption><\/figure>\n<\/div><\/div>\n\n\n\n<div class=\"wp-block-group\"><div class=\"wp-block-group__inner-container is-layout-constrained wp-block-group-is-layout-constrained\">\n<h2 class=\"wp-block-heading has-wp-black-color has-text-color has-link-color wp-elements-1320ae9d875d9de5ecd70fddb374678a\">So wechseln Sie einfach und schnell Ihren Stromvertrag<\/h2>\n\n\n\n<p>Wenn Sie sich in der Grundversorgung der Stadtwerke Duisburg befinden und Ihre Stromrechnung zu hoch ist, oder wenn Sie glauben, in einem anderen Stromvertrag zu viel f\u00fcr Ihren Strom zu bezahlen, lohnt es sich, die <strong>Strompreise zu vergleichen.<\/strong> Ein Preisvergleich lohnt sich auch sonst grunds\u00e4tzlich immer, denn g\u00fcnstige Stromtarife bleiben oft nur im ersten Jahr g\u00fcnstig, danach fallen n\u00e4mlich die Neukundenboni weg. Am einfachsten geht das, indem Sie unseren <a href=\"#ersparnis-berechnen\">Vergleichsrechner<\/a> nutzen. Sie m\u00fcssen daf\u00fcr nur <strong>Ihre Postleitzahl und Ihren j\u00e4hrlichen Stromverbrauch angeben<\/strong> und bekommen eine Tarif\u00fcbersicht mit den f\u00fcr Sie besten Angeboten. Au\u00dferdem sehen Sie, wie viel Sie mit jedem Vertrag sparen k\u00f6nnten. Sobald Sie den f\u00fcr Sie passenden Tarif gefunden haben, m\u00fcssen Sie nur noch ausw\u00e4hlen, ob Sie einmalig wechseln wollen oder lieber den Wechselservice nutzen. Mit dem Wechselservice wechseln Sie jedes Jahr <strong>automatisch in den f\u00fcr Sie besten Stromtarif<\/strong> \u2013 und Sie m\u00fcssen \u00fcberhaupt nichts mehr tun.&nbsp;<\/p>\n<\/div><\/div>\n\n\n\n<div class=\"wp-block-group\"><div class=\"wp-block-group__inner-container is-layout-constrained wp-block-group-is-layout-constrained\">\n<h2 class=\"wp-block-heading has-wp-black-color has-text-color has-link-color wp-elements-70211093d9fa61a9c101274565c53ec4\">\u00d6kostrom in Duisburg<\/h2>\n\n\n\n<p>Fast alle Stromanbieter in Duisburg haben auch mindestens einen Tarif mit \u00d6kostrom im Sortiment. Insgesamt ist das Angebot an <a href=\"\/strompreisvergleich\/oekostrom\/\" data-type=\"page\" data-id=\"17299\">\u00d6kostrom<\/a> in Duisburg sogar gr\u00f6\u00dfer als das Angebot an herk\u00f6mmlichem Strom. Das liegt daran, dass manche Versorger zwei \u00d6kovarianten anbieten: eine gew\u00f6hnliche, mit der Sie Strom aus erneuerbaren Energien erhalten, und eine etwas teurere, deren Gewinne aber in den Ausbau erneuerbarer Energien reinvestiert werden. Bei der gew\u00f6hnlichen \u00d6kovariante ist es f\u00fcr Ihren Haushalt eigentlich egal, ob Sie nun \u00d6kostrom oder herk\u00f6mmlichen Strom nutzen. Den Unterschied merken Sie nicht. Nicht einmal beim Preis. Heutzutage haben sich die <strong>Preisniveaus von \u00d6kostrom und herk\u00f6mmlichem Strom angeglichen.<\/strong> Manchmal sind \u00d6kotarife sogar die preiswerteste Option. Um zu pr\u00fcfen, ob sich ein \u00d6kotarif f\u00fcr Sie lohnt, k\u00f6nnen Sie auch unseren <a href=\"#ersparnis-berechnen\">Vergleichsrechner<\/a> nutzen.&nbsp;<\/p>\n<\/div><\/div>\n\n\n\n<div class=\"wp-block-group\"><div class=\"wp-block-group__inner-container is-layout-constrained wp-block-group-is-layout-constrained\">\n<h2 class=\"wp-block-heading has-wp-black-color has-text-color has-link-color wp-elements-14cf610d3051d80b15314aaea98551a7\">Dynamische Stromanbieter in Duisburg<\/h2>\n\n\n\n<p>Das Angebot an <a href=\"\/strompreisvergleich\/dynamischer-stromtarif\/\" data-type=\"page\" data-id=\"17229\">dynamischen Stromtarifen<\/a> in Duisburg ist wesentlich kleiner als die Auswahl an \u00d6kostrom. Das liegt daran, dass es etwas Planung und Weitsicht erfordert, um einen dynamischen Stromtarif wirklich sinnvoll zu nutzen. F\u00fcr viele Kunden ist es den Aufwand und die Anpassung des Alltags nicht wert. Der Unterschied zu herk\u00f6mmlichen Stromtarifen ist n\u00e4mlich, dass dynamische Tarife <strong>keinen festen Arbeitspreis pro Kilowattstunde<\/strong> haben. Der Preis orientiert sich am B\u00f6rsenstrompreis und unterliegt deswegen st\u00fcndlichen Schwankungen. Zu manchen Zeiten kann der Preis deutlich unter dem durchschnittlichen Strompreis liegen, zu anderen Zeiten ist er deutlich h\u00f6her. Deswegen sollten Sie Ihren Stromverbrauch am besten im Voraus planen k\u00f6nnen und <strong>an die Zeiten mit niedrigen Preisen anpassen.<\/strong> Nur so k\u00f6nnen Sie wirklich von den schwankenden Strompreisen profitieren.&nbsp;<\/p>\n<\/div><\/div>\n","protected":false},"excerpt":{"rendered":"<p>Eine gro\u00dfe Auswahl an Stromanbietern in Duisburg bedeutet zwar Konkurrenz um den besten Preis, es bedeutet aber auch einen gro\u00dfen Zeitaufwand bei der Suche nach dem besten Preis. Viele dr\u00fccken sich davor und akzeptieren lieber stillschweigend \u00fcberteuerte Strompreise, anstatt sich mit einem Preisvergleich einen \u00dcberblick \u00fcber die Stromtarife zu verschaffen. Aber ein Preisvergleich lohnt sich [&hellip;]<\/p>\n","protected":false},"author":15,"featured_media":0,"parent":0,"menu_order":0,"comment_status":"closed","ping_status":"closed","template":"","meta":{"_acf_changed":false,"inline_featured_image":false,"footnotes":""},"class_list":["post-17584","page","type-page","status-publish","hentry"],"acf":[],"_links":{"self":[{"href":"https:\/\/bild-staging.wechselpilot.com\/strompreisvergleich\/wp-json\/wp\/v2\/pages\/17584","targetHints":{"allow":["GET"]}}],"collection":[{"href":"https:\/\/bild-staging.wechselpilot.com\/strompreisvergleich\/wp-json\/wp\/v2\/pages"}],"about":[{"href":"https:\/\/bild-staging.wechselpilot.com\/strompreisvergleich\/wp-json\/wp\/v2\/types\/page"}],"author":[{"embeddable":true,"href":"https:\/\/bild-staging.wechselpilot.com\/strompreisvergleich\/wp-json\/wp\/v2\/users\/15"}],"replies":[{"embeddable":true,"href":"https:\/\/bild-staging.wechselpilot.com\/strompreisvergleich\/wp-json\/wp\/v2\/comments?post=17584"}],"version-history":[{"count":3,"href":"https:\/\/bild-staging.wechselpilot.com\/strompreisvergleich\/wp-json\/wp\/v2\/pages\/17584\/revisions"}],"predecessor-version":[{"id":18006,"href":"https:\/\/bild-staging.wechselpilot.com\/strompreisvergleich\/wp-json\/wp\/v2\/pages\/17584\/revisions\/18006"}],"wp:attachment":[{"href":"https:\/\/bild-staging.wechselpilot.com\/strompreisvergleich\/wp-json\/wp\/v2\/media?parent=17584"}],"curies":[{"name":"wp","href":"https:\/\/api.w.org\/{rel}","templated":true}]}}