{"id":17567,"date":"2024-07-26T13:21:46","date_gmt":"2024-07-26T11:21:46","guid":{"rendered":"https:\/\/bild-staging.wechselpilot.com\/strompreisvergleich\/?page_id=17567"},"modified":"2024-09-23T11:46:33","modified_gmt":"2024-09-23T09:46:33","slug":"stromanbieter-in-frankfurt","status":"publish","type":"page","link":"https:\/\/bild-staging.wechselpilot.com\/strompreisvergleich\/stromanbieter-in-frankfurt\/","title":{"rendered":"Stromanbieter in Frankfurt"},"content":{"rendered":"\n<div class=\"wp-block-group\"><div class=\"wp-block-group__inner-container is-layout-constrained wp-block-group-is-layout-constrained\"><!-- HEADLINE: START -->\n<h1 id='berechnen' title='Stromvergleich in Frankfurt am Main' class=\"wp_headline mb-6 text-black text-xl lg:text-3xl font-heading font-black  text-left \">\n  Stromvergleich in Frankfurt am Main<\/h1>\n<!-- HEADLINE: END -->\n\n\n<p>Auch in der Bankenmetropole Frankfurt haben Haushalte mit alten Stromvertr\u00e4gen und hohen Strompreisen zu k\u00e4mpfen. Dabei k\u00f6nnte es so einfach sein: Wer sich nach einem g\u00fcnstigen Stromvertrag sehnt, muss oft einfach nur <strong>den Vertrag wechseln.<\/strong> Denn nur, wer regelm\u00e4\u00dfig seinen Stromvertrag wechselt, findet auch die besten Strompreise. Wenn Sie Ihren Vertrag dagegen schon lange nicht mehr gewechselt haben, zahlen Sie wahrscheinlich <strong>mehr, als sie eigentlich m\u00fcssten.<\/strong> Und wenn Sie noch nie zuvor Ihren Vertrag gewechselt haben, befinden Sie sich sehr wahrscheinlich sogar in der Grundversorgung, die meistens noch teurer ist. Ein Preisvergleich kann also sinnvoll sein.\u00a0<\/p>\n\n\n\n<div style=\"height:65px\" aria-hidden=\"true\" class=\"wp-block-spacer\"><\/div>\n\n\n\n<p class=\"has-text-align-center\" id=\"ersparnis-berechnen\">Wie viel sparen Sie mit einem Stromwechsel wirklich? Wir berechnen sofort Ihre potenzielle Ersparnis!<\/p>\n\n\n\n<!-- CALCULATOR: Start -->\n<div class=\"relative\">\n\t<div class=\"relative w-full z-20 shadow\" id='wechselpilot-calculator'\n\t\tdata-widget-type='affiliate-advanced'\n\t\tdata-default-view='electricity'\n\t\tdata-filter-modes='electricity,heatpump,nightstorage'\n\t\tdata-environment='staging'\n\t\tdata-branch='staging'\n\t\tdata-api-token='367a33a3-513f-a4b3-048e-de0418e61999'\n\t\tdata-calculator-refid='bildzeitung'\n\t\tdata-green-only='0'\n\t\tdata-commercial-only='0'\n\t\t>\n\t<\/div>\n<\/div><\/div><\/div>\n\n\n\n<div class=\"wp-block-group\"><div class=\"wp-block-group__inner-container is-layout-constrained wp-block-group-is-layout-constrained\">\n<h2 class=\"wp-block-heading has-wp-black-color has-text-color has-link-color wp-elements-122dc502706d49ad7f26518387c197f1\">Mainova in Mainhattan: Die Grundversorgung in Frankfurt<\/h2>\n\n\n\n<p>Die Grundversorgung ist die gesetzlich geregelte Stromversorgung f\u00fcr alle Haushalte, die sich nicht aktiv f\u00fcr einen anderen Stromvertrag entschieden haben. F\u00fcr die Grundversorgung m\u00fcssen Sie keinen Vertrag abschlie\u00dfen, sie greift automatisch, wenn Sie Ihren Strom <strong>\u00fcber keinen anderen Tarif<\/strong> beziehen. Wenn Sie Ihren Stromvertrag k\u00fcndigen, ohne einen neuen abzuschlie\u00dfen, landen Sie \u00fcbergangsweise in der Ersatzversorgung. Auch diese ist gesetzlich geregelt und hat eine maximale Laufzeit von drei Monaten. Danach wird der Ersatzversorgungstarif automatisch in einen Grundversorgungstarif umgewandelt. Diese beiden Tarife sind in den meisten F\u00e4llen teurer als andere Stromtarife, daf\u00fcr aber auch etwas flexibler. Wer einen <a href=\"\/strompreisvergleich\/guenstige-stromanbieter\/\" data-type=\"page\" data-id=\"17262\">g\u00fcnstigeren Stromanbieter<\/a> in Frankfurt gefunden hat, hat in der Grundversorgung eine <strong>gesetzliche K\u00fcndigungsfrist von zwei Wochen.<\/strong> In der Ersatzversorgung gibt es keine K\u00fcndigungsfrist. Beide Tarife laufen \u00fcber Ihren regionalen Grundversorger in Frankfurt am Main.\u00a0<\/p>\n\n\n\n<p>Der Grundversorger in Frankfurt ist die Mainova AG. Alle drei Jahre bestimmt der regionale Netzbetreiber den Grundversorger. Auschlaggebend hierf\u00fcr ist, wer die meisten Haushaltskunden in der Region beliefert. Netzbetreiber in Frankfurt ist ebenfalls die Mainova AG.<\/p>\n<\/div><\/div>\n\n\n\n<div class=\"wp-block-group\"><div class=\"wp-block-group__inner-container is-layout-constrained wp-block-group-is-layout-constrained\">\n<figure class=\"wp-block-image alignwide size-full\"><img loading=\"lazy\" decoding=\"async\" width=\"1255\" height=\"836\" src=\"https:\/\/bild-staging.wechselpilot.com\/strompreisvergleich\/wp-content\/uploads\/Stromanbieter-Frankfurt-Main.jpg\" alt=\"\" class=\"wp-image-17568\" srcset=\"https:\/\/bild-staging.wechselpilot.com\/strompreisvergleich\/wp-content\/uploads\/Stromanbieter-Frankfurt-Main.jpg 1255w, https:\/\/bild-staging.wechselpilot.com\/strompreisvergleich\/wp-content\/uploads\/Stromanbieter-Frankfurt-Main-300x200.jpg 300w, https:\/\/bild-staging.wechselpilot.com\/strompreisvergleich\/wp-content\/uploads\/Stromanbieter-Frankfurt-Main-1024x682.jpg 1024w, https:\/\/bild-staging.wechselpilot.com\/strompreisvergleich\/wp-content\/uploads\/Stromanbieter-Frankfurt-Main-768x512.jpg 768w\" sizes=\"auto, (max-width: 1255px) 100vw, 1255px\" \/><figcaption class=\"wp-element-caption\">Machen Sie einen Preisvergleich &#8211; und finden Sie den besten Stromanbieter in Frankfurt am Main. (Quelle: iStock)<\/figcaption><\/figure>\n<\/div><\/div>\n\n\n\n<div class=\"wp-block-group\"><div class=\"wp-block-group__inner-container is-layout-constrained wp-block-group-is-layout-constrained\">\n<h2 class=\"wp-block-heading has-wp-black-color has-text-color has-link-color wp-elements-a09c3d3f599c634769f4aa7a65d66cd8\">So wechseln Sie am besten Ihren Stromvertrag<\/h2>\n\n\n\n<p>Glauben Sie also, zu viel f\u00fcr Ihren Stromvertrag zu zahlen, oder befinden Sie sich in der oft teureren Grundversorgung, k\u00f6nnen Sie mit einem Preisvergleich einfach und schnell zu einem g\u00fcnstigeren Tarif wechseln. Am einfachsten geht das mit <a href=\"#ersparnis-berechnen\">unserem Vergleichsrechner<\/a>, mit dem Sie eine Tarif\u00fcbersicht bekommen, auf der Sie sehen, mit welchem Vertrag Sie wie viel sparen k\u00f6nnen. Daf\u00fcr geben Sie nur <strong>Ihre Postleitzahl und Ihren j\u00e4hrlichen Stromverbrauch<\/strong> an. Sobald Sie sich f\u00fcr ein Angebot aus der Tarif\u00fcbersicht entschieden haben, m\u00fcssen Sie nur noch ausw\u00e4hlen, ob Sie einmalig wechseln wollen oder <strong>lieber den Wechselservice nutzen.<\/strong> Mit dem Wechselservice wechseln Sie jedes Jahr automatisch in den f\u00fcr Sie besten Tarif \u2013 und Sie m\u00fcssen sich um gar nichts mehr k\u00fcmmern.<\/p>\n<\/div><\/div>\n\n\n\n<div class=\"wp-block-group\"><div class=\"wp-block-group__inner-container is-layout-constrained wp-block-group-is-layout-constrained\">\n<h2 class=\"wp-block-heading has-wp-black-color has-text-color has-link-color wp-elements-e2deecabafcf605606db58e36cbeaf5e\">\u00d6kostrom in Frankfurt am Main<\/h2>\n\n\n\n<p>\u00dcber unseren Vergleichsrechner k\u00f6nnen Sie sich auch f\u00fcr einen \u00d6kostromtarif entscheiden. <a href=\"\/strompreisvergleich\/oekostrom\/\" data-type=\"page\" data-id=\"17299\">\u00d6kostrom<\/a> hei\u00dft, Ihr Stromanbieter will Ihnen Strom liefern, der <strong>mehrheitlich aus erneuerbarem Strom<\/strong> erzeugt wurde. Ob Sie in Ihrem Haushalt \u00d6kostrom oder herk\u00f6mmlichen Strom nutzen, w\u00fcrden Sie letztendlich nicht einmal merken. Auch preislich gibt es heutzutage keine wirklichen Unterschiede mehr zwischen den beiden Varianten. Teilweise ist ein \u00d6kotarif sogar das g\u00fcnstigste Angebot f\u00fcr Sie. Auch der regionale Stromanbieter und Grundversorger Mainova bietet \u00d6kostromtarife an, zwar zu einem geringen Aufpreis, aber mit dem Versprechen, einen festen Betrag vom Verbrauch in den <strong>Ausbau erneuerbarer Energien<\/strong> zu reinvestieren.\u00a0\u00dcber unseren <a href=\"#ersparnis-berechnen\">Vergleichsrechner<\/a> k\u00f6nnen Sie auch herausfinden, ob sich ein \u00d6kostromtarif in Frankfurt f\u00fcr Sie lohnt.<\/p>\n<\/div><\/div>\n\n\n\n<div class=\"wp-block-group\"><div class=\"wp-block-group__inner-container is-layout-constrained wp-block-group-is-layout-constrained\">\n<h2 class=\"wp-block-heading has-wp-black-color has-text-color has-link-color wp-elements-abed28683332eb9696733cefd18e54e8\">Dynamische Stromtarife in Frankfurt<\/h2>\n\n\n\n<p>Sowohl bei \u00d6kostrom als auch bei herk\u00f6mmlichem Strom setzt sich der Preis aus einem festen monatlichen Grundpreis und einem festen Arbeitspreis pro kWh zusammen. Als Alternative dazu haben Sie in Frankfurt auch die M\u00f6glichkeit, sich f\u00fcr <a href=\"\/strompreisvergleich\/dynamischer-stromtarif\/\" data-type=\"page\" data-id=\"17229\">dynamische Stromtarife<\/a> bzw. Flextarife zu entscheiden. Solche Tarife haben meist nur im ersten Monat einen festen Arbeitspreis, danach orientiert sich der Preis <strong>am B\u00f6rsenstrompreis<\/strong> und variiert deswegen st\u00fcndlich. Zu manchen Zeiten kann er unter dem durchschnittlichen Frankfurter Strompreis liegen, manchmal ist er aber auch teurer. Um einen dynamischen Stromtarif sinnvoll zu nutzen, sollten Sie Ihren Stromverbrauch also <strong>am besten im Voraus planen<\/strong> k\u00f6nnen und an die niedrigen Strompreise anpassen. Denn nur so lohnt sich ein dynamischer Stromtarif wirklich!\u00a0<\/p>\n<\/div><\/div>\n","protected":false},"excerpt":{"rendered":"<p>Auch in der Bankenmetropole Frankfurt haben Haushalte mit alten Stromvertr\u00e4gen und hohen Strompreisen zu k\u00e4mpfen. Dabei k\u00f6nnte es so einfach sein: Wer sich nach einem g\u00fcnstigen Stromvertrag sehnt, muss oft einfach nur den Vertrag wechseln. Denn nur, wer regelm\u00e4\u00dfig seinen Stromvertrag wechselt, findet auch die besten Strompreise. Wenn Sie Ihren Vertrag dagegen schon lange nicht [&hellip;]<\/p>\n","protected":false},"author":15,"featured_media":0,"parent":0,"menu_order":0,"comment_status":"closed","ping_status":"closed","template":"","meta":{"_acf_changed":false,"inline_featured_image":false,"footnotes":""},"class_list":["post-17567","page","type-page","status-publish","hentry"],"acf":[],"_links":{"self":[{"href":"https:\/\/bild-staging.wechselpilot.com\/strompreisvergleich\/wp-json\/wp\/v2\/pages\/17567","targetHints":{"allow":["GET"]}}],"collection":[{"href":"https:\/\/bild-staging.wechselpilot.com\/strompreisvergleich\/wp-json\/wp\/v2\/pages"}],"about":[{"href":"https:\/\/bild-staging.wechselpilot.com\/strompreisvergleich\/wp-json\/wp\/v2\/types\/page"}],"author":[{"embeddable":true,"href":"https:\/\/bild-staging.wechselpilot.com\/strompreisvergleich\/wp-json\/wp\/v2\/users\/15"}],"replies":[{"embeddable":true,"href":"https:\/\/bild-staging.wechselpilot.com\/strompreisvergleich\/wp-json\/wp\/v2\/comments?post=17567"}],"version-history":[{"count":3,"href":"https:\/\/bild-staging.wechselpilot.com\/strompreisvergleich\/wp-json\/wp\/v2\/pages\/17567\/revisions"}],"predecessor-version":[{"id":17571,"href":"https:\/\/bild-staging.wechselpilot.com\/strompreisvergleich\/wp-json\/wp\/v2\/pages\/17567\/revisions\/17571"}],"wp:attachment":[{"href":"https:\/\/bild-staging.wechselpilot.com\/strompreisvergleich\/wp-json\/wp\/v2\/media?parent=17567"}],"curies":[{"name":"wp","href":"https:\/\/api.w.org\/{rel}","templated":true}]}}