{"id":17559,"date":"2024-07-25T12:54:44","date_gmt":"2024-07-25T10:54:44","guid":{"rendered":"https:\/\/bild-staging.wechselpilot.com\/strompreisvergleich\/?page_id=17559"},"modified":"2024-09-23T14:07:03","modified_gmt":"2024-09-23T12:07:03","slug":"stromanbieter-in-stuttgart","status":"publish","type":"page","link":"https:\/\/bild-staging.wechselpilot.com\/strompreisvergleich\/stromanbieter-in-stuttgart\/","title":{"rendered":"Stromanbieter in Stuttgart"},"content":{"rendered":"\n<div class=\"wp-block-group\"><div class=\"wp-block-group__inner-container is-layout-constrained wp-block-group-is-layout-constrained\"><!-- HEADLINE: START -->\n<h1 id='berechnen' title='Steigende Stuttgarter Strompreise? Jetzt Stromanbieter vergleichen' class=\"wp_headline mb-6 text-black text-xl lg:text-3xl font-heading font-black  text-left \">\n  Steigende Stuttgarter Strompreise? Jetzt Stromanbieter vergleichen<\/h1>\n<!-- HEADLINE: END -->\n\n\n<p>Nachdem die Stuttgarter Strompreise in den vergangenen Jahren, wie auch sonst \u00fcberall in Deutschland, explodiert sind, zeigt sich inzwischen wieder eine r\u00fcckl\u00e4ufige Tendenz, die aber nicht alle Haushalte auch f\u00fcr sich nutzen. Denn <strong>nur Neukunden<\/strong> merken wirklich etwas von sinkenden Strompreisen, Bestandskunden zahlen oft deutlich mehr. Und wenn Sie noch nie Ihren Stromvertrag gewechselt haben, zahlen Sie wahrscheinlich noch mehr, denn dann beziehen Sie Ihren Strom \u00fcber die Grundversorgung, die meistens teurer ist. Hier erfahren Sie, was Sie tun k\u00f6nnen, um den f\u00fcr Sie besten Stromvertrag zu finden.\u00a0\u00a0<\/p>\n\n\n\n<div style=\"height:65px\" aria-hidden=\"true\" class=\"wp-block-spacer\"><\/div>\n\n\n\n<p class=\"has-text-align-center\" id=\"ersparnis-berechnen\">Wie viel sparen Sie mit einem Stromwechsel wirklich? Wir berechnen sofort Ihre potenzielle Ersparnis!<\/p>\n\n\n\n<!-- CALCULATOR: Start -->\n<div class=\"relative\">\n\t<div class=\"relative w-full z-20 shadow\" id='wechselpilot-calculator'\n\t\tdata-widget-type='affiliate-advanced'\n\t\tdata-default-view='electricity'\n\t\tdata-filter-modes='electricity,heatpump,nightstorage'\n\t\tdata-environment='staging'\n\t\tdata-branch='staging'\n\t\tdata-api-token='367a33a3-513f-a4b3-048e-de0418e61999'\n\t\tdata-calculator-refid='bildzeitung'\n\t\tdata-green-only='0'\n\t\tdata-commercial-only='0'\n\t\t>\n\t<\/div>\n<\/div><\/div><\/div>\n\n\n\n<div class=\"wp-block-group\"><div class=\"wp-block-group__inner-container is-layout-constrained wp-block-group-is-layout-constrained\">\n<h2 class=\"wp-block-heading has-wp-black-color has-text-color has-link-color wp-elements-a791e96ae5ed111a03ce6443a55b4705\">Ihr Grundversorger in Stuttgart: Die EnBW<\/h2>\n\n\n\n<p>Ihr Grundversorger in Stuttgart ist aktuell die <strong>EnBW Energie Baden-W\u00fcrttemberg AG.<\/strong> Der regionale Netzbetreiber legt den Grundversorger immer auf eine Dauer von drei Jahren fest, ausschlaggebend ist dabei, welches Unternehmen die meisten Haushaltskunden in der Region beliefert. Die letzte Feststellung fand zum 1. Juli 2024 statt. Der Netzbetreiber in Stuttgart ist \u00fcbrigens die Stuttgart Netze GmbH. Das Unternehmen wurde 2014 als Kooperationsunternehmen der Stadtwerke Stuttgart und dem vorherigen Netzbetreiber Netze BW gegr\u00fcndet. Bis Ende 2013 war die Netze BW GmbH noch Netzbetreiber in Stuttgart, danach wurde die Konzession neu vergeben. Zwischen 2014 und 2016 war immer noch die Netze BW \u00fcbergangsweise Netzbetreiber, bevor die Stuttgart Netze GmbH den Netzbetrieb am 1. Januar 2016 \u00fcbernommen hat.&nbsp;&nbsp;<\/p>\n\n\n\n<p>Aber was ist \u00fcberhaupt eine Grundversorgung? Ihr Grundversorger beliefert Sie mit Strom, auch wenn Sie sich <strong>nicht aktiv f\u00fcr einen Stromtarif entschieden<\/strong> haben, das ist gesetzlich geregelt. Haben Sie Ihren Stromvertrag gek\u00fcndigt, ohne einen neuen abzuschlie\u00dfen, landen Sie vorerst in der Ersatzversorgung, die ebenfalls \u00fcber den Grundversorger l\u00e4uft. Die Ersatzversorgung l\u00e4uft aber nur drei Monate, danach wird der Tarif automatisch zu einem Grundversorgungstarif umgewandelt. Falls Sie einen <a href=\"\/strompreisvergleich\/guenstige-stromanbieter\/\" data-type=\"page\" data-id=\"17262\">g\u00fcnstigeren Stromanbieter<\/a> gefunden haben, kommen Sie auch recht schnell aus Ihrem Grund- und Ersatzversorgungstarif raus: In der Grundversorgung m\u00fcssen Sie eine <strong>gesetzliche K\u00fcndigungsfrist von zwei Wochen<\/strong> beachten, in der Ersatzversorgung gibt es gar keine K\u00fcndigungsfrist. Daf\u00fcr, dass diese beiden Stromtarife oft teurer sind, haben sie also auch vergleichsweise flexible Laufzeiten.<\/p>\n<\/div><\/div>\n\n\n\n<div class=\"wp-block-group\"><div class=\"wp-block-group__inner-container is-layout-constrained wp-block-group-is-layout-constrained\">\n<figure class=\"wp-block-image alignwide size-full\"><img loading=\"lazy\" decoding=\"async\" width=\"1255\" height=\"836\" src=\"https:\/\/bild-staging.wechselpilot.com\/strompreisvergleich\/wp-content\/uploads\/Stromanbieter-Stuttgart.jpg\" alt=\"\" class=\"wp-image-17562\" srcset=\"https:\/\/bild-staging.wechselpilot.com\/strompreisvergleich\/wp-content\/uploads\/Stromanbieter-Stuttgart.jpg 1255w, https:\/\/bild-staging.wechselpilot.com\/strompreisvergleich\/wp-content\/uploads\/Stromanbieter-Stuttgart-300x200.jpg 300w, https:\/\/bild-staging.wechselpilot.com\/strompreisvergleich\/wp-content\/uploads\/Stromanbieter-Stuttgart-1024x682.jpg 1024w, https:\/\/bild-staging.wechselpilot.com\/strompreisvergleich\/wp-content\/uploads\/Stromanbieter-Stuttgart-768x512.jpg 768w\" sizes=\"auto, (max-width: 1255px) 100vw, 1255px\" \/><figcaption class=\"wp-element-caption\">Wechseln Sie j\u00e4hrlich Ihren Stromanbieter in Stuttgart &#8211; und entkommen Sie so steigenden Strompreisen. (Quelle: iStock)<\/figcaption><\/figure>\n<\/div><\/div>\n\n\n\n<div class=\"wp-block-group\"><div class=\"wp-block-group__inner-container is-layout-constrained wp-block-group-is-layout-constrained\">\n<h2 class=\"wp-block-heading has-wp-black-color has-text-color has-link-color wp-elements-fc48b2ca35dced6ae53cd163a28fc798\">So finden Sie Ihren besten Stromtarif in Stuttgart<\/h2>\n\n\n\n<p>Wenn Sie sich in der Grund- oder Ersatzversorgung befinden, oder aus anderen Gr\u00fcnden glauben, dass Sie zu viel f\u00fcr Ihren Stromvertrag bezahlen, k\u00f6nnen Sie sich mit einem Preisvergleich einen \u00dcberblick verschaffen. Das geht am besten mit unserem <a href=\"#ersparnis-berechnen\">Wechselrechner<\/a>. Daf\u00fcr geben Sie nur <strong>Ihre Postleitzahl und Ihren j\u00e4hrlichen Stromverbrauch<\/strong> an und bekommen eine Tarif\u00fcbersicht, in der auch aufgelistet ist, wie viel Sie mit welchem Tarif sparen k\u00f6nnen. Sobald Sie ein passendes Angebot gefunden haben, m\u00fcssen Sie sich nur noch entscheiden, ob Sie nur einmalig wechseln wollen oder lieber den j\u00e4hrlichen Wechselservice nutzen. Mit dem Wechselservice wechseln Sie <strong>jedes Jahr automatisch<\/strong> in den f\u00fcr Sie besten Tarif, ohne dass Sie etwas machen m\u00fcssen.<\/p>\n<\/div><\/div>\n\n\n\n<div class=\"wp-block-group\"><div class=\"wp-block-group__inner-container is-layout-constrained wp-block-group-is-layout-constrained\">\n<h2 class=\"wp-block-heading has-wp-black-color has-text-color has-link-color wp-elements-521fa321eb3de601347e0c758bf155ea\">Stuttgarter Strom gibt\u2019s auch in \u00d6ko<\/h2>\n\n\n\n<p>\u00dcber unseren Preisvergleich k\u00f6nnen Sie sich auch f\u00fcr einen Tarif mit <a href=\"\/strompreisvergleich\/oekostrom\/\" data-type=\"page\" data-id=\"17299\">\u00d6kostrom<\/a> entscheiden. In dem Fall beliefert Ihr Stromanbieter Sie mit Strom, der <strong>aus nachhaltigen Quellen<\/strong> gewonnen wurde. F\u00fcr Sie als Haushalt \u00e4ndert sich dabei \u00fcberhaupt nichts. Ob Ihr Strom aus erneuerbaren Energien oder aus fossilen Brennstoffen kommt, macht f\u00fcr Sie keinen Unterschied. Auch Ihre Stromrechnung w\u00fcrde sich nicht gro\u00dfartig \u00e4ndern. Heutzutage haben Tarife mit \u00d6kostrom und herk\u00f6mmliche Vertr\u00e4ge sehr oft einen \u00e4hnlichen Strompreis. Manchmal sind \u00d6kotarife sogar g\u00fcnstiger als andere Stromvertr\u00e4ge. Mit dem <strong>richtigen Timing und einem Preisvergleich<\/strong> k\u00f6nnen Sie also Geld sparen und gleichzeitig etwas f\u00fcr die Umwelt und Ihr Gewissen tun.\u00a0\u00dcber den <a href=\"#ersparnis-berechnen\">Vergleichsrechner<\/a> k\u00f6nnen Sie \u00fcbrigens auch herausfinden, ob sich ein \u00d6kostromtarif f\u00fcr Sie lohnt.<\/p>\n<\/div><\/div>\n\n\n\n<div class=\"wp-block-group\"><div class=\"wp-block-group__inner-container is-layout-constrained wp-block-group-is-layout-constrained\">\n<h2 class=\"wp-block-heading has-wp-black-color has-text-color has-link-color wp-elements-e0765f11fe64a9c6cee13cb876d5081a\">Dynamischer Strompreis in Stuttgart<\/h2>\n\n\n\n<p>\u00d6kotarife und herk\u00f6mmliche Tarife haben oft ein \u00e4hnliches Preisniveau. Sie haben ebenfalls gemeinsam, wie der Preis zusammengesetzt wird, n\u00e4mlich aus einem festen monatlichen Grundpreis und einem Arbeitspreis pro kWh, der \u00fcber die Vertragslaufzeit gleichbleibt. Hierin unterscheiden sie sich von <a href=\"\/strompreisvergleich\/dynamischer-stromtarif\/\" data-type=\"page\" data-id=\"17229\">dynamischen Stromtarifen<\/a> bzw. Flextarifen. Wie der Name schon sagt, bleibt der Preis bei solchen Vertr\u00e4gen nicht gleich, oft gibt es nur im ersten Monat einen festen Arbeitspreis. Danach <strong>orientiert er sich am B\u00f6rsenstrompreis<\/strong> und ver\u00e4ndert sich deswegen st\u00fcndlich, manchmal sind die Schwankungen st\u00e4rker, manchmal schw\u00e4cher. Zu bestimmten Zeiten kann der dynamische Strompreis deutlich unter dem Durchschnittspreis liegen, zu anderen Zeiten kann der Strom aber auch teurer sein. Um einen dynamischen Stromtarif also optimal nutzen zu k\u00f6nnen, sollten Sie Ihren Stromverbrauch am besten <strong>im Voraus planen k\u00f6nnen und an die Preisschwankungen anpassen.<\/strong> Denn nur so k\u00f6nnen Sie einen dynamischen Stromtarif wirklich optimal nutzen.\u00a0\u00a0<\/p>\n<\/div><\/div>\n","protected":false},"excerpt":{"rendered":"<p>Nachdem die Stuttgarter Strompreise in den vergangenen Jahren, wie auch sonst \u00fcberall in Deutschland, explodiert sind, zeigt sich inzwischen wieder eine r\u00fcckl\u00e4ufige Tendenz, die aber nicht alle Haushalte auch f\u00fcr sich nutzen. Denn nur Neukunden merken wirklich etwas von sinkenden Strompreisen, Bestandskunden zahlen oft deutlich mehr. Und wenn Sie noch nie Ihren Stromvertrag gewechselt haben, [&hellip;]<\/p>\n","protected":false},"author":15,"featured_media":0,"parent":0,"menu_order":0,"comment_status":"closed","ping_status":"closed","template":"","meta":{"_acf_changed":false,"inline_featured_image":false,"footnotes":""},"class_list":["post-17559","page","type-page","status-publish","hentry"],"acf":[],"_links":{"self":[{"href":"https:\/\/bild-staging.wechselpilot.com\/strompreisvergleich\/wp-json\/wp\/v2\/pages\/17559","targetHints":{"allow":["GET"]}}],"collection":[{"href":"https:\/\/bild-staging.wechselpilot.com\/strompreisvergleich\/wp-json\/wp\/v2\/pages"}],"about":[{"href":"https:\/\/bild-staging.wechselpilot.com\/strompreisvergleich\/wp-json\/wp\/v2\/types\/page"}],"author":[{"embeddable":true,"href":"https:\/\/bild-staging.wechselpilot.com\/strompreisvergleich\/wp-json\/wp\/v2\/users\/15"}],"replies":[{"embeddable":true,"href":"https:\/\/bild-staging.wechselpilot.com\/strompreisvergleich\/wp-json\/wp\/v2\/comments?post=17559"}],"version-history":[{"count":6,"href":"https:\/\/bild-staging.wechselpilot.com\/strompreisvergleich\/wp-json\/wp\/v2\/pages\/17559\/revisions"}],"predecessor-version":[{"id":17566,"href":"https:\/\/bild-staging.wechselpilot.com\/strompreisvergleich\/wp-json\/wp\/v2\/pages\/17559\/revisions\/17566"}],"wp:attachment":[{"href":"https:\/\/bild-staging.wechselpilot.com\/strompreisvergleich\/wp-json\/wp\/v2\/media?parent=17559"}],"curies":[{"name":"wp","href":"https:\/\/api.w.org\/{rel}","templated":true}]}}