{"id":17548,"date":"2024-07-25T12:32:14","date_gmt":"2024-07-25T10:32:14","guid":{"rendered":"https:\/\/bild-staging.wechselpilot.com\/strompreisvergleich\/?page_id=17548"},"modified":"2025-03-12T10:13:07","modified_gmt":"2025-03-12T09:13:07","slug":"stromanbieter-in-dortmund","status":"publish","type":"page","link":"https:\/\/bild-staging.wechselpilot.com\/strompreisvergleich\/stromanbieter-in-dortmund\/","title":{"rendered":"Stromanbieter in Dortmund"},"content":{"rendered":"\n<div class=\"wp-block-group\"><div class=\"wp-block-group__inner-container is-layout-constrained wp-block-group-is-layout-constrained\"><!-- HEADLINE: START -->\n<h1 id='berechnen' title='Strompreise in Dortmund: Was ist wichtig?' class=\"wp_headline mb-6 text-black text-xl lg:text-3xl font-heading font-black  text-left \">\n  Strompreise in Dortmund: Was ist wichtig?<\/h1>\n<!-- HEADLINE: END -->\n\n\n<p>Stromtarife werden langsam wieder g\u00fcnstiger \u2013 allerdings gilt das oft nur f\u00fcr Neukunden. Wenn Sie Ihren Strom schon seit mehreren Jahren immer \u00fcber den gleichen Vertrag beziehen, zahlen Sie wahrscheinlich zu viel \u2013 besonders wenn der Vertrag zwischen 2022 und 2023 abgeschlossen wurde, als die Energiepreise rasant angestiegen sind. In jedem Fall lohnt es sich also ein Preisvergleich, um sich einen \u00dcberblick \u00fcber die aktuellen Preise zu verschaffen. Au\u00dferdem lohnt es sich ebenfalls, j\u00e4hrlich den Stromanbieter zu wechseln, weil Sie nur so <strong>immer den besten Preis erwischen.<\/strong>&nbsp;Wie Sie die besten Stromanbieter in Dortmund finden, erfahren Sie hier!<\/p>\n\n\n\n<div style=\"height:65px\" aria-hidden=\"true\" class=\"wp-block-spacer\"><\/div>\n\n\n\n<p class=\"has-text-align-center\" id=\"ersparnis-berechnen\">Wie viel sparen Sie mit einem Stromwechsel wirklich? Wir berechnen sofort Ihre potenzielle Ersparnis!<\/p>\n\n\n\n<!-- CALCULATOR: Start -->\n<div class=\"relative\">\n\t<div class=\"relative w-full z-20 shadow\" id='wechselpilot-calculator'\n\t\tdata-widget-type='affiliate-advanced'\n\t\tdata-default-view='electricity'\n\t\tdata-filter-modes='electricity,heatpump,nightstorage'\n\t\tdata-environment='staging'\n\t\tdata-branch='staging'\n\t\tdata-api-token='367a33a3-513f-a4b3-048e-de0418e61999'\n\t\tdata-calculator-refid='bildzeitung'\n\t\tdata-green-only='0'\n\t\tdata-commercial-only='0'\n\t\t>\n\t<\/div>\n<\/div><\/div><\/div>\n\n\n\n<div class=\"wp-block-group\"><div class=\"wp-block-group__inner-container is-layout-constrained wp-block-group-is-layout-constrained\">\n<h2 class=\"wp-block-heading has-wp-black-color has-text-color has-link-color wp-elements-8df23f77c4b36005f66ac6551ec092ac\">So wechseln Sie Ihren Stromvertrag in Dortmund am einfachsten<\/h2>\n\n\n\n<p>Wenn Sie glauben, zu viel f\u00fcr Ihren Stromvertrag zu zahlen, kann sich ein Preisvergleich lohnen. Das geht am einfachsten, indem Sie den <a href=\"#ersparnis-berechnen\">Vergleichsrechner<\/a> nutzen. Hierf\u00fcr geben Sie nur <strong>Ihre Postleitzahl und Ihren j\u00e4hrlichen Stromverbrauch<\/strong> an und bekommen eine \u00dcbersicht mit Tarifangeboten und einer Info dar\u00fcber, wie viel Sie pro Jahr sparen k\u00f6nnen. Wenn Sie nun den f\u00fcr Sie attraktivsten Tarif gefunden haben, m\u00fcssen Sie nur noch entscheiden, ob Sie nur einmal wechseln wollen oder lieber den j\u00e4hrlichen Wechselservice nutzen. Mit dem Wechselservice wechseln Sie <strong>jedes Jahr automatisch<\/strong> in den f\u00fcr Sie besten Tarif \u2013 und Sie m\u00fcssen gar nichts machen, au\u00dfer sich zur\u00fcckzulehnen. Ein Preisvergleich lohnt sich vor allem dann, wenn Sie sich in der Grundversorgung befinden, denn diese ist in der Regel teurer als andere Tarife.&nbsp;<\/p>\n<\/div><\/div>\n\n\n\n<div class=\"wp-block-group\"><div class=\"wp-block-group__inner-container is-layout-constrained wp-block-group-is-layout-constrained\">\n<figure class=\"wp-block-image alignwide size-full\"><img loading=\"lazy\" decoding=\"async\" width=\"1256\" height=\"835\" src=\"https:\/\/bild-staging.wechselpilot.com\/strompreisvergleich\/wp-content\/uploads\/Stromanbieter-Dortmund.jpg\" alt=\"\" class=\"wp-image-17551\" srcset=\"https:\/\/bild-staging.wechselpilot.com\/strompreisvergleich\/wp-content\/uploads\/Stromanbieter-Dortmund.jpg 1256w, https:\/\/bild-staging.wechselpilot.com\/strompreisvergleich\/wp-content\/uploads\/Stromanbieter-Dortmund-300x199.jpg 300w, https:\/\/bild-staging.wechselpilot.com\/strompreisvergleich\/wp-content\/uploads\/Stromanbieter-Dortmund-1024x681.jpg 1024w, https:\/\/bild-staging.wechselpilot.com\/strompreisvergleich\/wp-content\/uploads\/Stromanbieter-Dortmund-768x511.jpg 768w\" sizes=\"auto, (max-width: 1256px) 100vw, 1256px\" \/><figcaption class=\"wp-element-caption\">Die Auswahl an Stromanbietern in Dortmund ist gro\u00df &#8211; ein j\u00e4hrlicher Wechsel lohnt sich. (Quelle: iStock)<\/figcaption><\/figure>\n<\/div><\/div>\n\n\n\n<div class=\"wp-block-group\"><div class=\"wp-block-group__inner-container is-layout-constrained wp-block-group-is-layout-constrained\">\n<h2 class=\"wp-block-heading has-wp-black-color has-text-color has-link-color wp-elements-4843c642b94217c927ca931c976d667d\">Grundversorgung in Dortmund \u2013 Das sollten Sie wissen<\/h2>\n\n\n\n<p>Ein Grundversorgungstarif ist eigentlich ein Stromtarif wie jeder andere. Neben dem meistens h\u00f6heren Preis, liegt der Unterschied vor allem darin, dass die Grundversorgung Sie immer automatisch mit Strom beliefert, wenn Sie sich nicht <strong>aktiv f\u00fcr einen anderen Stromvertrag<\/strong> entscheiden. K\u00fcndigen Sie Ihren Stromvertrag, ohne einen neuen abzuschlie\u00dfen, oder wenn Ihr Stromanbieter Sie nicht mehr beliefern kann, landen Sie erstmal in einem Ersatzversorgungstarif, der nach drei Monaten automatisch zum Grundversorgungstarif umgewandelt wird. In beiden F\u00e4llen versorgt Sie der regionale Grundversorger mit Strom. Wenn Sie zu einem <a href=\"\/strompreisvergleich\/guenstige-stromanbieter\/\" data-type=\"page\" data-id=\"17262\">g\u00fcnstigeren Stromanbieter<\/a> wechseln wollen, k\u00f6nnen Sie Ihren Grundversorgungstarif mit einer K\u00fcndigungsfrist von zwei Wochen k\u00fcndigen. In der Ersatzversorgung haben Sie keine K\u00fcndigungsfrist.&nbsp;<\/p>\n\n\n\n<p>Der regionale Netzbetreiber ernennt den Grundversorger immer mit einer <strong>Laufzeit von drei Jahren.<\/strong> Die Wahl f\u00e4llt dabei immer auf das Unternehmen, das die meisten Haushalte der Region mit Strom beliefert. In Dortmund ist das f\u00fcr den Zeitraum vom 1. Januar 2025 bis zum 31. Dezember 2027 die Dortmunder Energie- und Wasserversorgung GmbH (DEW21). Dortmunder Netzbetreiber ist \u00fcbrigens die Dortmunder Netz GmbH. Die DEW21 beteiligt sich zu 100 Prozent an der Dortmunder Netz GmbH. An der DEW21 wiederum halten die Dortmunder Stadtwerke (DSW21) eine etwa sechzigprozentige Beteiligung und die Westenergie AG den restlichen Anteil.\u00a0<\/p>\n\n\n\n<p>Au\u00dferdem noch interessant: Die DEW21 hat auch einen Stromtarif im Angebot, der als offizielles Lizenzprodukt von Borussia Dortmund beworben wird. Neukunden erhalten dabei einen BVB-Gutschein im Wert von 100 Euro als Neukundenbonus und haben zus\u00e4tzlich die Chance Tickets, signierte Trikots und Meet &amp; Greets zu gewinnen.&nbsp;<\/p>\n<\/div><\/div>\n\n\n\n<div class=\"wp-block-group\"><div class=\"wp-block-group__inner-container is-layout-constrained wp-block-group-is-layout-constrained\">\n<h2 class=\"wp-block-heading has-wp-black-color has-text-color has-link-color wp-elements-ce1151390d9ad51dabdd523c8baf0df2\">Herk\u00f6mmlicher Strom oder \u00d6kostrom in Dortmund?<\/h2>\n\n\n\n<p>Die Entscheidung zwischen Strom aus erneuerbaren oder fossilen Quellen hat f\u00fcr Sie und Ihren Haushalt eigentlich <strong>keine gro\u00dfen Auswirkungen.<\/strong> Sie w\u00fcrden in Ihrem Alltag keinen Unterschied erkennen. Auch preislich haben sich die Differenzen zwischen <a href=\"\/strompreisvergleich\/oekostrom\/\" data-type=\"page\" data-id=\"17299\">\u00d6kotarifen<\/a> und herk\u00f6mmlichen Tarifen inzwischen angeglichen. Es gibt keine wirklichen Unterschiede mehr zwischen den beiden Varianten. Mit etwas Gl\u00fcck und gutem Timing ist Ihr \u00d6kostromtarif sogar g\u00fcnstiger als ein Tarif f\u00fcr herk\u00f6mmlichen Strom. F\u00fcr die Stromanbieter dagegen macht es schon einen Unterschied, denn der Anteil der \u00d6kostromtarife bestimmt den Anteil des Stroms aus erneuerbaren Energien am gesamten Strommix des Unternehmens. In Dortmund bieten die meisten Stromunternehmen auch \u00d6kotarife an.&nbsp;Ob sich \u00d6kostrom f\u00fcr Sie lohnt, k\u00f6nnen Sie \u00fcber unseren <a href=\"#ersparnis-berechnen\">Vergleichsrechner<\/a> herausfinden.<\/p>\n<\/div><\/div>\n\n\n\n<div class=\"wp-block-group\"><div class=\"wp-block-group__inner-container is-layout-constrained wp-block-group-is-layout-constrained\">\n<h2 class=\"wp-block-heading has-wp-black-color has-text-color has-link-color wp-elements-ff8f4965746cbaebf70f7793ea4d073e\">Dynamische Strompreise in Dortmund<\/h2>\n\n\n\n<p>Egal ob \u00d6kostrom oder herk\u00f6mmlicher Strom, normalerweise haben alle Tarife einen festen monatlichen Grundpreis und einen festen Arbeitspreis pro kWh. Beide Preise bleiben \u00fcber die gesamte Vertragslaufzeit gleich. Das ist nicht so, wenn Sie einen dynamischen Stromtarif bzw. einen Flextarif abgeschlossen haben. Ein solcher Tarif zeichnet sich dadurch aus, dass der Arbeitspreis eben nicht fest ist, sondern sich <strong>am B\u00f6rsenstrompreis orientiert.<\/strong> Das bedeutet, er ist st\u00fcndlichen Schwankungen ausgesetzt, zu manchen Zeiten ist er h\u00f6her als der durchschnittliche Strompreis anderer Anbieter, zu anderen Zeiten ist er g\u00fcnstiger. Um einen dynamischen Stromtarif also wirklich sinnvoll zu nutzen, sollten Sie sich im Klaren dar\u00fcber sein, zu welchen Zeiten der Strompreis besonders g\u00fcnstig ist. Nur so k\u00f6nnen sie auch von den niedrigen Preisen profitieren.&nbsp;<\/p>\n<\/div><\/div>\n","protected":false},"excerpt":{"rendered":"<p>Stromtarife werden langsam wieder g\u00fcnstiger \u2013 allerdings gilt das oft nur f\u00fcr Neukunden. Wenn Sie Ihren Strom schon seit mehreren Jahren immer \u00fcber den gleichen Vertrag beziehen, zahlen Sie wahrscheinlich zu viel \u2013 besonders wenn der Vertrag zwischen 2022 und 2023 abgeschlossen wurde, als die Energiepreise rasant angestiegen sind. In jedem Fall lohnt es sich [&hellip;]<\/p>\n","protected":false},"author":15,"featured_media":0,"parent":0,"menu_order":0,"comment_status":"closed","ping_status":"closed","template":"","meta":{"_acf_changed":false,"inline_featured_image":false,"footnotes":""},"class_list":["post-17548","page","type-page","status-publish","hentry"],"acf":[],"_links":{"self":[{"href":"https:\/\/bild-staging.wechselpilot.com\/strompreisvergleich\/wp-json\/wp\/v2\/pages\/17548","targetHints":{"allow":["GET"]}}],"collection":[{"href":"https:\/\/bild-staging.wechselpilot.com\/strompreisvergleich\/wp-json\/wp\/v2\/pages"}],"about":[{"href":"https:\/\/bild-staging.wechselpilot.com\/strompreisvergleich\/wp-json\/wp\/v2\/types\/page"}],"author":[{"embeddable":true,"href":"https:\/\/bild-staging.wechselpilot.com\/strompreisvergleich\/wp-json\/wp\/v2\/users\/15"}],"replies":[{"embeddable":true,"href":"https:\/\/bild-staging.wechselpilot.com\/strompreisvergleich\/wp-json\/wp\/v2\/comments?post=17548"}],"version-history":[{"count":8,"href":"https:\/\/bild-staging.wechselpilot.com\/strompreisvergleich\/wp-json\/wp\/v2\/pages\/17548\/revisions"}],"predecessor-version":[{"id":18003,"href":"https:\/\/bild-staging.wechselpilot.com\/strompreisvergleich\/wp-json\/wp\/v2\/pages\/17548\/revisions\/18003"}],"wp:attachment":[{"href":"https:\/\/bild-staging.wechselpilot.com\/strompreisvergleich\/wp-json\/wp\/v2\/media?parent=17548"}],"curies":[{"name":"wp","href":"https:\/\/api.w.org\/{rel}","templated":true}]}}