{"id":17540,"date":"2024-07-19T09:08:06","date_gmt":"2024-07-19T07:08:06","guid":{"rendered":"https:\/\/bild-staging.wechselpilot.com\/strompreisvergleich\/?page_id=17540"},"modified":"2024-09-23T14:01:17","modified_gmt":"2024-09-23T12:01:17","slug":"stromanbieter-in-leipzig","status":"publish","type":"page","link":"https:\/\/bild-staging.wechselpilot.com\/strompreisvergleich\/stromanbieter-in-leipzig\/","title":{"rendered":"Stromanbieter in Leipzig"},"content":{"rendered":"\n<div class=\"wp-block-group\"><div class=\"wp-block-group__inner-container is-layout-constrained wp-block-group-is-layout-constrained\"><!-- HEADLINE: START -->\n<h1 id='berechnen' title='Stromtarife in Leipzig: Anbieter vergleichen und wechseln' class=\"wp_headline mb-6 text-black text-xl lg:text-3xl font-heading font-black  text-left \">\n  Stromtarife in Leipzig: Anbieter vergleichen und wechseln<\/h1>\n<!-- HEADLINE: END -->\n\n\n<p>In Leipzig haben Sie die Auswahl aus \u00fcber 200 verschiedenen Stromtarifen mit eigenen Preisen. Da ist es gar nicht mal so einfach, immer den \u00dcberblick zu behalten und den besten Stromtarif zu finden. Aber das m\u00fcssen Sie auch gar nicht, denn mit unserem Vergleichsrechner k\u00f6nnen Sie schnell und problemlos den f\u00fcr Sie besten Tarif finden und dahinwechseln. Aber lohnt sich ein Stromtarifvergleich f\u00fcr Sie \u00fcberhaupt? Nat\u00fcrlich, grunds\u00e4tzlich ist ein <a href=\"\/strompreisvergleich\/\" data-type=\"page\" data-id=\"13\">Preisvergleich<\/a> <strong>immer sinnvoll,<\/strong> aber besonders dann, wenn Ihr letzter Wechsel schon ein paar Jahre her ist oder Sie noch nie gewechselt haben. Unter Umst\u00e4nden befinden Sie sich sogar in der Grundversorgung, die meistens teurer ist als andere Tarife.\u00a0Hier erfahren Sie, was Sie zu den Stromanbietern in Leipzig wissen sollten und wie sie einfach und schnell Ihren Stromvertrag wechseln!<\/p>\n\n\n\n<div style=\"height:65px\" aria-hidden=\"true\" class=\"wp-block-spacer\"><\/div>\n\n\n\n<p class=\"has-text-align-center\" id=\"ersparnis-berechnen\">Wie viel sparen Sie mit einem Stromwechsel wirklich? Wir berechnen sofort Ihre potenzielle Ersparnis!<\/p>\n\n\n\n<!-- CALCULATOR: Start -->\n<div class=\"relative\">\n\t<div class=\"relative w-full z-20 shadow\" id='wechselpilot-calculator'\n\t\tdata-widget-type='affiliate-advanced'\n\t\tdata-default-view='electricity'\n\t\tdata-filter-modes='electricity,heatpump,nightstorage'\n\t\tdata-environment='staging'\n\t\tdata-branch='staging'\n\t\tdata-api-token='367a33a3-513f-a4b3-048e-de0418e61999'\n\t\tdata-calculator-refid='bildzeitung'\n\t\tdata-green-only='0'\n\t\tdata-commercial-only='0'\n\t\t>\n\t<\/div>\n<\/div><\/div><\/div>\n\n\n\n<div class=\"wp-block-group\"><div class=\"wp-block-group__inner-container is-layout-constrained wp-block-group-is-layout-constrained\">\n<h2 class=\"wp-block-heading has-wp-black-color has-text-color has-link-color wp-elements-ecb2faf3b507123aa35543304c8b88db\">Leipziger Stadtwerke: Ihre Grundversorgung<\/h2>\n\n\n\n<p>Ein regionaler Grundversorger versorgt Sie mit Strom, wenn Sie Ihren Strom nicht mehr \u00fcber einen anderen Stromvertrag mit einem Stromanbieter beziehen. Nachdem Sie Ihren Stromvertrag gek\u00fcndigt haben oder wenn Ihr Stromanbieter Sie nicht mehr beliefern kann, landen Sie vorerst <strong>automatisch in einer gesetzlich vorgeschriebenen Notversorgung,<\/strong> einem Ersatzversorgungstarif. Wenn Sie innerhalb von drei Monaten keinen anderen Stromvertrag abschlie\u00dfen, wird die Ersatzversorgung automatisch in einen Grundversorgungstarif umgewandelt. Ihr regionaler Grundversorger k\u00fcmmert sich sowohl um die Ersatzversorgung als auch um die Grundversorgung. Wenn Sie von der Grundversorgung zu einem <a href=\"\/strompreisvergleich\/guenstige-stromanbieter\/\" data-type=\"page\" data-id=\"17262\">g\u00fcnstigeren Stromanbieter<\/a> wechseln wollen, haben Sie eine <strong>gesetzliche K\u00fcndigungsfrist von zwei Wochen.<\/strong> In der Ersatzversorgung gibt es keine K\u00fcndigungsfrist.\u00a0<\/p>\n\n\n\n<p>Ihr Grundversorger in Leipzig sind die Leipziger Stadtwerke, ein Tochterunternehmen der Leipziger Versorgungs- und Verkehrsgesellschaft mbH, die wiederum zu 100 Prozent der Stadt Leipzig geh\u00f6rt. Die Stadtwerke Leipzig versorgen in Leipzig und der Region mehr als 200.000 Haushalte. Grundversorger werden vom regionalen Netzbetreiber immer auf eine Laufzeit von drei Jahren bestimmt.&nbsp;<\/p>\n<\/div><\/div>\n\n\n\n<div class=\"wp-block-group\"><div class=\"wp-block-group__inner-container is-layout-constrained wp-block-group-is-layout-constrained\">\n<figure class=\"wp-block-image alignwide size-full\"><img loading=\"lazy\" decoding=\"async\" width=\"1255\" height=\"836\" src=\"https:\/\/bild-staging.wechselpilot.com\/strompreisvergleich\/wp-content\/uploads\/Stromanbieter-Leipzig.jpg\" alt=\"\" class=\"wp-image-17541\" srcset=\"https:\/\/bild-staging.wechselpilot.com\/strompreisvergleich\/wp-content\/uploads\/Stromanbieter-Leipzig.jpg 1255w, https:\/\/bild-staging.wechselpilot.com\/strompreisvergleich\/wp-content\/uploads\/Stromanbieter-Leipzig-300x200.jpg 300w, https:\/\/bild-staging.wechselpilot.com\/strompreisvergleich\/wp-content\/uploads\/Stromanbieter-Leipzig-1024x682.jpg 1024w, https:\/\/bild-staging.wechselpilot.com\/strompreisvergleich\/wp-content\/uploads\/Stromanbieter-Leipzig-768x512.jpg 768w\" sizes=\"auto, (max-width: 1255px) 100vw, 1255px\" \/><figcaption class=\"wp-element-caption\">Die Strompreisb\u00f6rse praktisch vor der Haust\u00fcr &#8211; Vergleichen Sie jetzt Stromanbieter in Leipzig. (Quelle: iStock)<\/figcaption><\/figure>\n<\/div><\/div>\n\n\n\n<div class=\"wp-block-group\"><div class=\"wp-block-group__inner-container is-layout-constrained wp-block-group-is-layout-constrained\">\n<h2 class=\"wp-block-heading has-wp-black-color has-text-color has-link-color wp-elements-ec82f03c3b7fba5f51a5801f4e8934ce\">So finden Sie den besten Stromtarif in Leipzig<\/h2>\n\n\n\n<p>Wenn Sie sich also in der Grundversorgung befinden oder glauben, dass Sie zu viel f\u00fcr Ihren Strom bezahlen, k\u00f6nnte ein Strompreisvergleich sinnvoll sein. Dazu nutzen Sie am besten unseren <a href=\"#ersparnis-berechnen\">Ersparnisrechner<\/a>, um einfach und schnell den f\u00fcr Sie besten Vertrag zu finden. Sie m\u00fcssen nur <strong>Ihre Postleitzahl und Ihren j\u00e4hrlichen Stromverbrauch<\/strong> angeben und erhalten eine Tarif\u00fcbersicht und eine Auflistung der jeweiligen Einsparpotenziale. Wenn Sie sich f\u00fcr einen Tarif entschieden haben, k\u00f6nnen Sie noch ausw\u00e4hlen, ob Sie nur einmalig in diesen Vertrag wechseln m\u00f6chten oder lieber unseren Wechselservice nutzen. Mit dem Wechselservice wechseln Sie jedes Jahr <strong>automatisch in den f\u00fcr Sie besten Tarif<\/strong> und Sie k\u00f6nnen sich entspannt zur\u00fccklehnen.<\/p>\n<\/div><\/div>\n\n\n\n<div class=\"wp-block-group\"><div class=\"wp-block-group__inner-container is-layout-constrained wp-block-group-is-layout-constrained\">\n<h2 class=\"wp-block-heading has-wp-black-color has-text-color has-link-color wp-elements-f0e7962f3aeed5b421197e4078ac4602\">\u00d6kostrom in Leipzig<\/h2>\n\n\n\n<p>Leipzig hat auch ein gro\u00dfes Angebot an \u00d6kostromtarifen. Fast alle Stromanbieter bieten mindestens einen \u00d6kostromtarif an. Insgesamt liefern mehr als 150 Tarife \u00d6kostrom, wobei die Anzahl der Anbieter, die sich auch aktiv an der F\u00f6rderung und dem Ausbau erneuerbarer Energien in der Region beteiligen deutlich geringer ist.&nbsp;<\/p>\n\n\n\n<p>Ob Ihr Strom nun aus erneuerbaren oder aus fossilen Energien stammt, macht f\u00fcr Sie als Endverbraucher eigentlich keinen Unterschied. Auch preislich gibt es zwischen den verschiedenen Energiequellen inzwischen keine gro\u00dfen Unterschiede mehr. Teilweise sind die \u00d6kostromtarife <strong>sogar g\u00fcnstiger<\/strong> als die herk\u00f6mmlichen Auswahlm\u00f6glichkeiten. Ob sich ein \u00d6kostromtarif f\u00fcr Sie lohnt, finden Sie \u00fcbrigens auch mit unserem <a href=\"\/strompreisvergleich\/\" data-type=\"page\" data-id=\"13\">Preisvergleich<\/a> heraus!<\/p>\n<\/div><\/div>\n\n\n\n<div class=\"wp-block-group\"><div class=\"wp-block-group__inner-container is-layout-constrained wp-block-group-is-layout-constrained\">\n<h2 class=\"wp-block-heading has-wp-black-color has-text-color has-link-color wp-elements-81a7abec0b3b3ac98303639928fbe58c\">Dynamische Stromtarife in Leipzig<\/h2>\n\n\n\n<p>Egal ob \u00d6kostrom oder herk\u00f6mmlicher Strom, normalerweise haben Stromtarife einen festen monatlichen Grundpreis und einen Arbeitspreis pro kWh, der w\u00e4hrend der Vertragslaufzeit gleichbleibt. Wenn Sie Ihren Stromverbrauch bereits im Vorfeld planen k\u00f6nnen, zum Beispiel, wenn Sie ein E-Auto laden oder zu bestimmten Zeiten einen deutlich h\u00f6heren Stromverbrauch haben, kann ein dynamischer Stromtarif (auch Flextarif genannt) sinnvoll sein. Dynamische Stromtarife haben im ersten Monat oft einen festen Arbeitspreis, der sich ab dem zweiten Vertragsmonat aber am B\u00f6rsenstrompreis orientiert und deswegen <strong>st\u00fcndlich variieren kann.<\/strong> Sie k\u00f6nnen also zu bestimmten Tageszeiten von niedrigen <a href=\"\/strompreisvergleich\/strompreis\/\" data-type=\"page\" data-id=\"17266\">Strompreisen<\/a> profitieren, w\u00e4hrend die Preise zu anderen Zeiten unter Umst\u00e4nden h\u00f6her sind als die Durchschnittspreise der anderen Anbieter. Noch ein Fun Fact: Wenn Sie in Leipzig wohnen, haben Sie den europ\u00e4ischen Strommarkt praktisch vor der Haust\u00fcr. Die Energieb\u00f6rse European Energy Exchange (EEX) hat Ihren Sitz in Leipzig.\u00a0<\/p>\n<\/div><\/div>\n","protected":false},"excerpt":{"rendered":"<p>In Leipzig haben Sie die Auswahl aus \u00fcber 200 verschiedenen Stromtarifen mit eigenen Preisen. Da ist es gar nicht mal so einfach, immer den \u00dcberblick zu behalten und den besten Stromtarif zu finden. Aber das m\u00fcssen Sie auch gar nicht, denn mit unserem Vergleichsrechner k\u00f6nnen Sie schnell und problemlos den f\u00fcr Sie besten Tarif finden [&hellip;]<\/p>\n","protected":false},"author":15,"featured_media":0,"parent":0,"menu_order":0,"comment_status":"closed","ping_status":"closed","template":"","meta":{"_acf_changed":false,"inline_featured_image":false,"footnotes":""},"class_list":["post-17540","page","type-page","status-publish","hentry"],"acf":[],"_links":{"self":[{"href":"https:\/\/bild-staging.wechselpilot.com\/strompreisvergleich\/wp-json\/wp\/v2\/pages\/17540","targetHints":{"allow":["GET"]}}],"collection":[{"href":"https:\/\/bild-staging.wechselpilot.com\/strompreisvergleich\/wp-json\/wp\/v2\/pages"}],"about":[{"href":"https:\/\/bild-staging.wechselpilot.com\/strompreisvergleich\/wp-json\/wp\/v2\/types\/page"}],"author":[{"embeddable":true,"href":"https:\/\/bild-staging.wechselpilot.com\/strompreisvergleich\/wp-json\/wp\/v2\/users\/15"}],"replies":[{"embeddable":true,"href":"https:\/\/bild-staging.wechselpilot.com\/strompreisvergleich\/wp-json\/wp\/v2\/comments?post=17540"}],"version-history":[{"count":5,"href":"https:\/\/bild-staging.wechselpilot.com\/strompreisvergleich\/wp-json\/wp\/v2\/pages\/17540\/revisions"}],"predecessor-version":[{"id":17547,"href":"https:\/\/bild-staging.wechselpilot.com\/strompreisvergleich\/wp-json\/wp\/v2\/pages\/17540\/revisions\/17547"}],"wp:attachment":[{"href":"https:\/\/bild-staging.wechselpilot.com\/strompreisvergleich\/wp-json\/wp\/v2\/media?parent=17540"}],"curies":[{"name":"wp","href":"https:\/\/api.w.org\/{rel}","templated":true}]}}