{"id":17532,"date":"2024-07-19T08:16:36","date_gmt":"2024-07-19T06:16:36","guid":{"rendered":"https:\/\/bild-staging.wechselpilot.com\/strompreisvergleich\/?page_id=17532"},"modified":"2024-09-23T11:47:23","modified_gmt":"2024-09-23T09:47:23","slug":"stromanbieter-in-halle-saale","status":"publish","type":"page","link":"https:\/\/bild-staging.wechselpilot.com\/strompreisvergleich\/stromanbieter-in-halle-saale\/","title":{"rendered":"Stromanbieter in Halle (Saale)"},"content":{"rendered":"\n<div class=\"wp-block-group\"><div class=\"wp-block-group__inner-container is-layout-constrained wp-block-group-is-layout-constrained\"><!-- HEADLINE: START -->\n<h1 id='berechnen' title='Strom in Halle: Richtig vergleichen und wechseln' class=\"wp_headline mb-6 text-black text-xl lg:text-3xl font-heading font-black  text-left \">\n  Strom in Halle: Richtig vergleichen und wechseln<\/h1>\n<!-- HEADLINE: END -->\n\n\n<p>In Halle an der Saale bieten sowohl gro\u00dfe bekannte Energieunternehmen als auch kleinere regionale Stromanbieter ihre Stromtarife an, aus denen Sie sich einen Vertrag aussuchen k\u00f6nnen. Und dieses Angebot sollten Sie auch nutzen, ansonsten zahlen Sie <strong>sehr wahrscheinlich zu viel<\/strong> f\u00fcr Ihren Stromvertrag oder befinden sich sogar in der oft teureren Grundversorgung. Den <a href=\"\/strompreisvergleich\/guenstige-stromanbieter\/\" data-type=\"page\" data-id=\"17262\">g\u00fcnstigsten Stromanbieter<\/a> finden Sie ganz einfach mit einem Preisvergleich. Hier erfahren Sie, was Sie wissen sollten und wie Sie schnell und problemlos wechseln!<\/p>\n\n\n\n<div style=\"height:65px\" aria-hidden=\"true\" class=\"wp-block-spacer\"><\/div>\n\n\n\n<p class=\"has-text-align-center\" id=\"ersparnis-berechnen\">Wie viel sparen Sie mit einem Stromwechsel wirklich? Wir berechnen sofort Ihre potenzielle Ersparnis!<\/p>\n\n\n\n<!-- CALCULATOR: Start -->\n<div class=\"relative\">\n\t<div class=\"relative w-full z-20 shadow\" id='wechselpilot-calculator'\n\t\tdata-widget-type='affiliate-advanced'\n\t\tdata-default-view='electricity'\n\t\tdata-filter-modes='electricity,heatpump,nightstorage'\n\t\tdata-environment='staging'\n\t\tdata-branch='staging'\n\t\tdata-api-token='367a33a3-513f-a4b3-048e-de0418e61999'\n\t\tdata-calculator-refid='bildzeitung'\n\t\tdata-green-only='0'\n\t\tdata-commercial-only='0'\n\t\t>\n\t<\/div>\n<\/div><\/div><\/div>\n\n\n\n<div class=\"wp-block-group\"><div class=\"wp-block-group__inner-container is-layout-constrained wp-block-group-is-layout-constrained\">\n<h2 class=\"wp-block-heading has-wp-black-color has-text-color has-link-color wp-elements-a8ca4d98b49804e3986d27200c913129\">So finden Sie Ihren besten Stromtarif in Halle<\/h2>\n\n\n\n<p>Welcher der beste Stromtarif f\u00fcr Sie pers\u00f6nlich ist, h\u00e4ngt immer davon ab, was Ihnen wichtig ist. F\u00fcr die meisten Menschen ist vor allem der Strompreis wichtig, der Vertrag soll m\u00f6glichst g\u00fcnstig sein. Au\u00dferdem schauen Menschen immer h\u00e4ufiger darauf, dass es sich um einen \u00d6kostromtarif handelt. Was auch immer Ihnen wichtig ist, mit unserem <a href=\"\/strompreisvergleich\/\" data-type=\"page\" data-id=\"13\">Preisvergleich<\/a> finden Sie schnell und einfach den f\u00fcr Sie besten Stromtarif. Sie m\u00fcssen nur <strong>Ihre Postleitzahl und Ihren j\u00e4hrlichen Stromverbrauch<\/strong> angeben. Daf\u00fcr erhalten Sie eine Tarif\u00fcbersicht mit einer Auflistung der jeweiligen Einsparpotenziale, einer Bewertung der Angebote und au\u00dferdem einige Alternativen mit \u00d6kostrom. Haben Sie einen Tarif ausgew\u00e4hlt, m\u00fcssen Sie nur noch entscheiden, ob Sie nur einmalig wechseln wollen oder lieber den Wechselservice nutzen. Mit dem Wechselservice wechseln Sie jedes Jahr <strong>automatisch<\/strong> in den f\u00fcr Sie besten Tarif, ohne dass Sie etwas machen m\u00fcssen.\u00a0<\/p>\n<\/div><\/div>\n\n\n\n<div class=\"wp-block-group\"><div class=\"wp-block-group__inner-container is-layout-constrained wp-block-group-is-layout-constrained\">\n<figure class=\"wp-block-image alignwide size-full\"><img loading=\"lazy\" decoding=\"async\" width=\"1254\" height=\"836\" src=\"https:\/\/bild-staging.wechselpilot.com\/strompreisvergleich\/wp-content\/uploads\/Stromanbieter-Halle.jpg\" alt=\"\" class=\"wp-image-17536\" srcset=\"https:\/\/bild-staging.wechselpilot.com\/strompreisvergleich\/wp-content\/uploads\/Stromanbieter-Halle.jpg 1254w, https:\/\/bild-staging.wechselpilot.com\/strompreisvergleich\/wp-content\/uploads\/Stromanbieter-Halle-300x200.jpg 300w, https:\/\/bild-staging.wechselpilot.com\/strompreisvergleich\/wp-content\/uploads\/Stromanbieter-Halle-1024x683.jpg 1024w, https:\/\/bild-staging.wechselpilot.com\/strompreisvergleich\/wp-content\/uploads\/Stromanbieter-Halle-768x512.jpg 768w\" sizes=\"auto, (max-width: 1254px) 100vw, 1254px\" \/><figcaption class=\"wp-element-caption\">In Halle an der Saale (Quelle: iStock)<\/figcaption><\/figure>\n<\/div><\/div>\n\n\n\n<div class=\"wp-block-group\"><div class=\"wp-block-group__inner-container is-layout-constrained wp-block-group-is-layout-constrained\">\n<h2 class=\"wp-block-heading has-wp-black-color has-text-color has-link-color wp-elements-daaf012ff42e99f80de788c8b3911a94\">\u00d6kostrom in Halle<\/h2>\n\n\n\n<p>In Halle an der Saale bieten die Energieunternehmen auch zahlreiche Tarife mit \u00d6kostrom an, der zu mindestens 50 Prozent aus erneuerbaren Energien stammt. \u00d6kostromtarife sorgen zwar f\u00fcr eine nachhaltigere Stromproduktion, als Haushalt spielt es f\u00fcr Sie aber eigentlich keine Rolle, ob aus Ihrer Steckdose nun \u00d6kostrom oder konventioneller Strom kommt. Nicht einmal der <a href=\"\/strompreisvergleich\/strompreis\/\" data-type=\"page\" data-id=\"17266\">Preis<\/a> von \u00d6kostrom unterscheidet sich gro\u00dfartig von den anderen Tarifen. Manchmal zahlen Sie bei \u00d6kostromtarifen <strong>sogar weniger<\/strong> als bei anderen Tarifen. \u00d6kostromtarife sind in den meisten F\u00e4llen auch deutlich preiswerter als Grundversorgungstarife.\u00a0Mit unserem <a href=\"#ersparnis-berechnen\">Vergleichsrechner<\/a> k\u00f6nnen Sie sich \u00fcbrigens auch f\u00fcr einen \u00d6kotarif entscheiden.<\/p>\n<\/div><\/div>\n\n\n\n<div class=\"wp-block-group\"><div class=\"wp-block-group__inner-container is-layout-constrained wp-block-group-is-layout-constrained\">\n<h2 class=\"wp-block-heading has-wp-black-color has-text-color has-link-color wp-elements-0b12d958614e65276fa4db1deb848c9e\">Grundversorgung in Halle: Wer k\u00fcmmert sich darum, dass Sie immer Strom haben?<\/h2>\n\n\n\n<p>Ein Grundversorgungstarif ist ein Stromtarif wie jeder andere auch. Die einzige Ausnahme: Sie m\u00fcssen sich nicht aktiv f\u00fcr einen Grundversorgungstarif entscheiden. Wenn Sie keinen Stromvertrag mit einem Energieunternehmen abschlie\u00dfen, beziehen Sie Ihren Strom <strong>automatisch \u00fcber die Grundversorgung.<\/strong> Wenn Sie Ihren Stromvertrag k\u00fcndigen, ohne einen neuen Vertrag abzuschlie\u00dfen, landen Sie vorerst im sogenannten Ersatzversorgungstarif, der nach drei Monaten zu einem Grundversorgungstarif umgewandelt wird. Ersatzversorgung und Grundversorgung sind normalerweise <strong>deutlich teurer<\/strong> als andere Stromtarife. Falls Sie aber einen g\u00fcnstigeren Vertrag gefunden haben, k\u00f6nnen Sie mit einer gesetzlichen K\u00fcndigungsfrist von zwei Wochen aus dem Grundversorgungstarif zu einem <a href=\"\/strompreisvergleich\/guenstige-stromanbieter\/\" data-type=\"page\" data-id=\"17262\">g\u00fcnstigeren Anbieter<\/a> wechseln. In der Ersatzversorgung m\u00fcssen Sie \u00fcbrigens keine K\u00fcndigungsfrist beachten. Der Grundversorger in Halle ist die EVH GmbH \u2013 ein hundertprozentiges Tochterunternehmen der Stadtwerke Halle. Der regionale Grundversorger ist immer das Energieunternehmen, dass die meisten Kunden in einer Region beliefert und wird vom Netzbetreiber auf eine Laufzeit von drei Jahren ernannt. Der Netzbetreiber in Halle an der Saale ist seit dem 1. Januar 2007 die Energieversorgung Halle Netz GmbH, eine hundertprozentige Tochter der EVH GmbH und somit ebenfalls Teil der SWH-Gruppe, der Stadtwerke Halle.\u00a0<\/p>\n<\/div><\/div>\n\n\n\n<div class=\"wp-block-group\"><div class=\"wp-block-group__inner-container is-layout-constrained wp-block-group-is-layout-constrained\">\n<h2 class=\"wp-block-heading has-wp-black-color has-text-color has-link-color wp-elements-4635ea6d2d3244fc9e8aaacb6496ee16\">Stromtarife in Halle an der Saale<\/h2>\n\n\n\n<p>Ganz herk\u00f6mmliche Stromtarife, \u00d6kotarife, Grundversorgungstarife\u2026, als w\u00e4re die Auswahl an Stromvertr\u00e4gen in Halle nicht schon gro\u00df genug, gibt es auch Unternehmen, die einen dynamischen Stromtarif anbieten. Dynamische Stromtarife (auch Flextarif genannt) unterscheiden sich von allen anderen Tarifen dadurch, dass sie <strong>keinen festen Arbeitspreis pro kWh<\/strong> berechnen. Stattdessen orientiert er sich st\u00e4ndig am aktuellen B\u00f6rsenstrompreis, weshalb der Strompreis auch st\u00fcndlich variiert. Dadurch kann es zu bestimmten Zeiten deutlich unter dem durchschnittlichen Strompreis liegen, zu anderen Zeiten aber auch deutlich dar\u00fcber. Um einen dynamischen Stromtarif also wirklich sinnvoll nutzen zu k\u00f6nnen, sollte ein Haushalt den Stromverbrauch schon <strong>im Voraus planen k\u00f6nnen<\/strong> und an die Zeiten mit niedrigen Strompreisen anpassen.\u00a0\u00a0<\/p>\n<\/div><\/div>\n","protected":false},"excerpt":{"rendered":"<p>In Halle an der Saale bieten sowohl gro\u00dfe bekannte Energieunternehmen als auch kleinere regionale Stromanbieter ihre Stromtarife an, aus denen Sie sich einen Vertrag aussuchen k\u00f6nnen. Und dieses Angebot sollten Sie auch nutzen, ansonsten zahlen Sie sehr wahrscheinlich zu viel f\u00fcr Ihren Stromvertrag oder befinden sich sogar in der oft teureren Grundversorgung. Den g\u00fcnstigsten Stromanbieter [&hellip;]<\/p>\n","protected":false},"author":15,"featured_media":0,"parent":0,"menu_order":0,"comment_status":"closed","ping_status":"closed","template":"","meta":{"_acf_changed":false,"inline_featured_image":false,"footnotes":""},"class_list":["post-17532","page","type-page","status-publish","hentry"],"acf":[],"_links":{"self":[{"href":"https:\/\/bild-staging.wechselpilot.com\/strompreisvergleich\/wp-json\/wp\/v2\/pages\/17532","targetHints":{"allow":["GET"]}}],"collection":[{"href":"https:\/\/bild-staging.wechselpilot.com\/strompreisvergleich\/wp-json\/wp\/v2\/pages"}],"about":[{"href":"https:\/\/bild-staging.wechselpilot.com\/strompreisvergleich\/wp-json\/wp\/v2\/types\/page"}],"author":[{"embeddable":true,"href":"https:\/\/bild-staging.wechselpilot.com\/strompreisvergleich\/wp-json\/wp\/v2\/users\/15"}],"replies":[{"embeddable":true,"href":"https:\/\/bild-staging.wechselpilot.com\/strompreisvergleich\/wp-json\/wp\/v2\/comments?post=17532"}],"version-history":[{"count":6,"href":"https:\/\/bild-staging.wechselpilot.com\/strompreisvergleich\/wp-json\/wp\/v2\/pages\/17532\/revisions"}],"predecessor-version":[{"id":17539,"href":"https:\/\/bild-staging.wechselpilot.com\/strompreisvergleich\/wp-json\/wp\/v2\/pages\/17532\/revisions\/17539"}],"wp:attachment":[{"href":"https:\/\/bild-staging.wechselpilot.com\/strompreisvergleich\/wp-json\/wp\/v2\/media?parent=17532"}],"curies":[{"name":"wp","href":"https:\/\/api.w.org\/{rel}","templated":true}]}}