{"id":17514,"date":"2024-07-17T11:16:16","date_gmt":"2024-07-17T09:16:16","guid":{"rendered":"https:\/\/bild-staging.wechselpilot.com\/strompreisvergleich\/?page_id=17514"},"modified":"2025-03-12T10:29:34","modified_gmt":"2025-03-12T09:29:34","slug":"stromanbieter-in-wuppertal","status":"publish","type":"page","link":"https:\/\/bild-staging.wechselpilot.com\/strompreisvergleich\/stromanbieter-in-wuppertal\/","title":{"rendered":"Stromanbieter in Wuppertal"},"content":{"rendered":"\n<div class=\"wp-block-group\"><div class=\"wp-block-group__inner-container is-layout-constrained wp-block-group-is-layout-constrained\"><!-- HEADLINE: START -->\n<h1 id='berechnen' title='Stromanbieter in Wuppertal' class=\"wp_headline mb-6 text-black text-xl lg:text-3xl font-heading font-black  text-left \">\n  Stromanbieter in Wuppertal<\/h1>\n<!-- HEADLINE: END -->\n\n\n<p>In Wuppertal bieten ungef\u00e4hr 90 Stromanbieter insgesamt fast 200 verschiedene Stromtarife an. Da ist es verst\u00e4ndlich, wenn man sich nicht jedes Jahr \u2013 oder sogar mehrmals pro Jahr \u2013 mit einem Preisvergleich auseinandersetzen will, um den besten Vertrag zu finden. Aber gerade, wenn Sie sich schon seit l\u00e4ngerer Zeit auf den <strong>hohen Kosten eines alten Vertrags<\/strong> ausruhen, sollten Sie \u00fcber einen Stromanbieterwechsel nachdenken. Unser <a href=\"\/strompreisvergleich\/\">Vergleichsrechner<\/a> kann Ihnen dabei helfen, einfach und schnell den f\u00fcr Sie besten Stromtarif zu finden.&nbsp;<\/p>\n\n\n\n<div style=\"height:65px\" aria-hidden=\"true\" class=\"wp-block-spacer\"><\/div>\n\n\n\n<p class=\"has-text-align-center\" id=\"ersparnis-berechnen\">Wie viel sparen Sie mit einem Stromwechsel wirklich? Wir berechnen sofort Ihre potenzielle Ersparnis!<\/p>\n\n\n\n<!-- CALCULATOR: Start -->\n<div class=\"relative\">\n\t<div class=\"relative w-full z-20 shadow\" id='wechselpilot-calculator'\n\t\tdata-widget-type='affiliate-advanced'\n\t\tdata-default-view='electricity'\n\t\tdata-filter-modes='electricity,heatpump,nightstorage'\n\t\tdata-environment='staging'\n\t\tdata-branch='staging'\n\t\tdata-api-token='367a33a3-513f-a4b3-048e-de0418e61999'\n\t\tdata-calculator-refid='bildzeitung'\n\t\tdata-green-only='0'\n\t\tdata-commercial-only='0'\n\t\t>\n\t<\/div>\n<\/div><\/div><\/div>\n\n\n\n<div class=\"wp-block-group\"><div class=\"wp-block-group__inner-container is-layout-constrained wp-block-group-is-layout-constrained\">\n<h2 class=\"wp-block-heading has-wp-black-color has-text-color has-link-color wp-elements-5aa6c4b3499e1ecb6eb1785f1f4c06ef\">So finden Sie den besten Stromtarif in Wuppertal<\/h2>\n\n\n\n<p>Um Ihren alten Stromvertrag m\u00f6glichst schnell und problemlos durch einen besseren zu ersetzen, kann Ihnen der <a href=\"\/strompreisvergleich\/\">Vergleichsrechner<\/a> helfen. Hierf\u00fcr m\u00fcssen Sie nur <strong>Ihre Postleitzahl und Ihren j\u00e4hrlichen Stromverbrauch<\/strong> angeben und schon erhalten Sie eine \u00dcbersicht mit Tarifen und den jeweiligen Einsparpotenzialen. Sobald Sie aus dieser Liste einen Tarif gefunden haben, m\u00fcssen Sie sich nur noch entscheiden, ob Sie nur einmalig wechseln m\u00f6chten oder lieber den Wechselservice nutzen. Mit dem Wechselservice wechseln Sie jedes Jahr <strong>automatisch in den f\u00fcr Sie besten Stromvertrag<\/strong> in Wuppertal. Ein Stromtarifvergleich lohnt sich vor allem dann, wenn Sie glauben, dass Sie zu viel f\u00fcr Ihren Strom zahlen. Das ist besonders dann der Fall, wenn Sie ihren Strom aus einem alten Vertrag beziehen oder auch wenn Sie sich in der Grundversorgung befinden. Diese ist oft sogar die teuerste Variante.<\/p>\n<\/div><\/div>\n\n\n\n<div class=\"wp-block-group\"><div class=\"wp-block-group__inner-container is-layout-constrained wp-block-group-is-layout-constrained\">\n<figure class=\"wp-block-image alignwide size-full\"><img loading=\"lazy\" decoding=\"async\" width=\"1258\" height=\"833\" src=\"https:\/\/bild-staging.wechselpilot.com\/strompreisvergleich\/wp-content\/uploads\/Stromanbieter-Wuppertal.jpg\" alt=\"\" class=\"wp-image-17516\" srcset=\"https:\/\/bild-staging.wechselpilot.com\/strompreisvergleich\/wp-content\/uploads\/Stromanbieter-Wuppertal.jpg 1258w, https:\/\/bild-staging.wechselpilot.com\/strompreisvergleich\/wp-content\/uploads\/Stromanbieter-Wuppertal-300x199.jpg 300w, https:\/\/bild-staging.wechselpilot.com\/strompreisvergleich\/wp-content\/uploads\/Stromanbieter-Wuppertal-1024x678.jpg 1024w, https:\/\/bild-staging.wechselpilot.com\/strompreisvergleich\/wp-content\/uploads\/Stromanbieter-Wuppertal-768x509.jpg 768w\" sizes=\"auto, (max-width: 1258px) 100vw, 1258px\" \/><figcaption class=\"wp-element-caption\">Die Auswahl an Stromanbietern in Wuppertal ist gro\u00df &#8211; ein j\u00e4hrlicher Wechsel lohnt sich. (Quelle: iStock)<\/figcaption><\/figure>\n<\/div><\/div>\n\n\n\n<div class=\"wp-block-group\"><div class=\"wp-block-group__inner-container is-layout-constrained wp-block-group-is-layout-constrained\">\n<h2 class=\"wp-block-heading has-wp-black-color has-text-color has-link-color wp-elements-64f4e72b0a766dcda0d803b3c64eb932\">Grundversorgung in Wuppertal: Wer beliefert Sie?<\/h2>\n\n\n\n<p>Die Grundversorgung bezeichnet die Versorgung mit Strom f\u00fcr Haushalte, die ihren Strom nicht \u00fcber einen anderen Stromtarif mit einem Stromanbieter beziehen. Wenn Sie Ihren Stromvertrag k\u00fcndigen, aber keinen neuen abschlie\u00dfen, oder wenn Ihr Stromanbieter Sie nicht mehr beliefern kann, landen Sie <strong>vorerst im Ersatzversorgungstarif<\/strong> durch den Grundversorger in Wuppertal. Das geschieht automatisch, damit Sie in Ihrem Haushalt trotzdem weiterhin Strom haben. Nach drei Monaten wird der Ersatzversorgungstarif automatisch zum Grundversorgungstarif umgewandelt. Die Grundversorgung ist <strong>meistens teurer<\/strong> als andere Stromtarife bei Stromanbietern in Wuppertal, allein deswegen lohnt sich ein Preisvergleich, wenn Sie sich in der Grundversorgung befinden. In der Grundversorgung k\u00f6nnen Sie mit einer <strong>gesetzlichen K\u00fcndigungsfrist von zwei Wochen<\/strong> zu einem <a href=\"\/strompreisvergleich\/guenstige-stromanbieter\/\" data-type=\"page\" data-id=\"17262\">g\u00fcnstigeren Stromanbieter<\/a> wechseln.<\/p>\n\n\n\n<p>Grundversorger sind immer die Stromanbieter, die die meisten Haushalte in einer Region mit Strom beliefern \u2013 die Grundversorgung selbst z\u00e4hlt nicht dazu. Sie werden regelm\u00e4\u00dfig vom regionalen Netzbetreiber mit einer Laufzeit von drei Jahren bestimmt. Der aktuelle Grundversorger in Wuppertal ist die WSW Energie &amp; Wasser AG, also die Wuppertaler Stadtwerke. Der Netzbetreiber in Wuppertal ist die WSW Netz GmbH. Sie ist ein Tochterunternehmen der Wuppertaler Stadtwerke.<\/p>\n<\/div><\/div>\n\n\n\n<div class=\"wp-block-group\"><div class=\"wp-block-group__inner-container is-layout-constrained wp-block-group-is-layout-constrained\">\n<h2 class=\"wp-block-heading has-wp-black-color has-text-color has-link-color wp-elements-0964306fc1c50abeb0522a7002bbc962\">\u00d6kostrom in Wuppertal<\/h2>\n\n\n\n<p>Grunds\u00e4tzlich gibt es in Wuppertal ein gro\u00dfes Angebot an <a href=\"\/strompreisvergleich\/oekostrom\/\">\u00d6kostromtarifen<\/a>. Ungef\u00e4hr 75 Prozent der fast 200 Stromtarife in Wuppertal bieten \u00d6kostrom an. Aber nur knapp 20 Prozent der Tarife stammen auch von Anbietern, die tats\u00e4chlich \u00d6kostromzertifikate nachweisen k\u00f6nnen oder die sich aktiv f\u00fcr die F\u00f6rderung und den Ausbau von erneuerbaren Energien und die lokale \u00d6kostromproduktion einsetzen. Als Haushalt macht es f\u00fcr Sie keinen Unterschied, ob der Strom aus Ihrer Steckdose nun \u00d6kostrom ist oder aus herk\u00f6mmlichen Quellen stammt. Auch preislich gibt es heutzutage keinen gro\u00dfen Unterschied mehr zwischen \u00d6kostrom und herk\u00f6mmlichen Stromtarifen. Manchmal sind \u00d6kostromtarife <strong>sogar g\u00fcnstiger<\/strong> als Tarife f\u00fcr Strom aus herk\u00f6mmlichen Quellen. Ob sich ein \u00d6kostromtarif f\u00fcr Sie lohnt, erfahren Sie in unserem <a href=\"#ersparnis-berechnen\">Ersparnisrechner<\/a>.<\/p>\n<\/div><\/div>\n\n\n\n<div class=\"wp-block-group\"><div class=\"wp-block-group__inner-container is-layout-constrained wp-block-group-is-layout-constrained\">\n<h2 class=\"wp-block-heading has-wp-black-color has-text-color has-link-color wp-elements-4065b288d4cf263e2e176127f8d59aec\">Welche Stromtarife gibt es in Wuppertal?<\/h2>\n\n\n\n<p>Egal ob der Strom aus erneuerbaren oder aus fossilen Energiequellen stammt, in der Regel zahlen Sie als Verbraucher einen festen monatlichen Grundpreis und einen gleichbleibenden Arbeitspreis, der sich an der Menge des verbrauchten Stroms orientiert. Bei solchen Tarifen zahlen Sie immer den vertraglich vereinbarten Arbeitspreis. Eine Alternative dazu sind dynamische Stromtarife bzw. Flextarife. Wie der Name schon sagt, bieten solche Tarife einen dynamischen Strompreis an, der sich am B\u00f6rsenstrompreis orientiert und demnach <strong>st\u00fcndlich variiert.<\/strong> Solche Tarife k\u00f6nnen vor allem dann sinnvoll sein, wenn Sie Ihren Stromverbrauch im Voraus planen k\u00f6nnen und so von niedrigen Strompreisen profitieren, zum Beispiel wenn Sie ein E-Auto aufladen wollen. Dynamische Stromtarife haben im ersten Vertragsmonat oft einen festen Arbeitspreis, ab dem zweiten Monat orientiert sich der Preis schlie\u00dflich an der Stromb\u00f6rse.&nbsp;<\/p>\n<\/div><\/div>\n","protected":false},"excerpt":{"rendered":"<p>In Wuppertal bieten ungef\u00e4hr 90 Stromanbieter insgesamt fast 200 verschiedene Stromtarife an. Da ist es verst\u00e4ndlich, wenn man sich nicht jedes Jahr \u2013 oder sogar mehrmals pro Jahr \u2013 mit einem Preisvergleich auseinandersetzen will, um den besten Vertrag zu finden. Aber gerade, wenn Sie sich schon seit l\u00e4ngerer Zeit auf den hohen Kosten eines alten [&hellip;]<\/p>\n","protected":false},"author":15,"featured_media":0,"parent":0,"menu_order":0,"comment_status":"closed","ping_status":"closed","template":"","meta":{"_acf_changed":false,"inline_featured_image":false,"footnotes":""},"class_list":["post-17514","page","type-page","status-publish","hentry"],"acf":[],"_links":{"self":[{"href":"https:\/\/bild-staging.wechselpilot.com\/strompreisvergleich\/wp-json\/wp\/v2\/pages\/17514","targetHints":{"allow":["GET"]}}],"collection":[{"href":"https:\/\/bild-staging.wechselpilot.com\/strompreisvergleich\/wp-json\/wp\/v2\/pages"}],"about":[{"href":"https:\/\/bild-staging.wechselpilot.com\/strompreisvergleich\/wp-json\/wp\/v2\/types\/page"}],"author":[{"embeddable":true,"href":"https:\/\/bild-staging.wechselpilot.com\/strompreisvergleich\/wp-json\/wp\/v2\/users\/15"}],"replies":[{"embeddable":true,"href":"https:\/\/bild-staging.wechselpilot.com\/strompreisvergleich\/wp-json\/wp\/v2\/comments?post=17514"}],"version-history":[{"count":13,"href":"https:\/\/bild-staging.wechselpilot.com\/strompreisvergleich\/wp-json\/wp\/v2\/pages\/17514\/revisions"}],"predecessor-version":[{"id":18017,"href":"https:\/\/bild-staging.wechselpilot.com\/strompreisvergleich\/wp-json\/wp\/v2\/pages\/17514\/revisions\/18017"}],"wp:attachment":[{"href":"https:\/\/bild-staging.wechselpilot.com\/strompreisvergleich\/wp-json\/wp\/v2\/media?parent=17514"}],"curies":[{"name":"wp","href":"https:\/\/api.w.org\/{rel}","templated":true}]}}