{"id":17506,"date":"2024-07-15T14:26:31","date_gmt":"2024-07-15T12:26:31","guid":{"rendered":"https:\/\/bild-staging.wechselpilot.com\/strompreisvergleich\/?page_id=17506"},"modified":"2025-03-12T10:15:40","modified_gmt":"2025-03-12T09:15:40","slug":"stromanbieter-in-duesseldorf","status":"publish","type":"page","link":"https:\/\/bild-staging.wechselpilot.com\/strompreisvergleich\/stromanbieter-in-duesseldorf\/","title":{"rendered":"Stromanbieter in D\u00fcsseldorf"},"content":{"rendered":"\n<div class=\"wp-block-group\"><div class=\"wp-block-group__inner-container is-layout-constrained wp-block-group-is-layout-constrained\"><!-- HEADLINE: START -->\n<h1 id='berechnen' title='Stromanbieter in D\u00fcsseldorf' class=\"wp_headline mb-6 text-black text-xl lg:text-3xl font-heading font-black  text-left \">\n  Stromanbieter in D\u00fcsseldorf<\/h1>\n<!-- HEADLINE: END -->\n\n\n<p>Wer in D\u00fcsseldorf den Stromvertrag wechseln will, kann mit einem Preisvergleich ganz einfach den <strong>besten und g\u00fcnstigsten Stromtarif<\/strong> herausfinden. Aber lohnt sich ein Wechsel \u00fcberhaupt? Ja, in den allermeisten F\u00e4llen lohnt sich ein Wechsel, denn wenn Sie vorher noch nie gewechselt haben, zahlen Sie wahrscheinlich zu viel f\u00fcr Ihren Stromvertrag oder Sie stecken sogar in der meistens noch teureren Grundversorgung fest. Zumindest <a href=\"\/strompreisvergleich\/\" data-type=\"page\" data-id=\"13\">ein Preisvergleich<\/a>, um den g\u00fcnstigsten Stromtarif zu finden, lohnt sich also immer!&nbsp;<\/p>\n\n\n\n<div style=\"height:65px\" aria-hidden=\"true\" class=\"wp-block-spacer\"><\/div>\n\n\n\n<p class=\"has-text-align-center\" id=\"ersparnis-berechnen\">Wie viel sparen Sie mit einem Stromwechsel wirklich? Wir berechnen sofort Ihre potenzielle Ersparnis!<\/p>\n\n\n\n<!-- CALCULATOR: Start -->\n<div class=\"relative\">\n\t<div class=\"relative w-full z-20 shadow\" id='wechselpilot-calculator'\n\t\tdata-widget-type='affiliate-advanced'\n\t\tdata-default-view='electricity'\n\t\tdata-filter-modes='electricity,heatpump,nightstorage'\n\t\tdata-environment='staging'\n\t\tdata-branch='staging'\n\t\tdata-api-token='367a33a3-513f-a4b3-048e-de0418e61999'\n\t\tdata-calculator-refid='bildzeitung'\n\t\tdata-green-only='0'\n\t\tdata-commercial-only='0'\n\t\t>\n\t<\/div>\n<\/div><\/div><\/div>\n\n\n\n<div class=\"wp-block-group\"><div class=\"wp-block-group__inner-container is-layout-constrained wp-block-group-is-layout-constrained\">\n<h2 class=\"wp-block-heading has-wp-black-color has-text-color has-link-color wp-elements-86fb9e36c4f44d37ffe8a712fb23947f\">Die D\u00fcsseldorfer Stadtwerke: Ihre Grundversorgung<\/h2>\n\n\n\n<p>Die D\u00fcsseldorfer Stadtwerke beliefern die meisten Kunden der Region mit Strom und sind somit Grundversorger der Region. Ein Grundversorger wird immer mit einer Laufzeit von drei Jahren durch den Netzbetreiber bestimmt. Am 1. Juli 2024 wurde der aktuelle Grundversorger in D\u00fcsseldorf beschlossen. Vom 1. Januar 205 bis 31. Dezember 2027 sind damit die Stadtwerke D\u00fcsseldorf der regionale Grundversorger im Netzgebiet. Der Netzbetreiber in D\u00fcsseldorf ist die Netzgesellschaft D\u00fcsseldorf mbH \u2013 ein hundertprozentiges Tochterunternehmen der Stadtwerke D\u00fcsseldorf. Die Stadtwerke D\u00fcsseldorf geh\u00f6ren aber nur zu etwa 25 Prozent der Stadt D\u00fcsseldorf. Hauptanteilseigner mit \u00fcber 50 Prozent ist die EnBW Energie Baden-W\u00fcrttemberg AG.\u00a0<\/p>\n\n\n\n<p>Wenn Sie sich nicht aktiv um einen Stromvertrag mit einem Energieunternehmen gek\u00fcmmert haben, bekommen Sie Ihren Strom <strong>automatisch durch den Grundversorgungstarif<\/strong> der Stadtwerke D\u00fcsseldorf. Falls Sie Ihren Stromvertrag gek\u00fcndigt haben, ohne einen neuen Vertrag abzuschlie\u00dfen, landen Sie vorerst in einem sogenannten Ersatzversorgungstarif. Nach drei Monaten wird dieser Tarif automatisch zum Grundversorgungstarif umgewandelt. In beiden F\u00e4llen beliefert Sie der regionale Grundversorger mit Strom. Sowohl Ersatzversorgung als auch Grundversorgung sind <strong>meistens teurer<\/strong> als andere Stromtarife, daf\u00fcr sind sie relativ flexibel. Falls Sie also zu <a href=\"\/strompreisvergleich\/guenstige-stromanbieter\/\" data-type=\"page\" data-id=\"17262\">einem g\u00fcnstigeren Stromanbieter<\/a> wechseln m\u00f6chten, haben Sie im Grundversorgungstarif eine <strong>K\u00fcndigungsfrist von zwei Wochen.<\/strong> In der Ersatzversorgung gibt es keine K\u00fcndigungsfrist.<\/p>\n<\/div><\/div>\n\n\n\n<div class=\"wp-block-group\"><div class=\"wp-block-group__inner-container is-layout-constrained wp-block-group-is-layout-constrained\">\n<figure class=\"wp-block-image alignwide size-full\"><img loading=\"lazy\" decoding=\"async\" width=\"1254\" height=\"836\" src=\"https:\/\/bild-staging.wechselpilot.com\/strompreisvergleich\/wp-content\/uploads\/Stromanbieter-Duesseldorf.jpg\" alt=\"\" class=\"wp-image-17511\" srcset=\"https:\/\/bild-staging.wechselpilot.com\/strompreisvergleich\/wp-content\/uploads\/Stromanbieter-Duesseldorf.jpg 1254w, https:\/\/bild-staging.wechselpilot.com\/strompreisvergleich\/wp-content\/uploads\/Stromanbieter-Duesseldorf-300x200.jpg 300w, https:\/\/bild-staging.wechselpilot.com\/strompreisvergleich\/wp-content\/uploads\/Stromanbieter-Duesseldorf-1024x683.jpg 1024w, https:\/\/bild-staging.wechselpilot.com\/strompreisvergleich\/wp-content\/uploads\/Stromanbieter-Duesseldorf-768x512.jpg 768w\" sizes=\"auto, (max-width: 1254px) 100vw, 1254px\" \/><figcaption class=\"wp-element-caption\">Die Auswahl an Stromanbietern in D\u00fcsseldorf ist gro\u00df &#8211; ein j\u00e4hrlicher Wechsel lohnt sich. (Quelle: iStock)<\/figcaption><\/figure>\n<\/div><\/div>\n\n\n\n<div class=\"wp-block-group\"><div class=\"wp-block-group__inner-container is-layout-constrained wp-block-group-is-layout-constrained\">\n<h2 class=\"wp-block-heading has-wp-black-color has-text-color has-link-color wp-elements-38e3f6f9636fd86e6a5cb769df970f6b\">So finden Sie den besten Stromtarif in D\u00fcsseldorf<\/h2>\n\n\n\n<p>Wenn Sie Ihren Strom also \u00fcber einen Grundversorgungstarif beziehen oder aus anderen Gr\u00fcnden glauben, zu viel f\u00fcr Ihren Strom zu bezahlen, k\u00f6nnen Sie mit einem schnellen Preisvergleich nach g\u00fcnstigeren Stromanbietern suchen und den Anbieter finden, der am besten zu Ihnen passt. Daf\u00fcr geben Sie nur <strong>Ihre Postleitzahl und Ihren j\u00e4hrlichen Stromverbrauch<\/strong> an und bekommen eine Tarif\u00fcbersicht mit den jeweiligen Einsparpotenzialen und Tarifbewertungen. Sobald Sie den f\u00fcr Sie besten Tarif gefunden haben, m\u00fcssen Sie nur noch entscheiden, ob Sie einmalig wechseln m\u00f6chten oder lieber den Wechselservice nutzen. Mit dem Wechselservice wechseln Sie jedes Jahr <strong>automatisch in den f\u00fcr Sie besten Tarif<\/strong> \u2013 und Sie k\u00f6nnen sich zur\u00fccklehnen und Geld sparen.<\/p>\n<\/div><\/div>\n\n\n\n<div class=\"wp-block-group\"><div class=\"wp-block-group__inner-container is-layout-constrained wp-block-group-is-layout-constrained\">\n<h2 class=\"wp-block-heading has-wp-black-color has-text-color has-link-color wp-elements-7a149a86134e434d334d235dcd436adc\">\u00d6kostrom in D\u00fcsseldorf<\/h2>\n\n\n\n<p>Sowohl die Stadtwerke D\u00fcsseldorf als auch die meisten anderen Stromanbieter in D\u00fcsseldorf bieten \u00d6kotarife an. Sie wollen also Strom liefern, der zu mindestens 50 Prozent aus erneuerbaren Energien gewonnen wurde. F\u00fcr Sie pers\u00f6nlich \u00e4ndert sich bei einem \u00d6kostromtarif \u00fcberhaupt nichts. Sie k\u00f6nnen den Strom weiterhin genauso nutzen wie vorher. Auch auf Ihrer Stromrechnung w\u00fcrden Sie in den meisten F\u00e4llen <strong>keinen gro\u00dfen Unterschied<\/strong> bemerken. \u00d6kostromtarife haben in den meisten F\u00e4llen einen \u00e4hnlichen Preis wie herk\u00f6mmliche Vertr\u00e4ge, manchmal ist der \u00d6kopreis sogar g\u00fcnstiger. Den f\u00fcr Sie besten \u00d6kostromtarif in D\u00fcsseldorf finden Sie \u00fcbrigens auch in <a href=\"#ersparnis-berechnen\">unserem Vergleichsrechner<\/a>!&nbsp;<\/p>\n<\/div><\/div>\n\n\n\n<div class=\"wp-block-group\"><div class=\"wp-block-group__inner-container is-layout-constrained wp-block-group-is-layout-constrained\">\n<h2 class=\"wp-block-heading has-wp-black-color has-text-color has-link-color wp-elements-aaf7bedeb0026f3d8c9ab2005e426fdd\">Dynamischer Strompreis in D\u00fcsseldorf<\/h2>\n\n\n\n<p>Alle Stromtarife haben zwei Dinge gemeinsam: Einen festen monatlichen Grundpreis und einen festen Arbeitspreis pro kWh, der sich am Verbrauch orientiert. Aber stimmt das wirklich so? Nein, eine Ausnahme dieser Regel sind dynamische Stromtarife oder auch Flextarife. Dynamische Stromtarife zeichnen sich dadurch aus, dass sie sich <strong>am B\u00f6rsenstrompreis orientieren.<\/strong> Das f\u00fchrt dazu, dass der Arbeitspreis eben nicht fest ist, sondern st\u00fcndlich variiert. Er kann zu gewissen Zeiten zwar \u00fcber dem durchschnittlichen Strompreis liegen, zu anderen Zeiten ist er aber g\u00fcnstiger. Um so einen dynamischen Stromtarif also optimal zu nutzen, sollten Sie Ihren Stromverbrauch also am besten bereits im Voraus planen k\u00f6nnen. So profitieren Sie von den zwischenzeitlich niedrigen Preisen und k\u00f6nnen die teuren Zeiten meiden.&nbsp;<\/p>\n<\/div><\/div>\n","protected":false},"excerpt":{"rendered":"<p>Wer in D\u00fcsseldorf den Stromvertrag wechseln will, kann mit einem Preisvergleich ganz einfach den besten und g\u00fcnstigsten Stromtarif herausfinden. Aber lohnt sich ein Wechsel \u00fcberhaupt? Ja, in den allermeisten F\u00e4llen lohnt sich ein Wechsel, denn wenn Sie vorher noch nie gewechselt haben, zahlen Sie wahrscheinlich zu viel f\u00fcr Ihren Stromvertrag oder Sie stecken sogar in [&hellip;]<\/p>\n","protected":false},"author":10,"featured_media":0,"parent":0,"menu_order":0,"comment_status":"closed","ping_status":"closed","template":"","meta":{"_acf_changed":false,"inline_featured_image":false,"footnotes":""},"class_list":["post-17506","page","type-page","status-publish","hentry"],"acf":[],"_links":{"self":[{"href":"https:\/\/bild-staging.wechselpilot.com\/strompreisvergleich\/wp-json\/wp\/v2\/pages\/17506","targetHints":{"allow":["GET"]}}],"collection":[{"href":"https:\/\/bild-staging.wechselpilot.com\/strompreisvergleich\/wp-json\/wp\/v2\/pages"}],"about":[{"href":"https:\/\/bild-staging.wechselpilot.com\/strompreisvergleich\/wp-json\/wp\/v2\/types\/page"}],"author":[{"embeddable":true,"href":"https:\/\/bild-staging.wechselpilot.com\/strompreisvergleich\/wp-json\/wp\/v2\/users\/10"}],"replies":[{"embeddable":true,"href":"https:\/\/bild-staging.wechselpilot.com\/strompreisvergleich\/wp-json\/wp\/v2\/comments?post=17506"}],"version-history":[{"count":6,"href":"https:\/\/bild-staging.wechselpilot.com\/strompreisvergleich\/wp-json\/wp\/v2\/pages\/17506\/revisions"}],"predecessor-version":[{"id":18005,"href":"https:\/\/bild-staging.wechselpilot.com\/strompreisvergleich\/wp-json\/wp\/v2\/pages\/17506\/revisions\/18005"}],"wp:attachment":[{"href":"https:\/\/bild-staging.wechselpilot.com\/strompreisvergleich\/wp-json\/wp\/v2\/media?parent=17506"}],"curies":[{"name":"wp","href":"https:\/\/api.w.org\/{rel}","templated":true}]}}