{"id":17499,"date":"2024-07-10T15:49:55","date_gmt":"2024-07-10T13:49:55","guid":{"rendered":"https:\/\/bild-staging.wechselpilot.com\/strompreisvergleich\/?page_id=17499"},"modified":"2025-03-12T10:26:16","modified_gmt":"2025-03-12T09:26:16","slug":"stromanbieter-in-muenchen","status":"publish","type":"page","link":"https:\/\/bild-staging.wechselpilot.com\/strompreisvergleich\/stromanbieter-in-muenchen\/","title":{"rendered":"Stromanbieter in M\u00fcnchen"},"content":{"rendered":"\n<div class=\"wp-block-group\"><div class=\"wp-block-group__inner-container is-layout-constrained wp-block-group-is-layout-constrained\"><!-- HEADLINE: START -->\n<h1 id='berechnen' title='Stromanbieter in M\u00fcnchen' class=\"wp_headline mb-6 text-black text-xl lg:text-3xl font-heading font-black  text-left \">\n  Stromanbieter in M\u00fcnchen<\/h1>\n<!-- HEADLINE: END -->\n\n\n<p>Auf dem M\u00fcnchner Strommarkt sind sowohl die gro\u00dfen und bekannten Energieunternehmen als auch kleinere regionale Anbieter aktiv. Mit fast 200 verschiedenen Tarifen von knapp 90 Anbietern haben die Menschen in M\u00fcnchen eine riesige Auswahl. Au\u00dferdem hat jeder Anbieter seine eigenen Preise und Angebote, die sich auch noch j\u00e4hrlich \u00e4ndern. Da ist es gar nicht so einfach, den \u00dcberblick zu behalten und f\u00fcr viele sicherlich bequemer, \u00fcber Jahre hinweg im gleichen Vertrag zu bleiben, anstatt j\u00e4hrlich einen g\u00fcnstigeren Vertrag zu suchen. Dabei k\u00f6nnen Sie <strong>viel Geld sparen,<\/strong> wenn sie regelm\u00e4\u00dfig nach neuen Stromtarifen Ausschau halten \u2013 besonders, wenn der letzte Wechsel schon ein paar Jahre her ist. Wie Sie einfach und ohne viel Kopfzerbrechen Stromtarife vergleichen, erfahren Sie hier!&nbsp;<\/p>\n\n\n\n<div style=\"height:65px\" aria-hidden=\"true\" class=\"wp-block-spacer\"><\/div>\n\n\n\n<p class=\"has-text-align-center\" id=\"ersparnis-berechnen\">Wie viel sparen Sie mit einem Stromwechsel wirklich? Wir berechnen sofort Ihre potenzielle Ersparnis!<\/p>\n\n\n\n<!-- CALCULATOR: Start -->\n<div class=\"relative\">\n\t<div class=\"relative w-full z-20 shadow\" id='wechselpilot-calculator'\n\t\tdata-widget-type='affiliate-advanced'\n\t\tdata-default-view='electricity'\n\t\tdata-filter-modes='electricity,heatpump,nightstorage'\n\t\tdata-environment='staging'\n\t\tdata-branch='staging'\n\t\tdata-api-token='367a33a3-513f-a4b3-048e-de0418e61999'\n\t\tdata-calculator-refid='bildzeitung'\n\t\tdata-green-only='0'\n\t\tdata-commercial-only='0'\n\t\t>\n\t<\/div>\n<\/div><\/div><\/div>\n\n\n\n<div class=\"wp-block-group\"><div class=\"wp-block-group__inner-container is-layout-constrained wp-block-group-is-layout-constrained\">\n<h2 class=\"wp-block-heading has-wp-black-color has-text-color has-link-color wp-elements-91d4f7b9ba010af0addbdf64fd5929a9\">Den besten Stromtarif in M\u00fcnchen finden<\/h2>\n\n\n\n<p>Falls Sie glauben, dass Ihr aktueller Stromvertrag zu teuer ist, kann es helfen, die aktuellen Strompreise zu vergleichen. Besonders bei alten Vertr\u00e4gen kann es sein, dass Sie mehr zahlen als bei anderen Anbietern. Wenn Sie sich nicht durch unz\u00e4hlige Tarife und Angebote w\u00e4lzen m\u00f6chten, k\u00f6nnen Sie <a href=\"#ersparnis-berechnen\">unseren Vergleichsrechner<\/a> nutzen, um den f\u00fcr Sie besten Tarif in M\u00fcnchen zu finden. Daf\u00fcr geben Sie nur <strong>Ihre Postleitzahl und Ihren j\u00e4hrlichen Stromverbrauch<\/strong> an und erhalten eine Tarif\u00fcbersicht mit den jeweiligen Einsparpotenzialen. Daraus k\u00f6nnen Sie nun den f\u00fcr Sie attraktivsten Tarif w\u00e4hlen. Zum Schluss m\u00fcssen Sie nur noch entscheiden, ob Sie nur einmalig wechseln oder den j\u00e4hrlichen Wechselservice nutzen m\u00f6chten, um jedes Jahr <strong>automatisch den besten Tarif zu erhalten.<\/strong><\/p>\n<\/div><\/div>\n\n\n\n<div class=\"wp-block-group\"><div class=\"wp-block-group__inner-container is-layout-constrained wp-block-group-is-layout-constrained\">\n<figure class=\"wp-block-image alignwide size-full\"><img loading=\"lazy\" decoding=\"async\" width=\"1255\" height=\"836\" src=\"https:\/\/bild-staging.wechselpilot.com\/strompreisvergleich\/wp-content\/uploads\/Stromanbieter-Muenchen.jpg\" alt=\"\" class=\"wp-image-17500\" srcset=\"https:\/\/bild-staging.wechselpilot.com\/strompreisvergleich\/wp-content\/uploads\/Stromanbieter-Muenchen.jpg 1255w, https:\/\/bild-staging.wechselpilot.com\/strompreisvergleich\/wp-content\/uploads\/Stromanbieter-Muenchen-300x200.jpg 300w, https:\/\/bild-staging.wechselpilot.com\/strompreisvergleich\/wp-content\/uploads\/Stromanbieter-Muenchen-1024x682.jpg 1024w, https:\/\/bild-staging.wechselpilot.com\/strompreisvergleich\/wp-content\/uploads\/Stromanbieter-Muenchen-768x512.jpg 768w\" sizes=\"auto, (max-width: 1255px) 100vw, 1255px\" \/><figcaption class=\"wp-element-caption\">Die Auswahl an Stromanbietern in M\u00fcnchen ist gro\u00df &#8211; ein j\u00e4hrlicher Wechsel lohnt sich. (Quelle: iStock)<\/figcaption><\/figure>\n<\/div><\/div>\n\n\n\n<div class=\"wp-block-group\"><div class=\"wp-block-group__inner-container is-layout-constrained wp-block-group-is-layout-constrained\">\n<h2 class=\"wp-block-heading has-wp-black-color has-text-color has-link-color wp-elements-e14a9ab4d2fbf04079b41fa5fac78742\">Grundversorgung in M\u00fcnchen: Die Stadtwerke M\u00fcnchen<\/h2>\n\n\n\n<p>Die Grundversorgung sichert jedem Haushalt die Stromversorgung, wenn der Haushalt den Strom nicht durch ein Unternehmen bezieht. Sie tritt <strong>automatisch in Kraft,<\/strong> wenn es keinen anderen Stromversorger f\u00fcr den Haushalt gibt \u2013 allerdings fast immer zu h\u00f6heren Preisen. In jeder Region in Deutschland gibt es einen Grundversorger, der f\u00fcr drei Jahre bestimmt wird und die meisten Haushalte der Region beliefert. Aktueller Grundversorger in M\u00fcnchen bis zum 31. Dezember 2027 ist die SWM Versorgungs GmbH, ein Tochterunternehmen der Stadtwerke M\u00fcnchen GmbH, die sich zu 100 Prozent im Eigentum der Stadt M\u00fcnchen befindet. Befinden Sie sich in der Grundversorgung k\u00f6nnen Sie innerhalb einer <strong>gesetzlichen K\u00fcndigungsfrist von zwei Wochen<\/strong> k\u00fcndigen und zu einem <a href=\"\/strompreisvergleich\/guenstige-stromanbieter\/\" data-type=\"page\" data-id=\"17262\">g\u00fcnstigeren Stromanbieter<\/a> wechseln.\u00a0<\/p>\n\n\n\n<p>Neben der Grundversorgung bietet die SWM auch eigene Tarife f\u00fcr konventionellen und \u00d6kostrom an.<\/p>\n<\/div><\/div>\n\n\n\n<div class=\"wp-block-group\"><div class=\"wp-block-group__inner-container is-layout-constrained wp-block-group-is-layout-constrained\">\n<h2 class=\"wp-block-heading has-wp-black-color has-text-color has-link-color wp-elements-378e52960a7a0cd11eb7a9bae07a5353\">M\u00fcnchner \u00d6kostrom<\/h2>\n\n\n\n<p>Sehr oft wird <a href=\"\/strompreisvergleich\/oekostrom\/\" data-type=\"page\" data-id=\"17299\">\u00d6kostrom <\/a>als Alternative zu den herk\u00f6mmlichen Stromquellen genannt. Dabei gibt es aber gar keine wirkliche Definition, was \u00d6kostrom \u00fcberhaupt ist und wie er sich zusammensetzt. Ganz allgemein nutzt man den Begriff, um Strom aus erneuerbaren Energien zu beschreiben. Oft bestehen \u00d6kostromtarife aus <strong>mindestens 50 Prozent erneuerbaren Energien,<\/strong> w\u00e4hrend der Restanteil aus KWK-Anlagen stammt. F\u00fcr Verbraucher macht es oft aber keinen wirklichen Unterschied, ob der Strom aus der Steckdose nun aus erneuerbaren Quellen kommt oder nicht. Auch beim Preis gibt es oft keine Unterschiede. Teilweise sind die Tarife mit \u00d6kostrom sogar g\u00fcnstiger als die mit konventionellem Strom. <a href=\"#ersparnis-berechnen\">Unser Vergleichsrechner<\/a> kann Ihnen viel Arbeit abnehmen, wenn Sie aus den ungef\u00e4hr 150 Tarife mit Strom aus nachhaltigen Quellen den f\u00fcr Sie besten finden wollen.&nbsp;<\/p>\n<\/div><\/div>\n\n\n\n<div class=\"wp-block-group\"><div class=\"wp-block-group__inner-container is-layout-constrained wp-block-group-is-layout-constrained\">\n<h2 class=\"wp-block-heading has-wp-black-color has-text-color has-link-color wp-elements-da0d4eae4e1728c58901456aad27ab4b\">Strompreise in M\u00fcnchen: Immer auf dem aktuellen Stand bleiben<\/h2>\n\n\n\n<p>Die vielen verschiedenen Anbieter und Arten von Stromtarifen in M\u00fcnchen f\u00fchren dazu, dass der Preis immer unterschiedlich ausf\u00e4llt. Au\u00dferdem erh\u00f6ht sich der Preis bei vielen Anbietern nach dem ersten Vertragsjahr, weil dann die Neukundenboni wegfallen, die meistens mit dem Strompreis verrechnet werden. Bei dynamischen Strompreisen gibt es oft sogar nur f\u00fcr den ersten Monat eine Preisgarantie, danach orientiert sich der Arbeitspreis <strong>an dem aktuellen B\u00f6rsenstrompreis.<\/strong> Damit k\u00f6nnen Haushalte von zeitweise niedrigeren Preisen profitieren. Zu anderen Tageszeiten k\u00f6nnen die Preise aber auch h\u00f6her ausfallen als der durchschnittliche Arbeitspreis. Um einen dynamischen Stromtarif optimal zu nutzen, sollten Sie Ihren Stromverbrauch <strong>bereits im Voraus planen<\/strong> k\u00f6nnen, damit sie auch tats\u00e4chlich von den zwischenzeitlich niedrigen Preisen profitieren. Um bei den ganzen Schwankungen den \u00dcberblick zu behalten, ist es ratsam, sich regelm\u00e4\u00dfig, aber mindestens einmal pro Jahr, mit den verschiedenen Tarifen in M\u00fcnchen zu besch\u00e4ftigen.<\/p>\n<\/div><\/div>\n","protected":false},"excerpt":{"rendered":"<p>Auf dem M\u00fcnchner Strommarkt sind sowohl die gro\u00dfen und bekannten Energieunternehmen als auch kleinere regionale Anbieter aktiv. Mit fast 200 verschiedenen Tarifen von knapp 90 Anbietern haben die Menschen in M\u00fcnchen eine riesige Auswahl. Au\u00dferdem hat jeder Anbieter seine eigenen Preise und Angebote, die sich auch noch j\u00e4hrlich \u00e4ndern. Da ist es gar nicht so [&hellip;]<\/p>\n","protected":false},"author":10,"featured_media":0,"parent":0,"menu_order":0,"comment_status":"closed","ping_status":"closed","template":"","meta":{"_acf_changed":false,"inline_featured_image":false,"footnotes":""},"class_list":["post-17499","page","type-page","status-publish","hentry"],"acf":[],"_links":{"self":[{"href":"https:\/\/bild-staging.wechselpilot.com\/strompreisvergleich\/wp-json\/wp\/v2\/pages\/17499","targetHints":{"allow":["GET"]}}],"collection":[{"href":"https:\/\/bild-staging.wechselpilot.com\/strompreisvergleich\/wp-json\/wp\/v2\/pages"}],"about":[{"href":"https:\/\/bild-staging.wechselpilot.com\/strompreisvergleich\/wp-json\/wp\/v2\/types\/page"}],"author":[{"embeddable":true,"href":"https:\/\/bild-staging.wechselpilot.com\/strompreisvergleich\/wp-json\/wp\/v2\/users\/10"}],"replies":[{"embeddable":true,"href":"https:\/\/bild-staging.wechselpilot.com\/strompreisvergleich\/wp-json\/wp\/v2\/comments?post=17499"}],"version-history":[{"count":2,"href":"https:\/\/bild-staging.wechselpilot.com\/strompreisvergleich\/wp-json\/wp\/v2\/pages\/17499\/revisions"}],"predecessor-version":[{"id":18014,"href":"https:\/\/bild-staging.wechselpilot.com\/strompreisvergleich\/wp-json\/wp\/v2\/pages\/17499\/revisions\/18014"}],"wp:attachment":[{"href":"https:\/\/bild-staging.wechselpilot.com\/strompreisvergleich\/wp-json\/wp\/v2\/media?parent=17499"}],"curies":[{"name":"wp","href":"https:\/\/api.w.org\/{rel}","templated":true}]}}