{"id":17484,"date":"2024-07-09T08:59:52","date_gmt":"2024-07-09T06:59:52","guid":{"rendered":"https:\/\/bild-staging.wechselpilot.com\/strompreisvergleich\/?page_id=17484"},"modified":"2025-03-12T10:23:29","modified_gmt":"2025-03-12T09:23:29","slug":"stromanbieter-in-koeln","status":"publish","type":"page","link":"https:\/\/bild-staging.wechselpilot.com\/strompreisvergleich\/stromanbieter-in-koeln\/","title":{"rendered":"Stromanbieter in K\u00f6ln"},"content":{"rendered":"\n<div class=\"wp-block-group\"><div class=\"wp-block-group__inner-container is-layout-constrained wp-block-group-is-layout-constrained\"><!-- HEADLINE: START -->\n<h1 id='berechnen' title='Stromanbieter in K\u00f6ln' class=\"wp_headline mb-6 text-black text-xl lg:text-3xl font-heading font-black  text-left \">\n  Stromanbieter in K\u00f6ln<\/h1>\n<!-- HEADLINE: END -->\n\n\n<p>Lohnt sich ein Strompreisvergleich f\u00fcr Sie? Wenn Sie nicht k\u00fcrzlich erst gewechselt haben, dann lautet die Antwort sehr wahrscheinlich ja. Denn \u00e4ltere Vertr\u00e4ge sind oft teurer als Neuvertr\u00e4ge. Neukunden bekommen schlie\u00dflich <strong>mehrere Boni,<\/strong> die daf\u00fcr sorgen, dass der Preis im ersten Jahr niedriger ausf\u00e4llt. Ab dem zweiten Vertragsjahr fallen diese Boni weg. Au\u00dferdem kann sich ein Preisvergleich lohnen, wenn Sie bisher noch nie Ihren Stromvertrag gewechselt haben. Dann kann es n\u00e4mlich sein, dass sie Ihren Strom \u00fcber einen Grundversorgungstarif beziehen, der <strong>meistens teurer <\/strong>ist als andere Stromtarife. \u00dcber unseren <a href=\"#ersparnis-berechnen\">Vergleichsrechner<\/a> k\u00f6nnen Sie einfach herausfinden, ob Sie zu viel zahlen und wie viel Sie bei einem Vertragswechsel sparen k\u00f6nnen.&nbsp;<\/p>\n\n\n\n<div style=\"height:65px\" aria-hidden=\"true\" id=\"ersparnis-berechnen\" class=\"wp-block-spacer\"><\/div>\n\n\n\n<p class=\"has-text-align-center\">Wie viel sparen Sie mit einem Stromwechsel wirklich? Wir berechnen sofort Ihre potenzielle Ersparnis!<\/p>\n\n\n\n<!-- CALCULATOR: Start -->\n<div class=\"relative\">\n\t<div class=\"relative w-full z-20 shadow\" id='wechselpilot-calculator'\n\t\tdata-widget-type='affiliate-advanced'\n\t\tdata-default-view='electricity'\n\t\tdata-filter-modes='electricity,heatpump,nightstorage'\n\t\tdata-environment='staging'\n\t\tdata-branch='staging'\n\t\tdata-api-token='367a33a3-513f-a4b3-048e-de0418e61999'\n\t\tdata-calculator-refid='bildzeitung'\n\t\tdata-green-only='0'\n\t\tdata-commercial-only='0'\n\t\t>\n\t<\/div>\n<\/div><\/div><\/div>\n\n\n\n<div class=\"wp-block-group\"><div class=\"wp-block-group__inner-container is-layout-constrained wp-block-group-is-layout-constrained\">\n<h2 class=\"wp-block-heading has-wp-black-color has-text-color has-link-color wp-elements-7914061d6670e18bbda5bbe9c80ae55d\">Einen neuen Stromvertrag in K\u00f6ln finden<\/h2>\n\n\n\n<p>Wenn Sie Ihren Stromvertrag wechseln wollen, geht das am einfachsten, indem Sie unseren Vergleichsrechner nutzen. Hierf\u00fcr m\u00fcssen Sie nur <strong>Ihre Postleitzahl und Ihren j\u00e4hrlichen Stromverbrauch<\/strong> angeben und schon bekommen sie eine Tarif\u00fcbersicht und eine Auflistung, wie viel Sie mit welchem Tarif sparen k\u00f6nnen. Nachdem Sie sich f\u00fcr den f\u00fcr Sie attraktivsten Tarif entschieden haben, m\u00fcssen Sie nur noch entscheiden, ob Sie nur einmalig wechseln oder lieber unseren Wechselservice nutzen m\u00f6chten. Mit dem Wechselservice wechseln Sie jedes Jahr <strong>automatisch in den f\u00fcr Sie besten Tarif,<\/strong> ohne, dass Sie etwas machen m\u00fcssen.&nbsp;<\/p>\n<\/div><\/div>\n\n\n\n<div class=\"wp-block-group\"><div class=\"wp-block-group__inner-container is-layout-constrained wp-block-group-is-layout-constrained\">\n<figure class=\"wp-block-image alignwide size-full\"><img loading=\"lazy\" decoding=\"async\" width=\"724\" height=\"483\" src=\"https:\/\/bild-staging.wechselpilot.com\/strompreisvergleich\/wp-content\/uploads\/Stromanbieter-Koeln.jpg\" alt=\"\" class=\"wp-image-17491\" srcset=\"https:\/\/bild-staging.wechselpilot.com\/strompreisvergleich\/wp-content\/uploads\/Stromanbieter-Koeln.jpg 724w, https:\/\/bild-staging.wechselpilot.com\/strompreisvergleich\/wp-content\/uploads\/Stromanbieter-Koeln-300x200.jpg 300w\" sizes=\"auto, (max-width: 724px) 100vw, 724px\" \/><figcaption class=\"wp-element-caption\">Die Auswahl an Stromanbietern in K\u00f6ln ist gro\u00df &#8211; ein j\u00e4hrlicher Wechsel lohnt sich. (Quelle: iStock)<\/figcaption><\/figure>\n<\/div><\/div>\n\n\n\n<div class=\"wp-block-group\"><div class=\"wp-block-group__inner-container is-layout-constrained wp-block-group-is-layout-constrained\">\n<h2 class=\"wp-block-heading has-wp-black-color has-text-color has-link-color wp-elements-854d0c2d30824d2a31383a2b4e7d13b9\">Ersatzversorgung und Grundversorgung in K\u00f6ln<\/h2>\n\n\n\n<p>Wenn Sie aktuell keinen Belieferungsvertrag mit einem Stromanbieter abgeschlossen haben, befinden Sie sich entweder <strong>in der Ersatzversorgung oder in der Grundversorgung.<\/strong> Diese sind meistens teurer als andere Tarife, Sie k\u00f6nnen aber mit einer gesetzlichen K\u00fcndigungsfrist von zwei Wochen k\u00fcndigen und zu einem <a href=\"\/guenstige-stromanbieter\">g\u00fcnstigeren Anbieter<\/a> wechseln. Bei der Ersatzversorgung haben Sie gar keine K\u00fcndigungsfrist. Der aktuelle Grundversorger in K\u00f6ln ist die RheinEnergie AG, ein K\u00f6lner Energieunternehmen, das aber inzwischen Haushalte in ganz Deutschland mit Strom und Gas beliefert. Der regionale Grundversorger wird vom Netzbetreiber mit einer Laufzeit von drei Jahren ernannt. RheinEnergie ist seit dem 1. Januar 2025 Grundversorger in K\u00f6ln. Netzbetreiber in K\u00f6ln ist die Rheinische NETZGesellschaft mbH, ein hundertprozentiges Tochterunternehmen der RheinEnergie AG.\u00a0<\/p>\n<\/div><\/div>\n\n\n\n<div class=\"wp-block-group\"><div class=\"wp-block-group__inner-container is-layout-constrained wp-block-group-is-layout-constrained\">\n<h2 class=\"wp-block-heading has-wp-black-color has-text-color has-link-color wp-elements-30b34654a1a21a8e1f0d0386a39f48a6\">K\u00f6lner \u00d6kostrom<\/h2>\n\n\n\n<p>In K\u00f6ln gibt es ein gro\u00dfes Angebot an \u00d6kostrom. Es gibt \u00fcber 150 verschiedene \u00d6kostromtarife, zwischen denen Sie sich entscheiden k\u00f6nnen, auch wenn Sie als Haushalt keinen Unterschied zwischen \u00d6kostrom und herk\u00f6mmlichem Strom bemerken w\u00fcrden. Auch preislich gibt es inzwischen fast keinen Unterschied mehr zwischen \u00d6kostromtarifen und herk\u00f6mmlichen Stromtarifen. Teilweise sind Tarife f\u00fcr \u00d6kostrom <strong>sogar die g\u00fcnstigere Variante.<\/strong> Unser <a href=\"#ersparnis-berechnen\">Vergleichsrechner <\/a>kann automatisch und schnell die besten \u00d6kostromtarife in K\u00f6ln ermitteln.&nbsp;<\/p>\n<\/div><\/div>\n\n\n\n<div class=\"wp-block-group\"><div class=\"wp-block-group__inner-container is-layout-constrained wp-block-group-is-layout-constrained\">\n<h2 class=\"wp-block-heading has-wp-black-color has-text-color has-link-color wp-elements-f63540c4fb60c6cf0eca5b443e7e300a\">Dynamische Strompreise in K\u00f6ln<\/h2>\n\n\n\n<p>Ob erneuerbare oder fossile Energien, Sie haben bei den meisten Vertr\u00e4gen einen festen monatlichen Grundpreis und einen Arbeitspreis pro kWh, der \u00fcber die Vertragslaufzeit meistens gleichbleibt. In K\u00f6ln k\u00f6nnen Sie sich aber auch f\u00fcr dynamische Stromtarife (auch Flextarife) entscheiden. Wie der Name schon sagt, bleibt der Arbeitspreis bei dynamischen Stromtarifen nicht gleich. Er <strong>orientiert sich am B\u00f6rsenstrompreis<\/strong> und variiert deswegen st\u00fcndlich. Davon profitieren Sie besonders dann, wenn Sie ihren Stromverbrauch an die Zeiten mit niedrigen Preisen anpassen k\u00f6nnen.&nbsp;<\/p>\n<\/div><\/div>\n","protected":false},"excerpt":{"rendered":"<p>Lohnt sich ein Strompreisvergleich f\u00fcr Sie? Wenn Sie nicht k\u00fcrzlich erst gewechselt haben, dann lautet die Antwort sehr wahrscheinlich ja. Denn \u00e4ltere Vertr\u00e4ge sind oft teurer als Neuvertr\u00e4ge. Neukunden bekommen schlie\u00dflich mehrere Boni, die daf\u00fcr sorgen, dass der Preis im ersten Jahr niedriger ausf\u00e4llt. Ab dem zweiten Vertragsjahr fallen diese Boni weg. Au\u00dferdem kann sich [&hellip;]<\/p>\n","protected":false},"author":10,"featured_media":0,"parent":0,"menu_order":0,"comment_status":"closed","ping_status":"closed","template":"","meta":{"_acf_changed":false,"inline_featured_image":false,"footnotes":""},"class_list":["post-17484","page","type-page","status-publish","hentry"],"acf":[],"_links":{"self":[{"href":"https:\/\/bild-staging.wechselpilot.com\/strompreisvergleich\/wp-json\/wp\/v2\/pages\/17484","targetHints":{"allow":["GET"]}}],"collection":[{"href":"https:\/\/bild-staging.wechselpilot.com\/strompreisvergleich\/wp-json\/wp\/v2\/pages"}],"about":[{"href":"https:\/\/bild-staging.wechselpilot.com\/strompreisvergleich\/wp-json\/wp\/v2\/types\/page"}],"author":[{"embeddable":true,"href":"https:\/\/bild-staging.wechselpilot.com\/strompreisvergleich\/wp-json\/wp\/v2\/users\/10"}],"replies":[{"embeddable":true,"href":"https:\/\/bild-staging.wechselpilot.com\/strompreisvergleich\/wp-json\/wp\/v2\/comments?post=17484"}],"version-history":[{"count":9,"href":"https:\/\/bild-staging.wechselpilot.com\/strompreisvergleich\/wp-json\/wp\/v2\/pages\/17484\/revisions"}],"predecessor-version":[{"id":18011,"href":"https:\/\/bild-staging.wechselpilot.com\/strompreisvergleich\/wp-json\/wp\/v2\/pages\/17484\/revisions\/18011"}],"wp:attachment":[{"href":"https:\/\/bild-staging.wechselpilot.com\/strompreisvergleich\/wp-json\/wp\/v2\/media?parent=17484"}],"curies":[{"name":"wp","href":"https:\/\/api.w.org\/{rel}","templated":true}]}}