{"id":17434,"date":"2024-06-24T09:08:43","date_gmt":"2024-06-24T07:08:43","guid":{"rendered":"\/strompreisvergleich\/?page_id=17434"},"modified":"2025-03-12T10:18:52","modified_gmt":"2025-03-12T09:18:52","slug":"stromanbieter-in-hamburg","status":"publish","type":"page","link":"https:\/\/bild-staging.wechselpilot.com\/strompreisvergleich\/stromanbieter-in-hamburg\/","title":{"rendered":"Stromanbieter in Hamburg"},"content":{"rendered":"\n<div class=\"wp-block-group\"><div class=\"wp-block-group__inner-container is-layout-constrained wp-block-group-is-layout-constrained\"><!-- HEADLINE: START -->\n<h1 id='berechnen' title='Stromanbieter in Hamburg' class=\"wp_headline mb-6 text-black text-xl lg:text-3xl font-heading font-black  text-left \">\n  Stromanbieter in Hamburg<\/h1>\n<!-- HEADLINE: END -->\n\n\n<p>Wieder mal Hamburger Schietwetter und Sie bleiben lieber zu Hause? Da kann die Stromrechnung schnell in die H\u00f6he schie\u00dfen. Vor allem, wenn Sie sich auf den <strong>hohen Kosten eines in die Jahre gekommenen Stromvertrags<\/strong> ausruhen. Umso wichtiger, schnell zu einem g\u00fcnstigeren Stromvertrag zu wechseln. Bei knapp 100 Anbietern und mehr als 200 verschiedenen Tarifen ist es in Hamburg aber gar nicht so einfach, den passenden Stromvertrag zu finden. Hier erfahren Sie, wie Sie problemlos Strompreise vergleichen und zu einem g\u00fcnstigeren Stromvertrag wechseln k\u00f6nnen!&nbsp;<\/p>\n\n\n\n<div style=\"height:65px\" aria-hidden=\"true\" class=\"wp-block-spacer\"><\/div>\n\n\n\n<p class=\"has-text-align-center\" id=\"ersparnis-berechnen\">Wie viel sparen Sie mit einem Stromwechsel wirklich? Wir berechnen sofort Ihre potenzielle Ersparnis!<\/p>\n\n\n\n<!-- CALCULATOR: Start -->\n<div class=\"relative\">\n\t<div class=\"relative w-full z-20 shadow\" id='wechselpilot-calculator'\n\t\tdata-widget-type='affiliate-advanced'\n\t\tdata-default-view='electricity'\n\t\tdata-filter-modes='electricity,heatpump,nightstorage'\n\t\tdata-environment='staging'\n\t\tdata-branch='staging'\n\t\tdata-api-token='367a33a3-513f-a4b3-048e-de0418e61999'\n\t\tdata-calculator-refid='bildzeitung'\n\t\tdata-green-only='0'\n\t\tdata-commercial-only='0'\n\t\t>\n\t<\/div>\n<\/div><\/div><\/div>\n\n\n\n<div class=\"wp-block-group\"><div class=\"wp-block-group__inner-container is-layout-constrained wp-block-group-is-layout-constrained\">\n<h2 class=\"wp-block-heading has-wp-black-color has-text-color has-link-color wp-elements-116701197b5a3087c372b22930426c8a\">Stromnetz und -anbieter in Hamburg<\/h2>\n\n\n\n<p>Auf dem Hamburger Energiemarkt agieren sowohl die gro\u00dfen bekannten Energiekonzerne als auch kleinere regionale Unternehmen, die sich speziell auf den Hamburger Markt ausgerichtet haben. Besonders unter regionalen Anbietern gibt es oft Aktionsangebote und au\u00dfervertragliche Vorteile. So <strong>reinvestieren<\/strong> einige regionale Stromanbieter ihre Gewinne in der Region und arbeiten unter anderem am Ausbau erneuerbarer Energien in Hamburg. Dar\u00fcber hinaus geh\u00f6rt das Strom-, Gas- und Fernw\u00e4rmenetz in Hamburg seit 2013 zu 100 Prozent der Hansestadt Hamburg. Nachdem die Stadt bereits 2012 25,1 Prozent der Anteile der Vattenfall Stromnetz Hamburg GmbH gekauft hat, wurde 2013 in einem Volksentscheid die <strong>komplette Rekommunalisierung der Netze <\/strong>entschieden. 2014 hat die Stadt schlie\u00dflich die restlichen Anteile von Vattenfall \u00fcbernommen. Netzbetreiber in Hamburg ist somit die Stromnetz Hamburg GmbH, eine Tochter der Freien und Hansestadt Hamburg.&nbsp;<\/p>\n<\/div><\/div>\n\n\n\n<div class=\"wp-block-group\"><div class=\"wp-block-group__inner-container is-layout-constrained wp-block-group-is-layout-constrained\">\n<figure class=\"wp-block-image alignwide size-full\"><img loading=\"lazy\" decoding=\"async\" width=\"802\" height=\"436\" src=\"\/strompreisvergleich\/wp-content\/uploads\/Stromanbieter-Hamburg.jpg\" alt=\"Ein Bild der Stadt Hamburg mit der Elbphilharmonie\" class=\"wp-image-17435\" srcset=\"https:\/\/bild-staging.wechselpilot.com\/strompreisvergleich\/wp-content\/uploads\/Stromanbieter-Hamburg.jpg 802w, https:\/\/bild-staging.wechselpilot.com\/strompreisvergleich\/wp-content\/uploads\/Stromanbieter-Hamburg-300x163.jpg 300w, https:\/\/bild-staging.wechselpilot.com\/strompreisvergleich\/wp-content\/uploads\/Stromanbieter-Hamburg-768x418.jpg 768w\" sizes=\"auto, (max-width: 802px) 100vw, 802px\" \/><figcaption class=\"wp-element-caption\">In Hamburg gibt es eine gro\u00dfe Auswahl an Stromanbietern &#8211; mithilfe eines Preisvergleichs finden Sie immer den besten. (Quelle: iStock)<\/figcaption><\/figure>\n<\/div><\/div>\n\n\n\n<div class=\"wp-block-group\"><div class=\"wp-block-group__inner-container is-layout-constrained wp-block-group-is-layout-constrained\">\n<h2 class=\"wp-block-heading has-wp-black-color has-text-color has-link-color wp-elements-424e5450d7b972ad6117b5d5f486da4b\">Wer ist Grundversorger in Hamburg?<\/h2>\n\n\n\n<p>Haben Sie nicht aktiv einen Vertrag mit einem Stromanbieter abgeschlossen, beliefert sie der regionale Grundversorger \u00fcber den sogenannten Grundversorgungstarif mit Strom. K\u00fcndigen Sie Ihren Stromvertrag, ohne einen neuen Vertrag abzuschlie\u00dfen, oder wenn Ihr Stromanbieter Sie nicht mehr beliefern kann, landen Sie zuerst im <strong>Ersatzversorgungstarif.<\/strong> Nach drei Monaten wird dieser Tarif automatisch zu einem Grundversorgungstarif umgewandelt. Ersatzversorgungs- und Grundversorgungstarife sind meistens teurer als andere Stromtarife. Der aktuelle Grundversorger in Hamburg ist die Vattenfall Europe Sales GmbH, ein Tochterunternehmen des schwedischen Energiekonzerns Vattenfall AB. Ein Grundversorger wird vom Netzbetreiber immer auf drei Jahre benannt und richtet sich danach, welches Unternehmen die meisten Haushalte einer Region mit Strom beliefert. Vattenfall wurde am 1. Juli 2024 als Grundversorger in Hamburg f\u00fcr den Zeitraum von 2025 bis 2027 festgelegt. Wenn Sie aus der Grundversorgung zu einem g\u00fcnstigeren Stromanbieter wechseln m\u00f6chten, haben Sie eine <strong>gesetzliche K\u00fcndigungsfrist von zwei Wochen.<\/strong> In der Ersatzversorgung m\u00fcssen Sie keine K\u00fcndigungsfrist beachten.<\/p>\n<\/div><\/div>\n\n\n\n<div class=\"wp-block-group\"><div class=\"wp-block-group__inner-container is-layout-constrained wp-block-group-is-layout-constrained\">\n<h2 class=\"wp-block-heading has-wp-black-color has-text-color has-link-color wp-elements-892079d89fd4f41396126e4b63f14cf5\">So finden Sie den besten Stromtarif in Hamburg<\/h2>\n\n\n\n<p>Welcher ist der beste Stromtarif in Hamburg? Je nachdem, was Ihnen bei Ihrem Stromvertrag wichtig ist, gibt es auf diese Frage nicht immer eine eindeutige Antwort. Die h\u00e4ufigste Antwort ist aber der Preis. Und um den besten bzw. g\u00fcnstigsten Preis zu finden kann Ihnen unser Vergleichsrechner helfen. Hierf\u00fcr m\u00fcssen Sie nur <strong>Ihre Postleizahl und Ihren j\u00e4hrlichen Stromverbrauch<\/strong> angeben und Sie bekommen eine Tarif\u00fcbersicht und eine Auflistung aller Einsparpotenziale. Wenn Sie den f\u00fcr sich besten Tarif gefunden haben, m\u00fcssen Sie nur noch entscheiden, ob Sie einmalig wechseln wollen oder lieber unseren Wechselservice nutzen. Mit dem Wechselservice wechseln Sie <strong>jedes Jahr automatisch in den f\u00fcr Sie besten Tarif.<\/strong><\/p>\n<\/div><\/div>\n\n\n\n<div class=\"wp-block-group\"><div class=\"wp-block-group__inner-container is-layout-constrained wp-block-group-is-layout-constrained\">\n<h2 class=\"wp-block-heading has-wp-black-color has-text-color has-link-color wp-elements-0e9580a19c0dad85b7a7ae6cfc4404e3\">Tarife mit \u00d6kostrom in Hamburg<\/h2>\n\n\n\n<p>Von den \u00fcber 200 Stromtarifen in Hamburg sind ungef\u00e4hr 150 Tarife \u00d6kotarife. Ungef\u00e4hr drei Viertel der Angebote wollen also Strom aus erneuerbaren Energien liefern. Der Anteil an \u00d6kotarifen, bei denen der Anbieter sich auch tats\u00e4chlich am nachhaltigen Ausbau der \u00d6kostromproduktion beteiligt, ist wesentlich niedriger. Hier gibt es nur zwischen 30 und 40 Angeboten. W\u00e4hrend die allgemeine Auffassung von \u00d6kostrom <strong>Strom aus erneuerbaren Energien<\/strong> beschreibt, gibt es keine wirkliche gesetzliche Definition. Meistens wird der Begriff verwendet, um Strom zu beschreiben, der zu mindestens 50 Prozent aus erneuerbaren Energien stammt mit einem Restanteil aus KWK-Anlagen.&nbsp;<\/p>\n<\/div><\/div>\n\n\n\n<div class=\"wp-block-group\"><div class=\"wp-block-group__inner-container is-layout-constrained wp-block-group-is-layout-constrained\">\n<h2 class=\"wp-block-heading has-wp-black-color has-text-color has-link-color wp-elements-e3b6257f37bcaa396a3d8007cc5b0bbe\">Stromtarife in Hamburg vergleichen<\/h2>\n\n\n\n<p>Normalerweise macht es f\u00fcr Haushalte und Verbraucher keinen Unterschied, ob der Strom aus der Steckdose nun aus nachhaltigen oder herk\u00f6mmlichen Quellen stammt. Nicht einmal der Preis zwischen diesen beiden Varianten weist einen signifikanten Unterschied auf. Teilweise sind \u00d6kotarife sogar die <strong>preiswertere Alternative.<\/strong> In beiden F\u00e4llen zahlen Haushalte einen Grundpreis und einen festen Arbeitspreis, der sich w\u00e4hrend der Laufzeit nicht mehr \u00e4ndert. Dynamische Stromtarife bzw. Flextarife bieten dagegen einen dynamischen Strompreis an, der sich am aktuellen B\u00f6rsenstrompreis orientiert. Demnach <strong>variiert der Strompreis st\u00fcndlich <\/strong>und kann zu verschiedenen Tageszeiten h\u00f6her oder niedriger als der durchschnittliche Arbeitspreis f\u00fcr Strom sein. Um einen dynamischen Tarif optimal zu nutzen, sollten Sie Ihren Stromverbrauch schon im Voraus planen k\u00f6nnen, beispielsweise um ein E-Auto zu laden. Solche Tarife haben im ersten Monat oft einen festen Arbeitspreis, der ab dem zweiten Monat st\u00e4ndig aktualisiert wird. Auch bei dynamischen Stromtarifen kann es sich lohnen, regelm\u00e4\u00dfig die Tarife zu vergleichen. Nicht alle Unternehmen geben den Einkaufspreis in gleicher H\u00f6he an die Kunden weiter, sondern verlangen m\u00f6glicherweise noch weitere Aufschl\u00e4ge.&nbsp;&nbsp;<\/p>\n<\/div><\/div>\n","protected":false},"excerpt":{"rendered":"<p>Wieder mal Hamburger Schietwetter und Sie bleiben lieber zu Hause? Da kann die Stromrechnung schnell in die H\u00f6he schie\u00dfen. Vor allem, wenn Sie sich auf den hohen Kosten eines in die Jahre gekommenen Stromvertrags ausruhen. Umso wichtiger, schnell zu einem g\u00fcnstigeren Stromvertrag zu wechseln. Bei knapp 100 Anbietern und mehr als 200 verschiedenen Tarifen ist [&hellip;]<\/p>\n","protected":false},"author":10,"featured_media":0,"parent":0,"menu_order":0,"comment_status":"closed","ping_status":"closed","template":"","meta":{"_acf_changed":false,"inline_featured_image":false,"footnotes":""},"class_list":["post-17434","page","type-page","status-publish","hentry"],"acf":[],"_links":{"self":[{"href":"https:\/\/bild-staging.wechselpilot.com\/strompreisvergleich\/wp-json\/wp\/v2\/pages\/17434","targetHints":{"allow":["GET"]}}],"collection":[{"href":"https:\/\/bild-staging.wechselpilot.com\/strompreisvergleich\/wp-json\/wp\/v2\/pages"}],"about":[{"href":"https:\/\/bild-staging.wechselpilot.com\/strompreisvergleich\/wp-json\/wp\/v2\/types\/page"}],"author":[{"embeddable":true,"href":"https:\/\/bild-staging.wechselpilot.com\/strompreisvergleich\/wp-json\/wp\/v2\/users\/10"}],"replies":[{"embeddable":true,"href":"https:\/\/bild-staging.wechselpilot.com\/strompreisvergleich\/wp-json\/wp\/v2\/comments?post=17434"}],"version-history":[{"count":3,"href":"https:\/\/bild-staging.wechselpilot.com\/strompreisvergleich\/wp-json\/wp\/v2\/pages\/17434\/revisions"}],"predecessor-version":[{"id":18008,"href":"https:\/\/bild-staging.wechselpilot.com\/strompreisvergleich\/wp-json\/wp\/v2\/pages\/17434\/revisions\/18008"}],"wp:attachment":[{"href":"https:\/\/bild-staging.wechselpilot.com\/strompreisvergleich\/wp-json\/wp\/v2\/media?parent=17434"}],"curies":[{"name":"wp","href":"https:\/\/api.w.org\/{rel}","templated":true}]}}