{"id":17421,"date":"2024-06-19T14:27:42","date_gmt":"2024-06-19T12:27:42","guid":{"rendered":"\/strompreisvergleich\/?page_id=17421"},"modified":"2024-09-23T11:15:43","modified_gmt":"2024-09-23T09:15:43","slug":"stromanbieter-in-berlin","status":"publish","type":"page","link":"https:\/\/bild-staging.wechselpilot.com\/strompreisvergleich\/stromanbieter-in-berlin\/","title":{"rendered":"Stromanbieter in Berlin"},"content":{"rendered":"\n<div class=\"wp-block-group\"><div class=\"wp-block-group__inner-container is-layout-constrained wp-block-group-is-layout-constrained\"><!-- HEADLINE: START -->\n<h1 id='berechnen' title='Stromanbieter in Berlin' class=\"wp_headline mb-6 text-black text-xl lg:text-3xl font-heading font-black  text-left \">\n  Stromanbieter in Berlin<\/h1>\n<!-- HEADLINE: END -->\n\n\n<p>Wer in Berlin lebt, kann zwischen <strong>vielen verschiedenen Stromanbietern<\/strong> w\u00e4hlen, um den <strong>g\u00fcnstigsten Preis<\/strong> zu finden. Besonders f\u00fcr Personen, die bisher noch <strong>nie den Stromvertrag gewechselt<\/strong> haben, kann sich ein <strong>Strompreisvergleich <\/strong>lohnen. Dann kann es n\u00e4mlich sein, dass Sie Ihren Strom durch die<strong> teure Grundversorgung<\/strong> beziehen. Ist das der Fall, k\u00f6nnen Sie mit einer Frist von zwei Wochen <a href=\"\/strompreisvergleich\/stromvertrag-kuendigen\/\" data-type=\"page\" data-id=\"17251\">den Stromvertrag k\u00fcndigen<\/a> und zu einem g\u00fcnstigeren Stromanbieter wechseln. Hier erfahren Sie, wie Sie einfach Stromtarife vergleichen!<\/p>\n\n\n\n<div style=\"height:65px\" aria-hidden=\"true\" class=\"wp-block-spacer\"><\/div>\n\n\n\n<p class=\"has-text-align-center\" id=\"ersparnis-berechnen\">Wie viel sparen Sie mit einem Stromwechsel wirklich? Wir berechnen sofort Ihre potenzielle Ersparnis!<\/p>\n\n\n\n<!-- CALCULATOR: Start -->\n<div class=\"relative\">\n\t<div class=\"relative w-full z-20 shadow\" id='wechselpilot-calculator'\n\t\tdata-widget-type='affiliate-advanced'\n\t\tdata-default-view='electricity'\n\t\tdata-filter-modes='electricity,heatpump,nightstorage'\n\t\tdata-environment='staging'\n\t\tdata-branch='staging'\n\t\tdata-api-token='367a33a3-513f-a4b3-048e-de0418e61999'\n\t\tdata-calculator-refid='bildzeitung'\n\t\tdata-green-only='0'\n\t\tdata-commercial-only='0'\n\t\t>\n\t<\/div>\n<\/div><\/div><\/div>\n\n\n\n<div class=\"wp-block-group\"><div class=\"wp-block-group__inner-container is-layout-constrained wp-block-group-is-layout-constrained\">\n<h2 class=\"wp-block-heading has-wp-black-color has-text-color has-link-color wp-elements-11b1739dde64188186b1b77236dffe04\">Stromvergleich in Berlin: Den besten Tarif finden<\/h2>\n\n\n\n<p>Wenn Sie das Gef\u00fchl haben, zu viel f\u00fcr Ihren Strom zu bezahlen, sollten Sie auf jeden Fall einen Strompreisvergleich in Erw\u00e4gung ziehen. Besonders wenn Sie sich schon seit mehreren Jahren auf dem Komfort eines alten Vertrags ausruhen, ist es sehr wahrscheinlich, dass andere Anbieter deutlich bessere Vertr\u00e4ge anbieten. Um den besten Tarif in Berlin herauszufinden, k\u00f6nnen Sie <a href=\"\/strompreisvergleich\/\" data-type=\"page\" data-id=\"13\">unseren Vergleichsrechner<\/a> nutzen. Daf\u00fcr m\u00fcssen Sie nur <strong>Ihre Postleitzahl und Ihren j\u00e4hrlichen Stromverbrauch<\/strong> angeben und schon kann es losgehen. Aus einer Tarif\u00fcbersicht mit den jeweiligen Einsparpotenzialen k\u00f6nnen Sie nun den f\u00fcr Sie attraktivsten Tarif ausw\u00e4hlen. Zum Schluss m\u00fcssen Sie nur noch entscheiden, ob Sie nur einmalig wechseln oder den <strong>j\u00e4hrlichen Wechselservice<\/strong> nutzen wollen, mit dem Sie jedes Jahr automatisch in den besten Tarif wechseln.<\/p>\n<\/div><\/div>\n\n\n\n<div class=\"wp-block-group\"><div class=\"wp-block-group__inner-container is-layout-constrained wp-block-group-is-layout-constrained\">\n<figure class=\"wp-block-image alignwide size-full\"><img loading=\"lazy\" decoding=\"async\" width=\"736\" height=\"475\" src=\"\/strompreisvergleich\/wp-content\/uploads\/Stromanbieter-Berlin.jpg\" alt=\"Ein Bild der Stadt Berlin\" class=\"wp-image-17429\" srcset=\"https:\/\/bild-staging.wechselpilot.com\/strompreisvergleich\/wp-content\/uploads\/Stromanbieter-Berlin.jpg 736w, https:\/\/bild-staging.wechselpilot.com\/strompreisvergleich\/wp-content\/uploads\/Stromanbieter-Berlin-300x194.jpg 300w\" sizes=\"auto, (max-width: 736px) 100vw, 736px\" \/><figcaption class=\"wp-element-caption\">Die Auswahl an Stromanbietern in Berlin ist gro\u00df &#8211; ein j\u00e4hrlicher Wechsel lohnt sich. (Quelle: iStock)<\/figcaption><\/figure>\n<\/div><\/div>\n\n\n\n<div class=\"wp-block-group\"><div class=\"wp-block-group__inner-container is-layout-constrained wp-block-group-is-layout-constrained\">\n<h2 class=\"wp-block-heading has-wp-black-color has-text-color has-link-color wp-elements-0d52d78caf6ed424986730bad6ce7f55\">Vattenfall: Berlins Grundversorger<\/h2>\n\n\n\n<p>In jeder Region Deutschlands gibt es einen Grundversorger, der Haushalte mit Strom versorgt. <strong>Die Grundversorgung tritt automatisch<\/strong> in Kraft, wenn ein Haushalt keinen Strom durch ein Energieunternehmen bezieht \u2013 allerdings fast immer zu h\u00f6heren Preisen. Der Grundversorger beliefert die meisten Haushalte in der jeweiligen Region und wird immer f\u00fcr drei Jahre bestimmt. Der aktuelle Grundversorger f\u00fcr Berlin ist die Vattenfall Europe AG, ein Tochterunternehmen des schwedischen Energiekonzerns Vattenfall. Mit einem Umsatz von etwa 31 Milliarden Euro in 2023 war Vattenfall letztes Jahr das Energieunternehmen mit dem viertgr\u00f6\u00dften Umsatz in Deutschland hinter der EnBW Ag, der E.ON SE und der Uniper SE. Die Stromtarife von Vattenfall au\u00dferhalb der Grundversorgung drehen sich vielfach um \u00d6kostrom. Sie werben bei einigen Tarifen beispielsweise mit einer Stromversorgung aus <strong>100 Prozent erneuerbaren Energien<\/strong>. Andere Basistarife und die Grundversorgung bestehen aus einem Mix aus konventionellen und erneuerbaren Energien. <a href=\"\/strompreisvergleich\/\" data-type=\"page\" data-id=\"13\">Durch einen Preisvergleich k\u00f6nnen Sie herausfinden<\/a>, welcher Tarif und Anbieter am besten zu Ihnen passt.<\/p>\n<\/div><\/div>\n\n\n\n<div class=\"wp-block-group\"><div class=\"wp-block-group__inner-container is-layout-constrained wp-block-group-is-layout-constrained\">\n<h2 class=\"wp-block-heading has-wp-black-color has-text-color has-link-color wp-elements-fde09daa767adc6771ff2f01fdeca900\">\u00d6kostrom in Berlin<\/h2>\n\n\n\n<p>Eigentlich gibt es keine wirkliche Definition daf\u00fcr, was <a href=\"\/strompreisvergleich\/oekostrom\/\" data-type=\"page\" data-id=\"17299\">\u00d6kostrom<\/a> ist. Allgemein nutzt man den Begriff, um Strom aus erneuerbaren Energien zu beschreiben, obwohl es in Deutschland keine gesetzliche Grundlage daf\u00fcr gibt. \u00d6kostrom besteht sehr oft aus einem Strommix aus <strong>mindestens 50 Prozent erneuerbaren Energien<\/strong> und einem Restanteil aus KWK-Anlagen.\u00a0<\/p>\n\n\n\n<p>Das \u00d6kostromangebot in Berlin ist tats\u00e4chlich sehr gro\u00df. Etwa 75 Prozent alle Tarife liefern Strom aus mindestens 50 Prozent erneuerbaren Energien. Bei so einem gro\u00dfen Angebot besteht auch kein gro\u00dfer Preisunterschied mehr zu den herk\u00f6mmlichen Stromtarifen. Teilweise ist \u00d6kostrom sogar preiswerter. Vergleichen Sie <a href=\"#ersparnis-berechnen\">hier<\/a>, ob sich ein Wechsel auf einen \u00d6kostromtarif f\u00fcr Sie lohnt und <a href=\"\/strompreisvergleich\/guenstige-stromanbieter\/\" data-type=\"page\" data-id=\"17262\">wer die g\u00fcnstigsten Stromanbieter sind<\/a>.<\/p>\n<\/div><\/div>\n\n\n\n<div class=\"wp-block-group\"><div class=\"wp-block-group__inner-container is-layout-constrained wp-block-group-is-layout-constrained\">\n<h2 class=\"wp-block-heading has-wp-black-color has-text-color has-link-color wp-elements-e5192bd47b84424ffce9fc6f2273fc5d\">Dynamischer Strompreis in Berlin?<\/h2>\n\n\n\n<p>Egal ob \u00d6kostrom oder nicht, die meisten Vertr\u00e4ge haben einen festen monatlichen Grundpreis und einen Arbeitspreis pro kWh, der w\u00e4hrend der Vertragslaufzeit gleichbleibt. In Berlin gibt es aber auch Stromanbieter, <a href=\"\/strompreisvergleich\/dynamischer-stromtarif\/\" data-type=\"page\" data-id=\"17229\">die einen dynamischen Stromtarif<\/a> bzw. Flextarif anbieten. Bei solchen Vertr\u00e4gen gibt es im ersten Vertragsmonat meistens einen festen Arbeitspreis. Ab dem zweiten Monat richtet sich dieser Preis aber nach dem B\u00f6rsenstrompreis und kann deshalb <strong>st\u00fcndlich variieren<\/strong>. Um so einen Vertrag optimal zu nutzen, sollten Sie Ihren Stromverbrauch idealerweise im Voraus planen k\u00f6nnen, zum Beispiel, wenn Sie wissen, dass Sie zu Zeiten mit niedrigen Preisen ein E-Auto laden wollen.<\/p>\n<\/div><\/div>\n","protected":false},"excerpt":{"rendered":"<p>Wer in Berlin lebt, kann zwischen vielen verschiedenen Stromanbietern w\u00e4hlen, um den g\u00fcnstigsten Preis zu finden. Besonders f\u00fcr Personen, die bisher noch nie den Stromvertrag gewechselt haben, kann sich ein Strompreisvergleich lohnen. Dann kann es n\u00e4mlich sein, dass Sie Ihren Strom durch die teure Grundversorgung beziehen. Ist das der Fall, k\u00f6nnen Sie mit einer Frist [&hellip;]<\/p>\n","protected":false},"author":10,"featured_media":0,"parent":0,"menu_order":0,"comment_status":"closed","ping_status":"closed","template":"","meta":{"_acf_changed":false,"inline_featured_image":false,"footnotes":""},"class_list":["post-17421","page","type-page","status-publish","hentry"],"acf":[],"_links":{"self":[{"href":"https:\/\/bild-staging.wechselpilot.com\/strompreisvergleich\/wp-json\/wp\/v2\/pages\/17421","targetHints":{"allow":["GET"]}}],"collection":[{"href":"https:\/\/bild-staging.wechselpilot.com\/strompreisvergleich\/wp-json\/wp\/v2\/pages"}],"about":[{"href":"https:\/\/bild-staging.wechselpilot.com\/strompreisvergleich\/wp-json\/wp\/v2\/types\/page"}],"author":[{"embeddable":true,"href":"https:\/\/bild-staging.wechselpilot.com\/strompreisvergleich\/wp-json\/wp\/v2\/users\/10"}],"replies":[{"embeddable":true,"href":"https:\/\/bild-staging.wechselpilot.com\/strompreisvergleich\/wp-json\/wp\/v2\/comments?post=17421"}],"version-history":[{"count":7,"href":"https:\/\/bild-staging.wechselpilot.com\/strompreisvergleich\/wp-json\/wp\/v2\/pages\/17421\/revisions"}],"predecessor-version":[{"id":17433,"href":"https:\/\/bild-staging.wechselpilot.com\/strompreisvergleich\/wp-json\/wp\/v2\/pages\/17421\/revisions\/17433"}],"wp:attachment":[{"href":"https:\/\/bild-staging.wechselpilot.com\/strompreisvergleich\/wp-json\/wp\/v2\/media?parent=17421"}],"curies":[{"name":"wp","href":"https:\/\/api.w.org\/{rel}","templated":true}]}}