{"id":17260,"date":"2024-06-05T14:46:13","date_gmt":"2024-06-05T12:46:13","guid":{"rendered":"\/strompreisvergleich\/?page_id=17260"},"modified":"2025-03-12T09:45:35","modified_gmt":"2025-03-12T08:45:35","slug":"strompreisbremse","status":"publish","type":"page","link":"https:\/\/bild-staging.wechselpilot.com\/strompreisvergleich\/strompreisbremse\/","title":{"rendered":"Strompreisbremse"},"content":{"rendered":"\n<div class=\"wp-block-group\"><div class=\"wp-block-group__inner-container is-layout-constrained wp-block-group-is-layout-constrained\"><!-- HEADLINE: START -->\n<h1 id='berechnen' title='Strompreisbremse' class=\"wp_headline mb-6 text-black text-xl lg:text-3xl font-heading font-black  text-left \">\n  Strompreisbremse<\/h1>\n<!-- HEADLINE: END -->\n\n\n<p>Aufgrund rekordverd\u00e4chtiger Strompreise f\u00fchrte die Bundesregierung im Jahr 2023 die <strong>Strompreisbremse<\/strong> ein. Damit galt f\u00fcr den Gro\u00dfteil des Stromverbrauchs ein <strong>Preisdeckel von 40 Cent pro Kilowattstunde (ct\/kWh),<\/strong> \u00e4hnliche Ma\u00dfnahmen wurden ebenso f\u00fcr Gas und Fernw\u00e4rme eingef\u00fchrt.&nbsp;<\/p>\n\n\n\n<p>Mittlerweile hat sich die Preislage aber wieder normalisiert, sodass die Strompreisbremse nicht mehr ben\u00f6tigt wird und mittlerweile dementsprechend ausgelaufen ist. Hier erfahren Sie, wie die Strompreisbremse funktioniert hat, und <strong>wie es jetzt weitergeht.<\/strong>&nbsp;<\/p>\n\n\n\n<div style=\"height:65px\" aria-hidden=\"true\" class=\"wp-block-spacer\"><\/div>\n\n\n\n<p class=\"has-text-align-center\">Wie viel sparen Sie mit einem Stromwechsel wirklich? Wir berechnen sofort Ihre potenzielle Ersparnis!<\/p>\n\n\n\n<!-- CALCULATOR: Start -->\n<div class=\"relative\">\n\t<div class=\"relative w-full z-20 shadow\" id='wechselpilot-calculator'\n\t\tdata-widget-type='affiliate-advanced'\n\t\tdata-default-view='electricity'\n\t\tdata-filter-modes='electricity,heatpump,nightstorage'\n\t\tdata-environment='staging'\n\t\tdata-branch='staging'\n\t\tdata-api-token='367a33a3-513f-a4b3-048e-de0418e61999'\n\t\tdata-calculator-refid='bildzeitung'\n\t\tdata-green-only='0'\n\t\tdata-commercial-only='0'\n\t\t>\n\t<\/div>\n<\/div><\/div><\/div>\n\n\n\n<div class=\"wp-block-group\"><div class=\"wp-block-group__inner-container is-layout-constrained wp-block-group-is-layout-constrained\">\n<h2 class=\"wp-block-heading has-wp-black-color has-text-color has-link-color wp-elements-37809292ddc2b2649e85454bf8bc1171\">Strompreisbremse 2023: Warum war ein Preisdeckel notwendig?<\/h2>\n\n\n\n<p>Viele Jahre lang war der <a href=\"\/strompreisvergleich\/strompreis\/\" data-type=\"page\" data-id=\"17266\">Strompreis<\/a> f\u00fcr Endkunden im internationalen Vergleich zwar \u00fcberaus hoch, aber dennoch konstant. Bis 2021 mussten deutsche Verbraucher im Durchschnitt <strong>ungef\u00e4hr 30 ct\/kWh<\/strong> bezahlen.&nbsp;<\/p>\n\n\n\n<p><a href=\"https:\/\/de.wikipedia.org\/wiki\/Globale_Energiekrise_2021%E2%80%932023\" rel=\"nofollow noopener\" target=\"_blank\">Das \u00e4nderte sich aber 2022 mit der <strong>Energiekrise<\/strong><\/a><strong>:<\/strong> Vor allem durch den Russland-Ukraine-Konflikt stieg der Strompreis in Rekordh\u00f6hen und vervielfachte sich vielerorts sogar. Selbst Werte weit jenseits von 50 ct\/kWh waren keine Seltenheit mehr. F\u00fcr Privatverbraucher eine unzumutbare Kostenbelastung, zumal beim Erdgas dieselbe Entwicklung zu beobachten war.&nbsp;<\/p>\n\n\n\n<p>Schon davor waren die Preise f\u00fcr Strom und Gas anstiegen, dabei handelte es sich aber nur um einen allm\u00e4hlichen Zuwachs, der nicht mit der <strong>Kostenexplosion im Jahr 2022<\/strong> zu vergleichen ist. Ursache daf\u00fcr war vor allem die Rolle Russlands als haupts\u00e4chlicher Gasexporteur f\u00fcr den europ\u00e4ischen und somit auch deutschen Markt. Durch den Krieg mit der Ukraine kamen Sorgen \u00fcber die Versorgungssicherheit mit Erdgas auf. Diese \u00c4ngste verst\u00e4rkten sich noch weiter, als Russland den Gashahn Mitte 2022 g\u00e4nzlich zudrehte.&nbsp;<\/p>\n\n\n\n<p>Dadurch wurde Erdgas pl\u00f6tzlich zum knapp bemessenen Gut, die Gaspreise auf dem Gro\u00dfmarkt stiegen als Reaktion zwischen 2022 und 2023 in astronomische H\u00f6hen. Das wiederum beeinflusste den Strompreis, denn ein betr\u00e4chtlicher Teil unseres Stroms wird durch Gaskraftwerke erzeugt. Somit lie\u00dfen sich auch f\u00fcr Strom <strong>Rekordpreise<\/strong> verzeichnen.&nbsp;<\/p>\n\n\n\n<p>Da Versorgungsunternehmen ihre Energie zumeist nicht selbst produzieren, sondern schlichtweg auf dem Gro\u00dfmarkt einkaufen, hatten sie mit deutlich erh\u00f6hten Beschaffungskosten zu k\u00e4mpfen. F\u00fcr Haushalte bedeutete das: <strong>Energie war vor allem 2023 so teuer wie noch nie.<\/strong>&nbsp;<\/p>\n\n\n\n<p>Millionen Verbraucher mussten j\u00e4hrlich auf einmal viele hunderte Euro zus\u00e4tzlich f\u00fcr ihre Energie bezahlen. Um dem entgegenzuwirken, entschloss sich die Bundesregierung 2023 schlie\u00dflich f\u00fcr die Einf\u00fchrung einer <strong>Strompreisbremse.<\/strong> Hinzu kam eine Gaspreisbremse sowie eine Fernw\u00e4rmepreisbremse.<\/p>\n<\/div><\/div>\n\n\n\n<div class=\"wp-block-group\"><div class=\"wp-block-group__inner-container is-layout-constrained wp-block-group-is-layout-constrained\">\n<figure class=\"wp-block-image size-large\"><img loading=\"lazy\" decoding=\"async\" width=\"1024\" height=\"576\" src=\"\/strompreisvergleich\/wp-content\/uploads\/Strompreisbremse-1-1024x576.jpg\" alt=\"\" class=\"wp-image-17417\" srcset=\"https:\/\/bild-staging.wechselpilot.com\/strompreisvergleich\/wp-content\/uploads\/Strompreisbremse-1-1024x576.jpg 1024w, https:\/\/bild-staging.wechselpilot.com\/strompreisvergleich\/wp-content\/uploads\/Strompreisbremse-1-300x169.jpg 300w, https:\/\/bild-staging.wechselpilot.com\/strompreisvergleich\/wp-content\/uploads\/Strompreisbremse-1-768x432.jpg 768w, https:\/\/bild-staging.wechselpilot.com\/strompreisvergleich\/wp-content\/uploads\/Strompreisbremse-1.jpg 1365w\" sizes=\"auto, (max-width: 1024px) 100vw, 1024px\" \/><figcaption class=\"wp-element-caption\">Mit der Strompreisbremse sollten Verbraucher w\u00e4hrend der Energiekrise vor zu hohen Strompreisen gesch\u00fctzt werden. (Quelle: iStock)<\/figcaption><\/figure>\n<\/div><\/div>\n\n\n\n<div class=\"wp-block-group\"><div class=\"wp-block-group__inner-container is-layout-constrained wp-block-group-is-layout-constrained\">\n<h2 class=\"wp-block-heading has-wp-black-color has-text-color has-link-color wp-elements-a050114040c79ed72c848dd732a039b5\">Wie funktioniert die Strompreisbremse? Alles zur H\u00f6he der Entlastungen<\/h2>\n\n\n\n<p>Bei der <strong>Strompreisbremse (auch: Strompreisdeckel)<\/strong> handelte es sich um eine anteilige Preisgrenze. Sie wurde am 01. M\u00e4rz 2023 eingef\u00fchrt und galt r\u00fcckwirkend ab Januar 2023.&nbsp;<\/p>\n\n\n\n<p>Daf\u00fcr wurde ein Kontingent in H\u00f6he von 80 Prozent des erwarteten Jahresverbrauchs festgelegt. Dieser erwartete Jahresverbrauch richtete sich normalerweise nach dem Gesamtverbrauch aus dem Vorjahr, also aus dem Jahr 2022. <strong>F\u00fcr diese 80 Prozent galt dann ein maximaler Arbeitspreis von 40 ct\/kWh, w\u00e4hrend f\u00fcr die restlichen 20 Prozent die \u00fcblichen Marktpreise bezahlt werden mussten.<\/strong><\/p>\n\n\n\n<p>Nicht ohne Zufall wurde nicht der gesamte Stromverbrauch durch staatliche Subventionierung gedeckelt, denn mit diesem Modell wurden weiterhin <strong>Anreize zum Stromsparen<\/strong> gesetzt. Die Marktpreise lagen zu diesem Zeitpunkt noch deutlich \u00fcber der 40 Cent-Schwelle: Somit gab es f\u00fcr Haushalte die Motivation, den Gesamtjahresverbrauch unterhalb der 80-Prozent-Marke des Vorjahres zu halten, um nur den deutlich geringeren Preis der Strompreisbremse zahlen zu m\u00fcssen.&nbsp;<\/p>\n\n\n\n<p>Die Funktionsweise der Strompreisbremse l\u00e4sst sich leicht anhand eines simplen <strong>Rechenbeispiels<\/strong> erkl\u00e4ren: Angenommen, ein Musterhaushalt verbrauchte im Jahr 2022 insgesamt 2.000 kWh. Somit wurde auch f\u00fcr das Jahr 2023 ein Gesamtverbrauch von 2.000 kWh angenommen. Hiervon fielen dann ein 80-prozentiges Kontingent unter die Preisbremse, in diesem Fall 1.600 kWh. Der Arbeitspreis f\u00fcr die ersten 1.600 verbrauchten Kilowattstunden lag dann h\u00f6chstens bei 40 ct\/kWh \u2013 f\u00fcr jede weitere verbrauchte Kilowattstunde wurde hingegen der regul\u00e4re Marktpreis berechnet.\u00a0<\/p>\n\n\n\n<p>Die Strompreisbremse galt nur f\u00fcr <strong>Privathaushalte<\/strong> sowie f\u00fcr kleine Unternehmen mit einem Jahresverbrauch von maximal 30.000 kWh. F\u00fcr Industriekunden mit einem h\u00f6heren Stromverbrauch wurden eigene Regeln eingef\u00fchrt.<\/p>\n<\/div><\/div>\n\n\n\n<div class=\"wp-block-group\"><div class=\"wp-block-group__inner-container is-layout-constrained wp-block-group-is-layout-constrained\">\n<h3 class=\"wp-block-heading has-wp-black-color has-text-color has-link-color wp-elements-666c4d1c3fb2a52eacd8edc937d6ad1a\">Gaspreisbremse 2023<\/h3>\n\n\n\n<p>Eine Preisbremse gab es nicht nur f\u00fcr Strom, sondern gleicherma\u00dfen f\u00fcr Erdgas und Fernw\u00e4rme. F\u00fcr Privathaushalte und kleine Unternehmen mit einem Gasverbrauch von maximal 1,5 Mio. kWh lag der <strong>Preisdeckel bei 12 ct\/kWh (Erdgas) bzw. 9,5 ct\/kWh (Fernw\u00e4rme)<\/strong> \u2013 auch hier galt dieses Maximum lediglich f\u00fcr ein Kontingent in H\u00f6he von 80 Prozent des erwarteten Verbrauchs.<\/p>\n<\/div><\/div>\n\n\n\n<div class=\"wp-block-group\"><div class=\"wp-block-group__inner-container is-layout-constrained wp-block-group-is-layout-constrained\">\n<h3 class=\"wp-block-heading has-wp-black-color has-text-color has-link-color wp-elements-01c7abad17bc09256afd6984d722c3da\">Strompreisbremse f\u00fcr W\u00e4rmepumpe<\/h3>\n\n\n\n<p><strong>W\u00e4rmepumpen<\/strong> stellten einen Sonderfall dar. F\u00fcr <strong>Heizstrom<\/strong> gibt es immer eigene Tarife \u2013 die Preise sind dabei aufgrund der hohen Verbrauchsmenge aber deutlich niedriger als bei einem normalen Stromtarif. Die regul\u00e4re Strompreisbremse war f\u00fcr W\u00e4rmepumpen daher wirkungslos. Aus diesem Grund wurde <strong>f\u00fcr W\u00e4rmepumpen nachtr\u00e4glich ein Preisdeckel von 28 ct\/kWh definiert.<\/strong><\/p>\n<\/div><\/div>\n\n\n\n<div class=\"wp-block-group\"><div class=\"wp-block-group__inner-container is-layout-constrained wp-block-group-is-layout-constrained\">\n<h2 class=\"wp-block-heading has-wp-black-color has-text-color has-link-color wp-elements-6dff31a0443df25527996b970afa3a00\">Strompreisbremse: Wie lange gilt sie noch?<\/h2>\n\n\n\n<p>Die Strompreisbremse ist \u2013 wie auch die Preisbremse f\u00fcr Erdgas und Fernw\u00e4rme \u2013 zum 31. Dezember 2023 ausgelaufen.<strong> Sie ist also<\/strong> <strong>nicht mehr aktiv. <\/strong>Der Grund daf\u00fcr ist simpel: Die Strompreisbremse wird nicht mehr ben\u00f6tigt. Mittlerweile ist der Strompreis wieder deutlich unter die 40-Cent-Marke gesunken und liegt inzwischen wieder deutlich unter der Preisbremse.&nbsp;<\/p>\n\n\n\n<p>Die Normalisierung der Marktlage ist vor allem auch darauf zur\u00fcckzuf\u00fchren, dass sich die \u00c4ngste \u00fcber eine fehlende Versorgungssicherheit nicht bewahrheitet haben. Auch wenn Russland weiterhin als Gaslieferant ausf\u00e4llt, so sind andere L\u00e4nder in die Bresche gesprungen. Insbesondere Norwegen, Belgien und die Niederlande. Hinzu kommt importiertes Fl\u00fcssigerdgas (LNG).&nbsp;<\/p>\n\n\n\n<p>\u00dcberaus wichtig: Als Reaktion auf die Energiekrise wurde au\u00dferdem der Ausbau erneuerbarer Energien weiter vorangetrieben. Die M\u00fchen beim Energiesparen taten ihr \u00dcbriges: Die heimischen Gasspeicher blieben 2023 stets gut gef\u00fcllt, wodurch die Energiepreise allm\u00e4hlich wieder auf Vorkrisenniveau sanken. Angesichts dieser erfreulichen Entwicklung <strong>verzichtete die Bundesregierung darauf, die Strompreisbremse \u00fcber das Jahr 2023 hinweg zu verl\u00e4ngern.<\/strong><\/p>\n<\/div><\/div>\n\n\n\n<div class=\"wp-block-group\"><div class=\"wp-block-group__inner-container is-layout-constrained wp-block-group-is-layout-constrained\">\n<h3 class=\"wp-block-heading has-wp-black-color has-text-color has-link-color wp-elements-be91f1f9a0e1e7b795a552aa8f410a3c\">Ende der Energiepreisbremse \u2013 was nun?<\/h3>\n\n\n\n<p><strong>Die Preise f\u00fcr Strom sind mittlerweile mit Vorkrisenzeiten vergleichbar.<\/strong> Vielerorts gibt es Neukundentarife mit einem Strompreis von unter 30 ct\/kWh. Die Strompreisbremse hat also vorerst ausgedient, Verbraucher k\u00f6nnen beruhigt aufatmen.&nbsp;<\/p>\n\n\n\n<p>Das hei\u00dft aber nicht, <strong>dass Sie nicht trotzdem zu viel f\u00fcr Strom zahlen!<\/strong> Etliche Energiekunden zahlen noch immer Preise, welche deutlich h\u00f6her sind als aktuelle Tarifalternativen und die ver\u00e4nderte Marktsituation daher nicht widerspiegeln. Hier hilft nur eines: <strong><a href=\"\/strompreisvergleich\/\" data-type=\"page\" data-id=\"13\">Wechseln Sie jetzt den Stromvertrag<\/a>!<\/strong>&nbsp;&nbsp;<\/p>\n\n\n\n<p>Mit einem neuen Stromanbieter lassen sich zurzeit oftmals hunderte Euro pro Jahr einsparen. Wer unt\u00e4tig bleibt, verschenkt viel Geld. Durch einen Strompreisvergleich bei einem Vergleichsportal oder Wechseldienst k\u00f6nnen Sie in wenigen Minuten herausfinden, ob es an Ihrem Wohnort einen preiswerteren Stromtarif gibt. <strong><a href=\"\/strompreisvergleich\/stromanbieter-wechseln\/\" data-type=\"page\" data-id=\"17255\">Ein Anbieterwechsel<\/a> nimmt dann nur wenige Minuten in Anspruch<\/strong> \u2013 schon mit einer kleinen Zeitinvestition k\u00f6nnen Sie also Ihren Geldbeutel deutlich entlasten.<\/p>\n<\/div><\/div>\n\n\n\n<div class=\"wp-block-group\"><div class=\"wp-block-group__inner-container is-layout-constrained wp-block-group-is-layout-constrained\">\n<h2 class=\"wp-block-heading\">Weitere Fragen zum Thema Strompreisbremse<\/h2>\n\n\n<style>#sp-ea-17757 .spcollapsing { height: 0; overflow: hidden; transition-property: height;transition-duration: 300ms;}#sp-ea-17757.sp-easy-accordion>.sp-ea-single {margin-bottom: 10px; border: 1px solid #e2e2e2; }#sp-ea-17757.sp-easy-accordion>.sp-ea-single>.ea-header a {color: #444;}#sp-ea-17757.sp-easy-accordion>.sp-ea-single>.sp-collapse>.ea-body {background: #fff; color: #444;}#sp-ea-17757.sp-easy-accordion>.sp-ea-single {background: #eee;}#sp-ea-17757.sp-easy-accordion>.sp-ea-single>.ea-header a .ea-expand-icon { float: left; color: #444;font-size: 16px;}<\/style><div id=\"sp_easy_accordion-1729593569\"><div id=\"sp-ea-17757\" class=\"sp-ea-one sp-easy-accordion\" data-ea-active=\"ea-click\" data-ea-mode=\"vertical\" data-preloader=\"\" data-scroll-active-item=\"\" data-offset-to-scroll=\"0\"><div class=\"ea-card sp-ea-single\"><h3 class=\"ea-header\"><a class=\"collapsed\" id=\"ea-header-177570\" role=\"button\" data-sptoggle=\"spcollapse\" data-sptarget=\"#collapse177570\" aria-controls=\"collapse177570\" href=\"#\" aria-expanded=\"false\" tabindex=\"0\"><i aria-hidden=\"true\" role=\"presentation\" class=\"ea-expand-icon eap-icon-ea-expand-plus\"><\/i> Entlastet die Strompreisbremse auch Kunden, deren Arbeitspreis unter 40 Cent pro Kilowattstunde liegt? <\/a><\/h3><div class=\"sp-collapse spcollapse spcollapse\" id=\"collapse177570\" data-parent=\"#sp-ea-17757\" role=\"region\" aria-labelledby=\"ea-header-177570\"> <div class=\"ea-body\"><p><span class=\"TextRun SCXW100408704 BCX0\" lang=\"DE-DE\" xml:lang=\"DE-DE\" data-contrast=\"auto\"><span class=\"NormalTextRun SCXW100408704 BCX0\">Nein. Die Strompreisbremse<\/span><span class=\"NormalTextRun SCXW100408704 BCX0\"> stellte <\/span><span class=\"NormalTextRun SCXW100408704 BCX0\">f\u00fcr Verbraucher <\/span><span class=\"NormalTextRun SCXW100408704 BCX0\">einen <strong>Preisdeckel von 40 Cent pro Kilowattstunde<\/strong> dar<\/span><span class=\"NormalTextRun SCXW100408704 BCX0\">. Das bedeutet, erst bei Preisen jenseits von 40 Cent pro kWh<\/span><span class=\"NormalTextRun SCXW100408704 BCX0\"> konnten Haushalte von den Entlastungen der Strompreisbremse profitieren. Haushalte, die weniger als 40 Cent pro kWh zahlten, waren nicht betroffen.<\/span><\/span><span class=\"EOP SCXW100408704 BCX0\" data-ccp-props=\"{}\">\u00a0<\/span><\/p><\/div><\/div><\/div><div class=\"ea-card sp-ea-single\"><h3 class=\"ea-header\"><a class=\"collapsed\" id=\"ea-header-177571\" role=\"button\" data-sptoggle=\"spcollapse\" data-sptarget=\"#collapse177571\" aria-controls=\"collapse177571\" href=\"#\" aria-expanded=\"false\" tabindex=\"0\"><i aria-hidden=\"true\" role=\"presentation\" class=\"ea-expand-icon eap-icon-ea-expand-plus\"><\/i> Beeinflusst die Strompreisbremse meinen monatlichen Abschlag? <\/a><\/h3><div class=\"sp-collapse spcollapse spcollapse\" id=\"collapse177571\" data-parent=\"#sp-ea-17757\" role=\"region\" aria-labelledby=\"ea-header-177571\"> <div class=\"ea-body\"><p><span class=\"TextRun SCXW142358327 BCX0\" lang=\"DE-DE\" xml:lang=\"DE-DE\" data-contrast=\"auto\"><span class=\"NormalTextRun SCXW142358327 BCX0\">Ja. <\/span><span class=\"NormalTextRun SCXW142358327 BCX0\">Durch die Strompreisbremse hat der Staat <\/span><span class=\"NormalTextRun SCXW142358327 BCX0\">die Stromkosten \u00fcber 40 Cent pro kWh anteilig \u00fcbernommen. Dadurch fiel auch der <strong>monatliche Abschlag geringer<\/strong> aus, als er es normalerweise getan h\u00e4tte.<\/span><\/span><span class=\"EOP SCXW142358327 BCX0\" data-ccp-props=\"{}\">\u00a0<\/span><\/p><\/div><\/div><\/div><div class=\"ea-card sp-ea-single\"><h3 class=\"ea-header\"><a class=\"collapsed\" id=\"ea-header-177572\" role=\"button\" data-sptoggle=\"spcollapse\" data-sptarget=\"#collapse177572\" aria-controls=\"collapse177572\" href=\"#\" aria-expanded=\"false\" tabindex=\"0\"><i aria-hidden=\"true\" role=\"presentation\" class=\"ea-expand-icon eap-icon-ea-expand-plus\"><\/i> Was bedeutet es, wenn der tats\u00e4chliche Verbrauch vom prognostizierten Verbrauch zur Berechnung der Strompreisbremse abweicht? <\/a><\/h3><div class=\"sp-collapse spcollapse spcollapse\" id=\"collapse177572\" data-parent=\"#sp-ea-17757\" role=\"region\" aria-labelledby=\"ea-header-177572\"> <div class=\"ea-body\"><p><span class=\"TextRun SCXW16362426 BCX0\" lang=\"DE-DE\" xml:lang=\"DE-DE\" data-contrast=\"auto\"><span class=\"NormalTextRun SCXW16362426 BCX0\">Die Strompreisbremse deckelte den Strompreis <\/span><span class=\"NormalTextRun SCXW16362426 BCX0\">nur f\u00fcr 80 Prozent des Vorjahresverbrauchs<\/span><span class=\"NormalTextRun SCXW16362426 BCX0\"> auf 40 Cent pro kWh<\/span><span class=\"NormalTextRun SCXW16362426 BCX0\">. <\/span><span class=\"NormalTextRun SCXW16362426 BCX0\">Das sollte auch ein Anreiz <\/span><span class=\"NormalTextRun SCXW16362426 BCX0\">daf\u00fcr <\/span><span class=\"NormalTextRun SCXW16362426 BCX0\">sein,<\/span><span class=\"NormalTextRun SCXW16362426 BCX0\"> mehr Strom zu sparen<\/span><span class=\"NormalTextRun SCXW16362426 BCX0\">. <\/span><span class=\"NormalTextRun SCXW16362426 BCX0\">Lag der Verbrauch im Folgejahr also bei weniger als 80 Prozent des Vorjahresverbrauchs, zahlten Haushalte <strong>f\u00fcr den gesamten Stromverbrauch maximal 40 Cent pro kWh.<\/strong> Wer dagegen mehr verbrauchte, musste einen h\u00f6heren Eigenanteil zahlen.<\/span><\/span><span class=\"EOP SCXW16362426 BCX0\" data-ccp-props=\"{}\">\u00a0<\/span><\/p><\/div><\/div><\/div><\/div><\/div>\n<\/div><\/div>\n","protected":false},"excerpt":{"rendered":"<p>Aufgrund rekordverd\u00e4chtiger Strompreise f\u00fchrte die Bundesregierung im Jahr 2023 die Strompreisbremse ein. Damit galt f\u00fcr den Gro\u00dfteil des Stromverbrauchs ein Preisdeckel von 40 Cent pro Kilowattstunde (ct\/kWh), \u00e4hnliche Ma\u00dfnahmen wurden ebenso f\u00fcr Gas und Fernw\u00e4rme eingef\u00fchrt.&nbsp; Mittlerweile hat sich die Preislage aber wieder normalisiert, sodass die Strompreisbremse nicht mehr ben\u00f6tigt wird und mittlerweile dementsprechend ausgelaufen [&hellip;]<\/p>\n","protected":false},"author":10,"featured_media":0,"parent":0,"menu_order":0,"comment_status":"closed","ping_status":"closed","template":"","meta":{"_acf_changed":false,"inline_featured_image":false,"footnotes":""},"class_list":["post-17260","page","type-page","status-publish","hentry"],"acf":[],"_links":{"self":[{"href":"https:\/\/bild-staging.wechselpilot.com\/strompreisvergleich\/wp-json\/wp\/v2\/pages\/17260","targetHints":{"allow":["GET"]}}],"collection":[{"href":"https:\/\/bild-staging.wechselpilot.com\/strompreisvergleich\/wp-json\/wp\/v2\/pages"}],"about":[{"href":"https:\/\/bild-staging.wechselpilot.com\/strompreisvergleich\/wp-json\/wp\/v2\/types\/page"}],"author":[{"embeddable":true,"href":"https:\/\/bild-staging.wechselpilot.com\/strompreisvergleich\/wp-json\/wp\/v2\/users\/10"}],"replies":[{"embeddable":true,"href":"https:\/\/bild-staging.wechselpilot.com\/strompreisvergleich\/wp-json\/wp\/v2\/comments?post=17260"}],"version-history":[{"count":7,"href":"https:\/\/bild-staging.wechselpilot.com\/strompreisvergleich\/wp-json\/wp\/v2\/pages\/17260\/revisions"}],"predecessor-version":[{"id":17936,"href":"https:\/\/bild-staging.wechselpilot.com\/strompreisvergleich\/wp-json\/wp\/v2\/pages\/17260\/revisions\/17936"}],"wp:attachment":[{"href":"https:\/\/bild-staging.wechselpilot.com\/strompreisvergleich\/wp-json\/wp\/v2\/media?parent=17260"}],"curies":[{"name":"wp","href":"https:\/\/api.w.org\/{rel}","templated":true}]}}